{"id":2621,"date":"2026-03-31T18:25:46","date_gmt":"2026-03-31T16:25:46","guid":{"rendered":"https:\/\/clasclas.com\/?page_id=2621"},"modified":"2026-03-31T18:30:20","modified_gmt":"2026-03-31T16:30:20","slug":"matinee-zoar","status":"publish","type":"page","link":"https:\/\/clasclas.com\/gl\/artistas-2025\/matinee-zoar\/","title":{"rendered":"Matin\u00e9e | Zoar"},"content":{"rendered":"\t\t<div data-elementor-type=\"wp-page\" data-elementor-id=\"2621\" class=\"elementor elementor-2621\" data-elementor-post-type=\"page\">\n\t\t\t\t<div class=\"elementor-element elementor-element-3a644c8 e-flex e-con-boxed e-con e-parent\" data-id=\"3a644c8\" data-element_type=\"container\">\n\t\t\t\t\t<div class=\"e-con-inner\">\n\t\t\t\t<div class=\"elementor-element elementor-element-587291f elementor-widget elementor-widget-image\" data-id=\"587291f\" data-element_type=\"widget\" data-widget_type=\"image.default\">\n\t\t\t\t\t\t\t\t\t\t\t\t\t\t\t\t<a href=\"https:\/\/clasclas.com\/wp-content\/uploads\/2026\/03\/11_Zoar_matinee-1-scaled.jpg\" data-elementor-open-lightbox=\"yes\" data-e-action-hash=\"#elementor-action%3Aaction%3Dlightbox%26settings%3DeyJpZCI6MjUwOCwidXJsIjoiaHR0cHM6XC9cL2NsYXNjbGFzLmNvbVwvd3AtY29udGVudFwvdXBsb2Fkc1wvMjAyNlwvMDNcLzExX1pvYXJfbWF0aW5lZS0xLXNjYWxlZC5qcGcifQ%3D%3D\">\n\t\t\t\t\t\t\t<img fetchpriority=\"high\" decoding=\"async\" width=\"2560\" height=\"523\" src=\"https:\/\/clasclas.com\/wp-content\/uploads\/2026\/03\/11_Zoar_matinee-1-scaled.jpg\" class=\"attachment-full size-full wp-image-2508\" alt=\"\" srcset=\"https:\/\/clasclas.com\/wp-content\/uploads\/2026\/03\/11_Zoar_matinee-1-scaled.jpg 2560w, https:\/\/clasclas.com\/wp-content\/uploads\/2026\/03\/11_Zoar_matinee-1-300x61.jpg 300w, https:\/\/clasclas.com\/wp-content\/uploads\/2026\/03\/11_Zoar_matinee-1-1024x209.jpg 1024w, https:\/\/clasclas.com\/wp-content\/uploads\/2026\/03\/11_Zoar_matinee-1-768x157.jpg 768w, https:\/\/clasclas.com\/wp-content\/uploads\/2026\/03\/11_Zoar_matinee-1-1536x314.jpg 1536w, https:\/\/clasclas.com\/wp-content\/uploads\/2026\/03\/11_Zoar_matinee-1-2048x418.jpg 2048w\" sizes=\"(max-width: 2560px) 100vw, 2560px\" \/>\t\t\t\t\t\t\t\t<\/a>\n\t\t\t\t\t\t\t\t\t\t\t\t\t\t\t<\/div>\n\t\t\t\t\t<\/div>\n\t\t\t\t<\/div>\n\t\t<div class=\"elementor-element elementor-element-53fd57b container-padding e-flex e-con-boxed e-con e-parent\" data-id=\"53fd57b\" data-element_type=\"container\" data-settings=\"{&quot;background_background&quot;:&quot;gradient&quot;}\">\n\t\t\t\t\t<div class=\"e-con-inner\">\n\t\t\t\t<div class=\"elementor-element elementor-element-e692657 elementor-align-justify btn-big elementor-widget elementor-widget-button\" data-id=\"e692657\" data-element_type=\"widget\" data-widget_type=\"button.default\">\n\t\t\t\t\t\t\t\t\t\t<a class=\"elementor-button elementor-button-link elementor-size-sm\" href=\"https:\/\/clasclas.com\/gl\/entradas\/\">\n\t\t\t\t\t\t<span class=\"elementor-button-content-wrapper\">\n\t\t\t\t\t\t\t\t\t<span class=\"elementor-button-text\">Entradas<\/span>\n\t\t\t\t\t<\/span>\n\t\t\t\t\t<\/a>\n\t\t\t\t\t\t\t\t<\/div>\n\t\t\t\t\t<\/div>\n\t\t\t\t<\/div>\n\t\t<div class=\"elementor-element elementor-element-f3ddae3 container-padding artista-contenido e-flex e-con-boxed e-con e-parent\" data-id=\"f3ddae3\" data-element_type=\"container\">\n\t\t\t\t\t<div class=\"e-con-inner\">\n\t\t<div class=\"elementor-element elementor-element-cd55797 e-con-full cc-sidebar e-flex e-con e-child\" data-id=\"cd55797\" data-element_type=\"container\">\n\t\t<div class=\"elementor-element elementor-element-cea287f e-con-full cc-sidebar-inner e-flex e-con e-child\" data-id=\"cea287f\" data-element_type=\"container\" data-settings=\"{&quot;sticky&quot;:&quot;top&quot;,&quot;sticky_offset&quot;:48,&quot;sticky_parent&quot;:&quot;yes&quot;,&quot;sticky_on&quot;:[&quot;desktop&quot;,&quot;tablet&quot;,&quot;mobile&quot;],&quot;sticky_effects_offset&quot;:0,&quot;sticky_anchor_link_offset&quot;:0}\">\n\t\t\t\t<div class=\"elementor-element elementor-element-3488003 elementor-align-left elementor-widget elementor-widget-button\" data-id=\"3488003\" data-element_type=\"widget\" data-widget_type=\"button.default\">\n\t\t\t\t\t\t\t\t\t\t<a class=\"elementor-button elementor-button-link elementor-size-sm\" href=\"https:\/\/clasclas.com\/gl\/edicion-2025\/\" target=\"_blank\">\n\t\t\t\t\t\t<span class=\"elementor-button-content-wrapper\">\n\t\t\t\t\t\t\t\t\t<span class=\"elementor-button-text\">clascl\u00e1s 2026<\/span>\n\t\t\t\t\t<\/span>\n\t\t\t\t\t<\/a>\n\t\t\t\t\t\t\t\t<\/div>\n\t\t\t\t<\/div>\n\t\t\t\t<\/div>\n\t\t<div class=\"elementor-element elementor-element-602af06 e-con-full e-flex e-con e-child\" data-id=\"602af06\" data-element_type=\"container\">\n\t\t<div class=\"elementor-element elementor-element-c603eda e-con-full e-flex e-con e-child\" data-id=\"c603eda\" data-element_type=\"container\">\n\t\t\t\t<div class=\"elementor-element elementor-element-366abbd elementor-widget elementor-widget-heading\" data-id=\"366abbd\" data-element_type=\"widget\" data-widget_type=\"heading.default\">\n\t\t\t\t\t<h1 class=\"elementor-heading-title elementor-size-default\">Zoar [Quinteto de Vento] | clascl\u00e1s matin\u00e9e<\/h1>\t\t\t\t<\/div>\n\t\t\t\t<div class=\"elementor-element elementor-element-5457e58 elementor-icon-list--layout-inline evento-detalles elementor-list-item-link-full_width elementor-widget elementor-widget-icon-list\" data-id=\"5457e58\" data-element_type=\"widget\" data-widget_type=\"icon-list.default\">\n\t\t\t\t\t\t\t<ul class=\"elementor-icon-list-items elementor-inline-items\">\n\t\t\t\t\t\t\t<li class=\"elementor-icon-list-item elementor-inline-item\">\n\t\t\t\t\t\t\t\t\t\t\t<span class=\"elementor-icon-list-icon\">\n\t\t\t\t\t\t\t<svg aria-hidden=\"true\" class=\"e-font-icon-svg e-fas-calendar-alt\" viewBox=\"0 0 448 512\" xmlns=\"http:\/\/www.w3.org\/2000\/svg\"><path d=\"M0 464c0 26.5 21.5 48 48 48h352c26.5 0 48-21.5 48-48V192H0v272zm320-196c0-6.6 5.4-12 12-12h40c6.6 0 12 5.4 12 12v40c0 6.6-5.4 12-12 12h-40c-6.6 0-12-5.4-12-12v-40zm0 128c0-6.6 5.4-12 12-12h40c6.6 0 12 5.4 12 12v40c0 6.6-5.4 12-12 12h-40c-6.6 0-12-5.4-12-12v-40zM192 268c0-6.6 5.4-12 12-12h40c6.6 0 12 5.4 12 12v40c0 6.6-5.4 12-12 12h-40c-6.6 0-12-5.4-12-12v-40zm0 128c0-6.6 5.4-12 12-12h40c6.6 0 12 5.4 12 12v40c0 6.6-5.4 12-12 12h-40c-6.6 0-12-5.4-12-12v-40zM64 268c0-6.6 5.4-12 12-12h40c6.6 0 12 5.4 12 12v40c0 6.6-5.4 12-12 12H76c-6.6 0-12-5.4-12-12v-40zm0 128c0-6.6 5.4-12 12-12h40c6.6 0 12 5.4 12 12v40c0 6.6-5.4 12-12 12H76c-6.6 0-12-5.4-12-12v-40zM400 64h-48V16c0-8.8-7.2-16-16-16h-32c-8.8 0-16 7.2-16 16v48H160V16c0-8.8-7.2-16-16-16h-32c-8.8 0-16 7.2-16 16v48H48C21.5 64 0 85.5 0 112v48h448v-48c0-26.5-21.5-48-48-48z\"><\/path><\/svg>\t\t\t\t\t\t<\/span>\n\t\t\t\t\t\t\t\t\t\t<span class=\"elementor-icon-list-text\">S\u00e1bado 27 Xu\u00f1o<\/span>\n\t\t\t\t\t\t\t\t\t<\/li>\n\t\t\t\t\t\t\t\t<li class=\"elementor-icon-list-item elementor-inline-item\">\n\t\t\t\t\t\t\t\t\t\t\t<span class=\"elementor-icon-list-icon\">\n\t\t\t\t\t\t\t<svg aria-hidden=\"true\" class=\"e-font-icon-svg e-fas-clock\" viewBox=\"0 0 512 512\" xmlns=\"http:\/\/www.w3.org\/2000\/svg\"><path d=\"M256,8C119,8,8,119,8,256S119,504,256,504,504,393,504,256,393,8,256,8Zm92.49,313h0l-20,25a16,16,0,0,1-22.49,2.5h0l-67-49.72a40,40,0,0,1-15-31.23V112a16,16,0,0,1,16-16h32a16,16,0,0,1,16,16V256l58,42.5A16,16,0,0,1,348.49,321Z\"><\/path><\/svg>\t\t\t\t\t\t<\/span>\n\t\t\t\t\t\t\t\t\t\t<span class=\"elementor-icon-list-text\">12:00<\/span>\n\t\t\t\t\t\t\t\t\t<\/li>\n\t\t\t\t\t\t\t\t<li class=\"elementor-icon-list-item elementor-inline-item\">\n\t\t\t\t\t\t\t\t\t\t\t<span class=\"elementor-icon-list-icon\">\n\t\t\t\t\t\t\t<svg aria-hidden=\"true\" class=\"e-font-icon-svg e-fas-map-marker-alt\" viewBox=\"0 0 384 512\" xmlns=\"http:\/\/www.w3.org\/2000\/svg\"><path d=\"M172.268 501.67C26.97 291.031 0 269.413 0 192 0 85.961 85.961 0 192 0s192 85.961 192 192c0 77.413-26.97 99.031-172.268 309.67-9.535 13.774-29.93 13.773-39.464 0zM192 272c44.183 0 80-35.817 80-80s-35.817-80-80-80-80 35.817-80 80 35.817 80 80 80z\"><\/path><\/svg>\t\t\t\t\t\t<\/span>\n\t\t\t\t\t\t\t\t\t\t<span class=\"elementor-icon-list-text\">Sal\u00f3n Garc\u00eda<\/span>\n\t\t\t\t\t\t\t\t\t<\/li>\n\t\t\t\t\t\t<\/ul>\n\t\t\t\t\t\t<\/div>\n\t\t\t\t<div class=\"elementor-element elementor-element-4cafc80 elementor-widget elementor-widget-text-editor\" data-id=\"4cafc80\" data-element_type=\"widget\" data-widget_type=\"text-editor.default\">\n\t\t\t\t\t\t\t\t\t<p><span style=\"font-weight: 400;\">Noelia Rodiles, unha das voces referenciais no pianismo espa\u00f1ol de hoxe en d\u00eda, \u00e9 reco\u00f1ecida tanto polas s\u00faas interpretaci\u00f3ns do gran repertorio (Schubert, Beethoven, Ravel&#8230;), como pola s\u00faa sempre atenta mirada cara \u00e1 m\u00fasica contempor\u00e1nea (Ortiz, Ligeti, Gubaidulina&#8230;). Ao mesmo tempo, recupera e estrea con gran interese a m\u00fasica de autores espa\u00f1oles como S\u00e1nchez All\u00fa, Orb\u00f3n, Magran\u00e9 ou Rueda.<\/span><\/p><p><span style=\"font-weight: 400;\">Ofreceu concertos en salas como o Wigmore Hall de Londres, Tonhalle D\u00fcsseldorf ou a Sala Nezahualc\u00f3yotl de Cidade de M\u00e9xico, as\u00ed como nas principais salas espa\u00f1olas como o Auditorio Nacional de Madrid ou o Palau de la M\u00fasica de Barcelona. \u00c9 convidada habitual en festivais como a Quincena Musical Donostiarra, o Festival Internacional de Santander, a Schubert\u00edada de Vilabertr\u00e1n ou o Festival Rafael Orozco de C\u00f3rdoba, as\u00ed como noutros festivais e escenarios de Francia, Alema\u00f1a, Reino Unido, Italia, Polonia ou M\u00e9xico.<\/span><\/p><p><span style=\"font-weight: 400;\">Rodiles actuou como solista xunto a orquestras como a Orquestra Nacional de Espa\u00f1a, a Filharm\u00f3nica da UNAM e a Filharm\u00f3nica de Jalisco (M\u00e9xico), a Orquestra de Radio Televisi\u00f3n Espa\u00f1ola, a Orquestra Heinrich Heine de D\u00fcsseldof (Alema\u00f1a), a Sinf\u00f3nica de Guayaquil (Ecuador), a Orquestra da Comunidade de Madrid, a Sinf\u00f3nica do Principado de Asturias, The Soloists of London ou a Real Filharmon\u00eda de Galicia, entre outras.<\/span><\/p><p><span style=\"font-weight: 400;\">Entre os seus compromisos para a temporada 2025\/2026 incl\u00faense debuts coa Sinf\u00f3nica de Tenerife e coa Slovak Philharmonik, a estrea mundial do Concerto para piano e orquestra n\u00ba 3 de Jes\u00fas Rueda, a estrea da Sonata para piano de Orb\u00f3n (cuia partitura permanec\u00eda in\u00e9dita), as\u00ed como a s\u00faa volta ao Palau de la M\u00fasica de Barcelona, ao Auditorio Nacional ou \u00e1 Fundaci\u00f3n Juan March de Madrid.<\/span><\/p><p><span style=\"font-weight: 400;\">No seu quinto e \u00faltimo traballo discogr\u00e1fico, Mysterium, Noelia gravou a Partita n\u00ba 4 de Juli\u00e1n Orb\u00f3n e a estrea absoluta de Cloches, de Manuel Mart\u00ednez Burgos, xunto \u00e1 Orquestra Oviedo Filarmon\u00eda e o mestre Lucas Mac\u00edas.<\/span><\/p>\t\t\t\t\t\t\t\t<\/div>\n\t\t\t\t<div class=\"elementor-element elementor-element-f41fa3d elementor-widget elementor-widget-heading\" data-id=\"f41fa3d\" data-element_type=\"widget\" data-widget_type=\"heading.default\">\n\t\t\t\t\t<h2 class=\"elementor-heading-title elementor-size-default\">Programa<\/h2>\t\t\t\t<\/div>\n\t\t\t\t<div class=\"elementor-element elementor-element-fee5fa4 elementor-widget elementor-widget-text-editor\" data-id=\"fee5fa4\" data-element_type=\"widget\" data-widget_type=\"text-editor.default\">\n\t\t\t\t\t\t\t\t\t<h5><em><strong>A paix\u00f3n pola creaci\u00f3n<\/strong><\/em><\/h5><p><strong>\u00b7 Thierry Escaich<\/strong>\u00a0(1965) :: Trois instants fugitifs (1994)<br \/>I. Instant 1<br \/>II. Instant 2<br \/>III. Instant 3<br \/><strong>\u00b7 C\u00e9sar Franck<\/strong>\u00a0(1822-1890) :: Prelude, Fugue et variation op. 18.<br \/><strong>\u00b7 Fernando Buide del Real<\/strong>\u00a0(1980) :: Mesetas (2020)<br \/><strong>\u00b7 Carl Nielsen<\/strong>\u00a0(1865-1931) :: Quinteto para viento op. 43.<br \/>I. Allegro ben moderato<br \/>II. Menuet<br \/>III. Prelude. Adagio\/ Theme and variations. Un poco andantino<\/p>\t\t\t\t\t\t\t\t<\/div>\n\t\t\t\t<div class=\"elementor-element elementor-element-58d1d7c elementor-skin-carousel elementor-arrows-yes elementor-pagination-type-bullets elementor-pagination-position-outside elementor-widget elementor-widget-media-carousel\" data-id=\"58d1d7c\" data-element_type=\"widget\" data-settings=\"{&quot;skin&quot;:&quot;carousel&quot;,&quot;effect&quot;:&quot;slide&quot;,&quot;show_arrows&quot;:&quot;yes&quot;,&quot;pagination&quot;:&quot;bullets&quot;,&quot;speed&quot;:500,&quot;autoplay&quot;:&quot;yes&quot;,&quot;autoplay_speed&quot;:5000,&quot;loop&quot;:&quot;yes&quot;,&quot;pause_on_hover&quot;:&quot;yes&quot;,&quot;pause_on_interaction&quot;:&quot;yes&quot;,&quot;space_between&quot;:{&quot;unit&quot;:&quot;px&quot;,&quot;size&quot;:10,&quot;sizes&quot;:[]},&quot;space_between_tablet&quot;:{&quot;unit&quot;:&quot;px&quot;,&quot;size&quot;:10,&quot;sizes&quot;:[]},&quot;space_between_mobile&quot;:{&quot;unit&quot;:&quot;px&quot;,&quot;size&quot;:10,&quot;sizes&quot;:[]}}\" data-widget_type=\"media-carousel.default\">\n\t\t\t\t\t\t\t\t\t\t<div class=\"elementor-main-swiper swiper\" role=\"region\" aria-roledescription=\"carousel\" aria-label=\"Diapositivas\">\n\t\t\t\t<div class=\"swiper-wrapper\">\n\t\t\t\t\t\t\t\t\t\t\t<div class=\"swiper-slide\" role=\"group\" aria-roledescription=\"slide\">\n\t\t\t\t\t\t\t\t\t<div class=\"elementor-carousel-image\" role=\"img\" aria-label=\"Evoto\" style=\"background-image: url(&#039;https:\/\/clasclas.com\/wp-content\/uploads\/2026\/03\/DSC03824-scaled.jpg&#039;)\">\n\n\t\t\t\n\t\t\t\t\t<\/div>\n\t\t\t\t\t\t\t\t<\/div>\n\t\t\t\t\t\t\t\t\t\t\t<div class=\"swiper-slide\" role=\"group\" aria-roledescription=\"slide\">\n\t\t\t\t\t\t\t\t\t<div class=\"elementor-carousel-image\" role=\"img\" aria-label=\"DSC04145\" style=\"background-image: url(&#039;https:\/\/clasclas.com\/wp-content\/uploads\/2026\/03\/DSC04145-scaled.jpg&#039;)\">\n\n\t\t\t\n\t\t\t\t\t<\/div>\n\t\t\t\t\t\t\t\t<\/div>\n\t\t\t\t\t\t\t\t\t\t\t<div class=\"swiper-slide\" role=\"group\" aria-roledescription=\"slide\">\n\t\t\t\t\t\t\t\t\t<div class=\"elementor-carousel-image\" role=\"img\" aria-label=\"DSC04202\" style=\"background-image: url(&#039;https:\/\/clasclas.com\/wp-content\/uploads\/2026\/03\/DSC04202-scaled.jpg&#039;)\">\n\n\t\t\t\n\t\t\t\t\t<\/div>\n\t\t\t\t\t\t\t\t<\/div>\n\t\t\t\t\t\t\t\t\t<\/div>\n\t\t\t\t\t\t\t\t\t\t\t\t\t\t\t<div class=\"elementor-swiper-button elementor-swiper-button-prev\" role=\"button\" tabindex=\"0\" aria-label=\"Previous\">\n\t\t\t\t\t\t\t<svg aria-hidden=\"true\" class=\"e-font-icon-svg e-eicon-chevron-left\" viewBox=\"0 0 1000 1000\" xmlns=\"http:\/\/www.w3.org\/2000\/svg\"><path d=\"M646 125C629 125 613 133 604 142L308 442C296 454 292 471 292 487 292 504 296 521 308 533L604 854C617 867 629 875 646 875 663 875 679 871 692 858 704 846 713 829 713 812 713 796 708 779 692 767L438 487 692 225C700 217 708 204 708 187 708 171 704 154 692 142 675 129 663 125 646 125Z\"><\/path><\/svg>\t\t\t\t\t\t<\/div>\n\t\t\t\t\t\t<div class=\"elementor-swiper-button elementor-swiper-button-next\" role=\"button\" tabindex=\"0\" aria-label=\"Next\">\n\t\t\t\t\t\t\t<svg aria-hidden=\"true\" class=\"e-font-icon-svg e-eicon-chevron-right\" viewBox=\"0 0 1000 1000\" xmlns=\"http:\/\/www.w3.org\/2000\/svg\"><path d=\"M696 533C708 521 713 504 713 487 713 471 708 454 696 446L400 146C388 133 375 125 354 125 338 125 325 129 313 142 300 154 292 171 292 187 292 204 296 221 308 233L563 492 304 771C292 783 288 800 288 817 288 833 296 850 308 863 321 871 338 875 354 875 371 875 388 867 400 854L696 533Z\"><\/path><\/svg>\t\t\t\t\t\t<\/div>\n\t\t\t\t\t\t\t\t\t\t\t\t\t\t\t\t<div class=\"swiper-pagination\"><\/div>\n\t\t\t\t\t\t\t\t\t\t\t\t<\/div>\n\t\t\t\t\t\t\t\t<\/div>\n\t\t\t\t<\/div>\n\t\t\t\t<\/div>\n\t\t\t\t\t<\/div>\n\t\t\t\t<\/div>\n\t\t\t\t<\/div>\n\t\t","protected":false},"excerpt":{"rendered":"<p>Entradas clascl\u00e1s 2026 Zoar [Quinteto de Vento] | clascl\u00e1s matin\u00e9e S\u00e1bado 27 Xu\u00f1o 12:00 Sal\u00f3n Garc\u00eda Noelia Rodiles, unha das voces referenciais no pianismo espa\u00f1ol de hoxe en d\u00eda, \u00e9 reco\u00f1ecida tanto polas s\u00faas interpretaci\u00f3ns do gran repertorio (Schubert, Beethoven, Ravel&#8230;), como pola s\u00faa sempre atenta mirada cara \u00e1 m\u00fasica contempor\u00e1nea (Ortiz, Ligeti, Gubaidulina&#8230;). Ao [&hellip;]<\/p>\n","protected":false},"author":5,"featured_media":0,"parent":1616,"menu_order":0,"comment_status":"closed","ping_status":"closed","template":"","meta":{"inline_featured_image":false,"footnotes":""},"class_list":["post-2621","page","type-page","status-publish","hentry"],"_links":{"self":[{"href":"https:\/\/clasclas.com\/gl\/wp-json\/wp\/v2\/pages\/2621","targetHints":{"allow":["GET"]}}],"collection":[{"href":"https:\/\/clasclas.com\/gl\/wp-json\/wp\/v2\/pages"}],"about":[{"href":"https:\/\/clasclas.com\/gl\/wp-json\/wp\/v2\/types\/page"}],"author":[{"embeddable":true,"href":"https:\/\/clasclas.com\/gl\/wp-json\/wp\/v2\/users\/5"}],"replies":[{"embeddable":true,"href":"https:\/\/clasclas.com\/gl\/wp-json\/wp\/v2\/comments?post=2621"}],"version-history":[{"count":3,"href":"https:\/\/clasclas.com\/gl\/wp-json\/wp\/v2\/pages\/2621\/revisions"}],"predecessor-version":[{"id":2624,"href":"https:\/\/clasclas.com\/gl\/wp-json\/wp\/v2\/pages\/2621\/revisions\/2624"}],"up":[{"embeddable":true,"href":"https:\/\/clasclas.com\/gl\/wp-json\/wp\/v2\/pages\/1616"}],"wp:attachment":[{"href":"https:\/\/clasclas.com\/gl\/wp-json\/wp\/v2\/media?parent=2621"}],"curies":[{"name":"wp","href":"https:\/\/api.w.org\/{rel}","templated":true}]}}