{"id":2121,"date":"2025-12-03T16:57:30","date_gmt":"2025-12-03T15:57:30","guid":{"rendered":"https:\/\/clasclas.com\/vilagarcia\/"},"modified":"2025-12-10T17:33:09","modified_gmt":"2025-12-10T16:33:09","slug":"vilagarcia","status":"publish","type":"page","link":"https:\/\/clasclas.com\/gl\/vilagarcia\/","title":{"rendered":"Vilagarc\u00eda"},"content":{"rendered":"\t\t<div data-elementor-type=\"wp-page\" data-elementor-id=\"2121\" class=\"elementor elementor-2121 elementor-717\" data-elementor-post-type=\"page\">\n\t\t\t\t<div class=\"elementor-element elementor-element-ed85d95 e-flex e-con-boxed e-con e-parent\" data-id=\"ed85d95\" data-element_type=\"container\" data-settings=\"{&quot;background_background&quot;:&quot;slideshow&quot;,&quot;background_slideshow_gallery&quot;:[{&quot;id&quot;:2123,&quot;url&quot;:&quot;https:\\\/\\\/clasclas.com\\\/wp-content\\\/uploads\\\/2025\\\/12\\\/92c6b9_7f1c8a08a2eb4e7aa0bcb1dfa71eebbcmv2-1.jpg&quot;},{&quot;id&quot;:2124,&quot;url&quot;:&quot;https:\\\/\\\/clasclas.com\\\/wp-content\\\/uploads\\\/2025\\\/12\\\/92c6b9_f8993cb9106843b9a8daebaedd839797mv2_d_4032_3024_s_4_2-1.jpg&quot;}],&quot;background_slideshow_loop&quot;:&quot;yes&quot;,&quot;background_slideshow_slide_duration&quot;:5000,&quot;background_slideshow_slide_transition&quot;:&quot;fade&quot;,&quot;background_slideshow_transition_duration&quot;:500}\">\n\t\t\t\t\t<div class=\"e-con-inner\">\n\t\t\t\t\t<\/div>\n\t\t\t\t<\/div>\n\t\t<div class=\"elementor-element elementor-element-a332104 container-padding e-flex e-con-boxed e-con e-parent\" data-id=\"a332104\" data-element_type=\"container\">\n\t\t\t\t\t<div class=\"e-con-inner\">\n\t\t<div class=\"elementor-element elementor-element-aed33cc e-con-full cc-sidebar e-flex e-con e-child\" data-id=\"aed33cc\" data-element_type=\"container\">\n\t\t<div class=\"elementor-element elementor-element-9db32ea e-con-full cc-sidebar-inner e-flex e-con e-child\" data-id=\"9db32ea\" data-element_type=\"container\" data-settings=\"{&quot;sticky&quot;:&quot;top&quot;,&quot;sticky_offset&quot;:48,&quot;sticky_parent&quot;:&quot;yes&quot;,&quot;sticky_on&quot;:[&quot;desktop&quot;,&quot;tablet&quot;,&quot;mobile&quot;],&quot;sticky_effects_offset&quot;:0,&quot;sticky_anchor_link_offset&quot;:0}\">\n\t\t\t\t<div class=\"elementor-element elementor-element-eb867dc elementor-align-left elementor-widget elementor-widget-button\" data-id=\"eb867dc\" data-element_type=\"widget\" data-widget_type=\"button.default\">\n\t\t\t\t\t\t\t\t\t\t<a class=\"elementor-button elementor-button-link elementor-size-sm\" href=\"https:\/\/visitvilagarcia.com\/\" target=\"_blank\">\n\t\t\t\t\t\t<span class=\"elementor-button-content-wrapper\">\n\t\t\t\t\t\t\t\t\t<span class=\"elementor-button-text\">visitvilagarcia.com<\/span>\n\t\t\t\t\t<\/span>\n\t\t\t\t\t<\/a>\n\t\t\t\t\t\t\t\t<\/div>\n\t\t\t\t<\/div>\n\t\t\t\t<\/div>\n\t\t<div class=\"elementor-element elementor-element-4d573ab e-con-full e-flex e-con e-child\" data-id=\"4d573ab\" data-element_type=\"container\">\n\t\t\t\t<div class=\"elementor-element elementor-element-a81fdd5 elementor-widget elementor-widget-heading\" data-id=\"a81fdd5\" data-element_type=\"widget\" data-widget_type=\"heading.default\">\n\t\t\t\t\t<h1 class=\"elementor-heading-title elementor-size-default\">Vilagarc\u00eda<\/h1>\t\t\t\t<\/div>\n\t\t\t\t<div class=\"elementor-element elementor-element-d2923ce elementor-widget elementor-widget-text-editor\" data-id=\"d2923ce\" data-element_type=\"widget\" data-widget_type=\"text-editor.default\">\n\t\t\t\t\t\t\t\t\t<p>Vilagarc\u00eda de Arousa est\u00e1 situada na costa atl\u00e1ntica de Galicia, a medio cami\u00f1o entre A Coru\u00f1a e Vigo. Con algo m\u00e1is de 37.000 habitantes, \u00e9 unha cidade que disfruta dunha alta calidade de vida non s\u00f3 pola s\u00faa situaci\u00f3n e clima, sen\u00f3n polos servizos que ofrece: hospital, porto de inter\u00e9s xeral, servizos administrativos, ferrocarril, acceso \u00e9 autoestrada, escola de idiomas, conservatorio, auditorio, complexo polideportivo con estadio de atletismo e SPA, fermosas prais, porto deportivo\u2026 Vilagarc\u00eda \u00e9 hoxe unha das cidades m\u00e1is din\u00e1micas de Galicia e, sen d\u00fabida, a capital da r\u00eda de Arousa. <\/p><p>A pesar da s\u00faa situaci\u00f3n no extremo occidental da pen\u00ednsula ib\u00e9rica, Vilagarc\u00eda conta cunhas boas comunicaci\u00f3ns, que lle permiten estar preto de Espa\u00f1a e de Europa. Xa sexa por estrada, a trav\u00e9s da autoestrada e as autov\u00edas que a unen a aquela, xa sexa por ferrocarril, pois Vilagarc\u00eda at\u00f3pase na li\u00f1a m\u00e1is rendible de Galicia e forma parte do proxecto de Alta Velocidade (AVE). Ademais, a cidade est\u00e1 a apenas 45 minutos de dous aeroportos internacionais (Santiago de Compostela e Vigo) e \u00e9, por \u00faltimo, escala frecuente dos cruceiros que percorren a costa occidental de Europa.  <\/p>\t\t\t\t\t\t\t\t<\/div>\n\t\t\t\t<div class=\"elementor-element elementor-element-0b0b1b8 elementor-widget elementor-widget-video\" data-id=\"0b0b1b8\" data-element_type=\"widget\" data-settings=\"{&quot;youtube_url&quot;:&quot;https:\\\/\\\/www.youtube.com\\\/watch?v=mDovAJr02kU&quot;,&quot;yt_privacy&quot;:&quot;yes&quot;,&quot;video_type&quot;:&quot;youtube&quot;,&quot;controls&quot;:&quot;yes&quot;}\" data-widget_type=\"video.default\">\n\t\t\t\t\t\t\t<div class=\"elementor-wrapper elementor-open-inline\">\n\t\t\t<div class=\"elementor-video\"><\/div>\t\t<\/div>\n\t\t\t\t\t\t<\/div>\n\t\t\t\t<div class=\"elementor-element elementor-element-ebdca87 elementor-widget elementor-widget-video\" data-id=\"ebdca87\" data-element_type=\"widget\" data-settings=\"{&quot;youtube_url&quot;:&quot;https:\\\/\\\/www.youtube.com\\\/watch?v=_vZ0rbZIY7c&amp;t=51s&quot;,&quot;yt_privacy&quot;:&quot;yes&quot;,&quot;video_type&quot;:&quot;youtube&quot;,&quot;controls&quot;:&quot;yes&quot;}\" data-widget_type=\"video.default\">\n\t\t\t\t\t\t\t<div class=\"elementor-wrapper elementor-open-inline\">\n\t\t\t<div class=\"elementor-video\"><\/div>\t\t<\/div>\n\t\t\t\t\t\t<\/div>\n\t\t\t\t<div class=\"elementor-element elementor-element-1d61bd5 elementor-widget elementor-widget-video\" data-id=\"1d61bd5\" data-element_type=\"widget\" data-settings=\"{&quot;youtube_url&quot;:&quot;https:\\\/\\\/www.youtube.com\\\/watch?v=YC4ZltBXioY&quot;,&quot;yt_privacy&quot;:&quot;yes&quot;,&quot;video_type&quot;:&quot;youtube&quot;,&quot;controls&quot;:&quot;yes&quot;}\" data-widget_type=\"video.default\">\n\t\t\t\t\t\t\t<div class=\"elementor-wrapper elementor-open-inline\">\n\t\t\t<div class=\"elementor-video\"><\/div>\t\t<\/div>\n\t\t\t\t\t\t<\/div>\n\t\t\t\t<\/div>\n\t\t\t\t\t<\/div>\n\t\t\t\t<\/div>\n\t\t\t\t<\/div>\n\t\t","protected":false},"excerpt":{"rendered":"<p>visitvilagarcia.com Vilagarc\u00eda Vilagarc\u00eda de Arousa est\u00e1 situada na costa atl\u00e1ntica de Galicia, a medio cami\u00f1o entre A Coru\u00f1a e Vigo. Con algo m\u00e1is de 37.000 habitantes, \u00e9 unha cidade que disfruta dunha alta calidade de vida non s\u00f3 pola s\u00faa situaci\u00f3n e clima, sen\u00f3n polos servizos que ofrece: hospital, porto de inter\u00e9s xeral, servizos administrativos, [&hellip;]<\/p>\n","protected":false},"author":2,"featured_media":0,"parent":0,"menu_order":0,"comment_status":"closed","ping_status":"closed","template":"","meta":{"inline_featured_image":false,"footnotes":""},"class_list":["post-2121","page","type-page","status-publish","hentry"],"_links":{"self":[{"href":"https:\/\/clasclas.com\/gl\/wp-json\/wp\/v2\/pages\/2121","targetHints":{"allow":["GET"]}}],"collection":[{"href":"https:\/\/clasclas.com\/gl\/wp-json\/wp\/v2\/pages"}],"about":[{"href":"https:\/\/clasclas.com\/gl\/wp-json\/wp\/v2\/types\/page"}],"author":[{"embeddable":true,"href":"https:\/\/clasclas.com\/gl\/wp-json\/wp\/v2\/users\/2"}],"replies":[{"embeddable":true,"href":"https:\/\/clasclas.com\/gl\/wp-json\/wp\/v2\/comments?post=2121"}],"version-history":[{"count":2,"href":"https:\/\/clasclas.com\/gl\/wp-json\/wp\/v2\/pages\/2121\/revisions"}],"predecessor-version":[{"id":2125,"href":"https:\/\/clasclas.com\/gl\/wp-json\/wp\/v2\/pages\/2121\/revisions\/2125"}],"wp:attachment":[{"href":"https:\/\/clasclas.com\/gl\/wp-json\/wp\/v2\/media?parent=2121"}],"curies":[{"name":"wp","href":"https:\/\/api.w.org\/{rel}","templated":true}]}}