{"id":2114,"date":"2025-12-10T09:43:16","date_gmt":"2025-12-10T08:43:16","guid":{"rendered":"https:\/\/clasclas.com\/saludo-del-alcalde\/"},"modified":"2026-04-01T11:19:34","modified_gmt":"2026-04-01T09:19:34","slug":"saludo-del-alcalde","status":"publish","type":"page","link":"https:\/\/clasclas.com\/gl\/saludo-del-alcalde\/","title":{"rendered":"Sa\u00fado do alcalde"},"content":{"rendered":"\t\t<div data-elementor-type=\"wp-page\" data-elementor-id=\"2114\" class=\"elementor elementor-2114 elementor-1506\" data-elementor-post-type=\"page\">\n\t\t\t\t<div class=\"elementor-element elementor-element-3a644c8 e-flex e-con-boxed e-con e-parent\" data-id=\"3a644c8\" data-element_type=\"container\">\n\t\t\t\t\t<div class=\"e-con-inner\">\n\t\t\t\t<div class=\"elementor-element elementor-element-587291f elementor-widget elementor-widget-image\" data-id=\"587291f\" data-element_type=\"widget\" data-widget_type=\"image.default\">\n\t\t\t\t\t\t\t\t\t\t\t\t\t\t\t\t<a href=\"https:\/\/clasclas.com\/wp-content\/uploads\/2026\/03\/0_portada-web-scaled.png\" data-elementor-open-lightbox=\"yes\" data-e-action-hash=\"#elementor-action%3Aaction%3Dlightbox%26settings%3DeyJpZCI6MjIxNCwidXJsIjoiaHR0cHM6XC9cL2NsYXNjbGFzLmNvbVwvd3AtY29udGVudFwvdXBsb2Fkc1wvMjAyNlwvMDNcLzBfcG9ydGFkYS13ZWItc2NhbGVkLnBuZyJ9\">\n\t\t\t\t\t\t\t<img fetchpriority=\"high\" decoding=\"async\" width=\"2560\" height=\"523\" src=\"https:\/\/clasclas.com\/wp-content\/uploads\/2026\/03\/0_portada-web-scaled.png\" class=\"attachment-full size-full wp-image-2214\" alt=\"\" srcset=\"https:\/\/clasclas.com\/wp-content\/uploads\/2026\/03\/0_portada-web-scaled.png 2560w, https:\/\/clasclas.com\/wp-content\/uploads\/2026\/03\/0_portada-web-300x61.png 300w, https:\/\/clasclas.com\/wp-content\/uploads\/2026\/03\/0_portada-web-1024x209.png 1024w, https:\/\/clasclas.com\/wp-content\/uploads\/2026\/03\/0_portada-web-768x157.png 768w, https:\/\/clasclas.com\/wp-content\/uploads\/2026\/03\/0_portada-web-1536x314.png 1536w, https:\/\/clasclas.com\/wp-content\/uploads\/2026\/03\/0_portada-web-2048x418.png 2048w\" sizes=\"(max-width: 2560px) 100vw, 2560px\" \/>\t\t\t\t\t\t\t\t<\/a>\n\t\t\t\t\t\t\t\t\t\t\t\t\t\t\t<\/div>\n\t\t\t\t\t<\/div>\n\t\t\t\t<\/div>\n\t\t<div class=\"elementor-element elementor-element-f3ddae3 container-padding artista-contenido e-flex e-con-boxed e-con e-parent\" data-id=\"f3ddae3\" data-element_type=\"container\">\n\t\t\t\t\t<div class=\"e-con-inner\">\n\t\t<div class=\"elementor-element elementor-element-cd55797 e-con-full cc-sidebar e-flex e-con e-child\" data-id=\"cd55797\" data-element_type=\"container\">\n\t\t<div class=\"elementor-element elementor-element-cea287f e-con-full cc-sidebar-inner e-flex e-con e-child\" data-id=\"cea287f\" data-element_type=\"container\" data-settings=\"{&quot;sticky&quot;:&quot;top&quot;,&quot;sticky_offset&quot;:48,&quot;sticky_parent&quot;:&quot;yes&quot;,&quot;sticky_on&quot;:[&quot;desktop&quot;,&quot;tablet&quot;,&quot;mobile&quot;],&quot;sticky_effects_offset&quot;:0,&quot;sticky_anchor_link_offset&quot;:0}\">\n\t\t\t\t<div class=\"elementor-element elementor-element-3488003 elementor-align-left elementor-widget elementor-widget-button\" data-id=\"3488003\" data-element_type=\"widget\" data-widget_type=\"button.default\">\n\t\t\t\t\t\t\t\t\t\t<a class=\"elementor-button elementor-button-link elementor-size-sm\" href=\"https:\/\/clasclas.com\/gl\/edicion-2025\/\" target=\"_blank\">\n\t\t\t\t\t\t<span class=\"elementor-button-content-wrapper\">\n\t\t\t\t\t\t\t\t\t<span class=\"elementor-button-text\">clascl\u00e1s 2026<\/span>\n\t\t\t\t\t<\/span>\n\t\t\t\t\t<\/a>\n\t\t\t\t\t\t\t\t<\/div>\n\t\t\t\t<div class=\"elementor-element elementor-element-b34fe31 elementor-align-left elementor-widget elementor-widget-button\" data-id=\"b34fe31\" data-element_type=\"widget\" data-widget_type=\"button.default\">\n\t\t\t\t\t\t\t\t\t\t<a class=\"elementor-button elementor-button-link elementor-size-sm\" href=\"https:\/\/clasclas.com\/gl\/artistas-2025\/\" target=\"_blank\">\n\t\t\t\t\t\t<span class=\"elementor-button-content-wrapper\">\n\t\t\t\t\t\t\t\t\t<span class=\"elementor-button-text\">Artistas 2026<\/span>\n\t\t\t\t\t<\/span>\n\t\t\t\t\t<\/a>\n\t\t\t\t\t\t\t\t<\/div>\n\t\t\t\t<\/div>\n\t\t\t\t<\/div>\n\t\t<div class=\"elementor-element elementor-element-602af06 e-con-full e-flex e-con e-child\" data-id=\"602af06\" data-element_type=\"container\">\n\t\t<div class=\"elementor-element elementor-element-c603eda e-con-full e-flex e-con e-child\" data-id=\"c603eda\" data-element_type=\"container\">\n\t\t\t\t<div class=\"elementor-element elementor-element-4cafc80 elementor-widget elementor-widget-text-editor\" data-id=\"4cafc80\" data-element_type=\"widget\" data-widget_type=\"text-editor.default\">\n\t\t\t\t\t\t\t\t\t<p><span style=\"font-weight: 400;\">Como Alcalde de Vilagarc\u00eda de Arousa, \u00e9 para min un orgullo darvos a benvida \u00e1 <\/span><b>IX edici\u00f3n do Clascl\u00e1s<\/b><span style=\"font-weight: 400;\">, un festival que en 2026 acada a s\u00faa madurez consolid\u00e1ndose como unha das citas culturais m\u00e1is ambiciosas e singulares de todo o Noroeste peninsular. Baixo o lema <\/span><b>PAIX\u00d3N<\/b><span style=\"font-weight: 400;\">, esta edici\u00f3n conv\u00eddanos a realizar unha viaxe emocional que percorre desde a espiritualidade m\u00e1is profunda do Barroco ata a fascinaci\u00f3n cient\u00edfica polas estrelas.<\/span><\/p><p><span style=\"font-weight: 400;\">O Clascl\u00e1s non \u00e9 un festival de m\u00fasica cl\u00e1sica ao uso; \u00e9 un proxecto de cidade que transforma a nosa xeograf\u00eda nun <\/span><b>&#8220;auditorio expandido&#8221;<\/b><span style=\"font-weight: 400;\">. Desde o Auditorio Municipal ata o intimismo p\u00e9treo da Igrexa de Vista Alegre, pasando pola nobreza do Pazo da Golpelleira e a memoria viva do Sal\u00f3n Garc\u00eda, Vilagarc\u00eda conv\u00e9rtese nun escenario onde o patrimonio e a arte se dan a man, f<\/span><span style=\"font-weight: 400;\">itos estrat\u00e9xicos da marca <\/span><b>VGA365<\/b><\/p><p><span style=\"font-weight: 400;\">Quero destacar de xeito moi especial o privilexio que sup\u00f3n contar nesta edici\u00f3n coa <\/span><b>residencia da Orquestra Sinf\u00f3nica de Galicia (OSG)<\/b><span style=\"font-weight: 400;\">. A s\u00faa presenza \u00e9 o motor que vertebra esta edici\u00f3n a trav\u00e9s de dous fitos monumentais: o <\/span><b>Gran Concerto Inaugural<\/b><span style=\"font-weight: 400;\">, onde nos mergullaremos na humanidade desgarradora da <\/span><i><span style=\"font-weight: 400;\">Paix\u00f3n segundo san Xo\u00e1n<\/span><\/i><span style=\"font-weight: 400;\"> de Bach, e o <\/span><b>Concerto de Clausura<\/b><span style=\"font-weight: 400;\">, un proxecto inmersivo sen precedentes onde a m\u00fasica da OSG se fundir\u00e1 coa vangarda tecnol\u00f3xica e visual do astr\u00f3nomo <\/span><b>Jos\u00e9 Francisco Salgado<\/b><span style=\"font-weight: 400;\">, para conmemorar o eclipse solar de 2026. Esta aposta pola innovaci\u00f3n demostra que o Clascl\u00e1s \u00e9 un festival vivo, capaz de dialogar coa ciencia e de atraer a novos p\u00fablicos cara \u00e1 excelencia.<\/span><\/p><p><span style=\"font-weight: 400;\">Pero a excelencia do Clascl\u00e1s non reside s\u00f3 no virtuosismo das figuras\u00a0 nacionais e internacionais que nos acompa\u00f1an nesta edici\u00f3n; a verdadeira alma do festival latexa no seu <\/span><b>Compromiso Social<\/b><span style=\"font-weight: 400;\">, coa nosa xornada dedicada \u00e1s 19 asociaci\u00f3ns sociosanitarias da contorna, e no seus <\/span><b>Programas Pedag\u00f3xico e a p\u00e9 de r\u00faa<\/b><span style=\"font-weight: 400;\">, que converte o noso Conservatorio nun centro mellora continua do alumnado.<\/span><\/p><p><span style=\"font-weight: 400;\">Como alcalde \u00e9 unha honra convidar a veci\u00f1os, visitantes e amantes da m\u00fasica a deixarse levar por esta <\/span><b>PAIX\u00d3N<\/b><span style=\"font-weight: 400;\">, a habitar as nosas r\u00faas e a desfrutar dun festival que, partindo do coraz\u00f3n da nosa vila, mira con ambici\u00f3n cara ao infinito<\/span><span style=\"font-weight: 400;\">. <\/span><span style=\"font-weight: 400;\">O meu agradecemento m\u00e1is sincero a todos os m\u00fasicos, patrocinadores, instituci\u00f3ns e, por suposto, ao equipo organizador que fai posible este milagre anual. Gozade de cada nota, de cada espazo e da paix\u00f3n que percorre esta novena edici\u00f3n. Vilagarc\u00eda agarda por v\u00f3s coa mellor das s\u00faas partituras.<\/span><\/p><p><span style=\"font-weight: 400;\">V\u00e9monos nos concertos.<\/span><\/p><p>\u00a0<\/p><p><b>Alberto Varela Paz<\/b> <i><span style=\"font-weight: 400;\">Alcalde de Vilagarc\u00eda de Arousa<\/span><\/i><\/p>\t\t\t\t\t\t\t\t<\/div>\n\t\t\t\t<\/div>\n\t\t\t\t<\/div>\n\t\t\t\t\t<\/div>\n\t\t\t\t<\/div>\n\t\t\t\t<\/div>\n\t\t","protected":false},"excerpt":{"rendered":"<p>clascl\u00e1s 2026 Artistas 2026 Como Alcalde de Vilagarc\u00eda de Arousa, \u00e9 para min un orgullo darvos a benvida \u00e1 IX edici\u00f3n do Clascl\u00e1s, un festival que en 2026 acada a s\u00faa madurez consolid\u00e1ndose como unha das citas culturais m\u00e1is ambiciosas e singulares de todo o Noroeste peninsular. Baixo o lema PAIX\u00d3N, esta edici\u00f3n conv\u00eddanos a [&hellip;]<\/p>\n","protected":false},"author":2,"featured_media":0,"parent":0,"menu_order":0,"comment_status":"closed","ping_status":"closed","template":"","meta":{"inline_featured_image":false,"footnotes":""},"class_list":["post-2114","page","type-page","status-publish","hentry"],"_links":{"self":[{"href":"https:\/\/clasclas.com\/gl\/wp-json\/wp\/v2\/pages\/2114","targetHints":{"allow":["GET"]}}],"collection":[{"href":"https:\/\/clasclas.com\/gl\/wp-json\/wp\/v2\/pages"}],"about":[{"href":"https:\/\/clasclas.com\/gl\/wp-json\/wp\/v2\/types\/page"}],"author":[{"embeddable":true,"href":"https:\/\/clasclas.com\/gl\/wp-json\/wp\/v2\/users\/2"}],"replies":[{"embeddable":true,"href":"https:\/\/clasclas.com\/gl\/wp-json\/wp\/v2\/comments?post=2114"}],"version-history":[{"count":9,"href":"https:\/\/clasclas.com\/gl\/wp-json\/wp\/v2\/pages\/2114\/revisions"}],"predecessor-version":[{"id":2652,"href":"https:\/\/clasclas.com\/gl\/wp-json\/wp\/v2\/pages\/2114\/revisions\/2652"}],"wp:attachment":[{"href":"https:\/\/clasclas.com\/gl\/wp-json\/wp\/v2\/media?parent=2114"}],"curies":[{"name":"wp","href":"https:\/\/api.w.org\/{rel}","templated":true}]}}