{"id":2046,"date":"2025-12-05T13:48:26","date_gmt":"2025-12-05T12:48:26","guid":{"rendered":"https:\/\/clasclas.com\/prensa\/"},"modified":"2026-04-01T17:20:44","modified_gmt":"2026-04-01T15:20:44","slug":"prensa","status":"publish","type":"page","link":"https:\/\/clasclas.com\/gl\/prensa\/","title":{"rendered":"Prensa"},"content":{"rendered":"\t\t<div data-elementor-type=\"wp-page\" data-elementor-id=\"2046\" class=\"elementor elementor-2046 elementor-1266\" data-elementor-post-type=\"page\">\n\t\t\t\t<div class=\"elementor-element elementor-element-e7c5a1d e-flex e-con-boxed e-con e-parent\" data-id=\"e7c5a1d\" data-element_type=\"container\">\n\t\t\t\t\t<div class=\"e-con-inner\">\n\t\t\t\t<div class=\"elementor-element elementor-element-3a37326 elementor-widget elementor-widget-image\" data-id=\"3a37326\" data-element_type=\"widget\" data-widget_type=\"image.default\">\n\t\t\t\t\t\t\t\t\t\t\t\t\t\t\t\t<a href=\"https:\/\/clasclas.com\/wp-content\/uploads\/2025\/12\/92c6b9_f5f69346dfb843f69b1e07e909d3ddfdmv2.jpg\" data-elementor-open-lightbox=\"yes\" data-e-action-hash=\"#elementor-action%3Aaction%3Dlightbox%26settings%3DeyJpZCI6MjA0OCwidXJsIjoiaHR0cHM6XC9cL2NsYXNjbGFzLmNvbVwvd3AtY29udGVudFwvdXBsb2Fkc1wvMjAyNVwvMTJcLzkyYzZiOV9mNWY2OTM0NmRmYjg0M2Y2OWIxZTA3ZTkwOWQzZGRmZG12Mi5qcGcifQ%3D%3D\">\n\t\t\t\t\t\t\t<img fetchpriority=\"high\" decoding=\"async\" width=\"2560\" height=\"523\" src=\"https:\/\/clasclas.com\/wp-content\/uploads\/2025\/12\/92c6b9_f5f69346dfb843f69b1e07e909d3ddfdmv2.jpg\" class=\"attachment-full size-full wp-image-2048\" alt=\"\" srcset=\"https:\/\/clasclas.com\/wp-content\/uploads\/2025\/12\/92c6b9_f5f69346dfb843f69b1e07e909d3ddfdmv2.jpg 2560w, https:\/\/clasclas.com\/wp-content\/uploads\/2025\/12\/92c6b9_f5f69346dfb843f69b1e07e909d3ddfdmv2-300x61.jpg 300w, https:\/\/clasclas.com\/wp-content\/uploads\/2025\/12\/92c6b9_f5f69346dfb843f69b1e07e909d3ddfdmv2-1024x209.jpg 1024w, https:\/\/clasclas.com\/wp-content\/uploads\/2025\/12\/92c6b9_f5f69346dfb843f69b1e07e909d3ddfdmv2-768x157.jpg 768w, https:\/\/clasclas.com\/wp-content\/uploads\/2025\/12\/92c6b9_f5f69346dfb843f69b1e07e909d3ddfdmv2-1536x314.jpg 1536w, https:\/\/clasclas.com\/wp-content\/uploads\/2025\/12\/92c6b9_f5f69346dfb843f69b1e07e909d3ddfdmv2-2048x418.jpg 2048w\" sizes=\"(max-width: 2560px) 100vw, 2560px\" \/>\t\t\t\t\t\t\t\t<\/a>\n\t\t\t\t\t\t\t\t\t\t\t\t\t\t\t<\/div>\n\t\t\t\t<div class=\"elementor-element elementor-element-e13f056 elementor-widget-divider--view-line elementor-widget elementor-widget-divider\" data-id=\"e13f056\" data-element_type=\"widget\" data-widget_type=\"divider.default\">\n\t\t\t\t\t\t\t<div class=\"elementor-divider\">\n\t\t\t<span class=\"elementor-divider-separator\">\n\t\t\t\t\t\t<\/span>\n\t\t<\/div>\n\t\t\t\t\t\t<\/div>\n\t\t\t\t\t<\/div>\n\t\t\t\t<\/div>\n\t\t<div class=\"elementor-element elementor-element-fa8803e e-flex e-con-boxed e-con e-parent\" data-id=\"fa8803e\" data-element_type=\"container\" data-settings=\"{&quot;background_background&quot;:&quot;classic&quot;}\">\n\t\t\t\t\t<div class=\"e-con-inner\">\n\t\t<div class=\"elementor-element elementor-element-7ce2050 e-con-full e-flex e-con e-child\" data-id=\"7ce2050\" data-element_type=\"container\" data-settings=\"{&quot;background_background&quot;:&quot;classic&quot;}\">\n\t\t\t\t<div class=\"elementor-element elementor-element-220d23f elementor-widget elementor-widget-heading\" data-id=\"220d23f\" data-element_type=\"widget\" data-widget_type=\"heading.default\">\n\t\t\t\t\t<h2 class=\"elementor-heading-title elementor-size-default\">PRENSA E COMUNICACI\u00d3N clascl\u00e1s 2026<\/h2>\t\t\t\t<\/div>\n\t\t\t\t<\/div>\n\t\t\t\t<div class=\"elementor-element elementor-element-1d49c1d elementor-widget elementor-widget-image\" data-id=\"1d49c1d\" data-element_type=\"widget\" data-widget_type=\"image.default\">\n\t\t\t\t\t\t\t\t\t\t\t\t\t\t\t\t<a href=\"https:\/\/dacapoalfine.es\">\n\t\t\t\t\t\t\t<img decoding=\"async\" src=\"https:\/\/clasclas.com\/wp-content\/uploads\/elementor\/thumbs\/unnamed-rlczpaqwd870m7txr3os597qoj5grladiyq72xynti.jpg\" title=\"unnamed\" alt=\"unnamed\" loading=\"lazy\" \/>\t\t\t\t\t\t\t\t<\/a>\n\t\t\t\t\t\t\t\t\t\t\t\t\t\t\t<\/div>\n\t\t\t\t<div class=\"elementor-element elementor-element-3e7920c elementor-widget elementor-widget-text-editor\" data-id=\"3e7920c\" data-element_type=\"widget\" data-widget_type=\"text-editor.default\">\n\t\t\t\t\t\t\t\t\t<p><strong>Julio Alonso<\/strong> |\u00a0Tel. +34 606 500 282<\/p><p><a href=\"mailto:julio@dacapoalfine.es\" target=\"_blank\" rel=\"noopener\">julio@dacapoalfine.es | <\/a><a id=\"m_5128035434505186921OWAe480318c-fbe4-dc02-39b1-623ce197e5f8\" href=\"http:\/\/www.dacapoalfine.es\/\" target=\"_blank\" rel=\"noopener\" data-saferedirecturl=\"https:\/\/www.google.com\/url?q=http:\/\/www.dacapoalfine.es&amp;source=gmail&amp;ust=1775143016915000&amp;usg=AOvVaw3IAApaLYYF8zG1uNQzbZAi\">www.dacapoalfine.es<\/a>\u00a0<\/p>\t\t\t\t\t\t\t\t<\/div>\n\t\t\t\t\t<\/div>\n\t\t\t\t<\/div>\n\t\t<div class=\"elementor-element elementor-element-39e4f07 container-padding e-flex e-con-boxed e-con e-parent\" data-id=\"39e4f07\" data-element_type=\"container\">\n\t\t\t\t\t<div class=\"e-con-inner\">\n\t\t<div class=\"elementor-element elementor-element-4ea2714 e-flex e-con-boxed e-con e-child\" data-id=\"4ea2714\" data-element_type=\"container\">\n\t\t\t\t\t<div class=\"e-con-inner\">\n\t\t<div class=\"elementor-element elementor-element-ffdfb84 e-con-full e-flex e-con e-child\" data-id=\"ffdfb84\" data-element_type=\"container\">\n\t\t\t\t<div class=\"elementor-element elementor-element-f45ff98 elementor-widget elementor-widget-image\" data-id=\"f45ff98\" data-element_type=\"widget\" data-widget_type=\"image.default\">\n\t\t\t\t\t\t\t\t\t\t\t\t\t\t\t\t<a href=\"https:\/\/clasclas.com\/wp-content\/uploads\/2026\/03\/MEMORIA-FESTIVAL-CLASCLAiS-2025_MBH-COMUNICACIOiN-modificada.pdf\" download=\"\">\n\t\t\t\t\t\t\t<img decoding=\"async\" width=\"800\" height=\"527\" src=\"https:\/\/clasclas.com\/wp-content\/uploads\/2026\/03\/miniatura_prensa25.jpg\" class=\"attachment-large size-large wp-image-2181\" alt=\"\" srcset=\"https:\/\/clasclas.com\/wp-content\/uploads\/2026\/03\/miniatura_prensa25.jpg 820w, https:\/\/clasclas.com\/wp-content\/uploads\/2026\/03\/miniatura_prensa25-300x198.jpg 300w, https:\/\/clasclas.com\/wp-content\/uploads\/2026\/03\/miniatura_prensa25-768x506.jpg 768w\" sizes=\"(max-width: 800px) 100vw, 800px\" \/>\t\t\t\t\t\t\t\t<\/a>\n\t\t\t\t\t\t\t\t\t\t\t\t\t\t\t<\/div>\n\t\t\t\t<div class=\"elementor-element elementor-element-6e60d75 elementor-widget elementor-widget-heading\" data-id=\"6e60d75\" data-element_type=\"widget\" data-widget_type=\"heading.default\">\n\t\t\t\t\t<h2 class=\"elementor-heading-title elementor-size-default\"><a href=\"https:\/\/clasclas.com\/wp-content\/uploads\/2026\/03\/MEMORIA-FESTIVAL-CLASCLAiS-2025_MBH-COMUNICACIOiN-modificada.pdf\" download=\"\">Prensa Edici\u00f3n 2025<\/a><\/h2>\t\t\t\t<\/div>\n\t\t\t\t<div class=\"elementor-element elementor-element-d3270bd elementor-widget-divider--view-line elementor-widget elementor-widget-divider\" data-id=\"d3270bd\" data-element_type=\"widget\" data-widget_type=\"divider.default\">\n\t\t\t\t\t\t\t<div class=\"elementor-divider\">\n\t\t\t<span class=\"elementor-divider-separator\">\n\t\t\t\t\t\t<\/span>\n\t\t<\/div>\n\t\t\t\t\t\t<\/div>\n\t\t\t\t<\/div>\n\t\t<div class=\"elementor-element elementor-element-43a724a e-con-full e-flex e-con e-child\" data-id=\"43a724a\" data-element_type=\"container\">\n\t\t\t\t<div class=\"elementor-element elementor-element-4957482 elementor-widget elementor-widget-image\" data-id=\"4957482\" data-element_type=\"widget\" data-widget_type=\"image.default\">\n\t\t\t\t\t\t\t\t\t\t\t\t\t\t\t\t<a href=\"https:\/\/clasclas.com\/wp-content\/uploads\/2025\/12\/92c6b9_44dfd81721864ade8af2f3c0d425d983.pdf\" download=\"\">\n\t\t\t\t\t\t\t<img decoding=\"async\" width=\"800\" height=\"527\" src=\"https:\/\/clasclas.com\/wp-content\/uploads\/2025\/12\/92c6b9_83bed73961894ce1ba3949fa90779c7emv2.jpg\" class=\"attachment-large size-large wp-image-2049\" alt=\"\" srcset=\"https:\/\/clasclas.com\/wp-content\/uploads\/2025\/12\/92c6b9_83bed73961894ce1ba3949fa90779c7emv2.jpg 820w, https:\/\/clasclas.com\/wp-content\/uploads\/2025\/12\/92c6b9_83bed73961894ce1ba3949fa90779c7emv2-300x198.jpg 300w, https:\/\/clasclas.com\/wp-content\/uploads\/2025\/12\/92c6b9_83bed73961894ce1ba3949fa90779c7emv2-768x506.jpg 768w\" sizes=\"(max-width: 800px) 100vw, 800px\" \/>\t\t\t\t\t\t\t\t<\/a>\n\t\t\t\t\t\t\t\t\t\t\t\t\t\t\t<\/div>\n\t\t\t\t<div class=\"elementor-element elementor-element-df9d4be elementor-widget elementor-widget-heading\" data-id=\"df9d4be\" data-element_type=\"widget\" data-widget_type=\"heading.default\">\n\t\t\t\t\t<h2 class=\"elementor-heading-title elementor-size-default\"><a href=\"https:\/\/clasclas.com\/wp-content\/uploads\/2025\/12\/92c6b9_44dfd81721864ade8af2f3c0d425d983.pdf\" download=\"\">Prensa Edici\u00f3n 2024<\/a><\/h2>\t\t\t\t<\/div>\n\t\t\t\t<\/div>\n\t\t\t\t<div class=\"elementor-element elementor-element-1cac416 elementor-widget-divider--view-line elementor-widget elementor-widget-divider\" data-id=\"1cac416\" data-element_type=\"widget\" data-widget_type=\"divider.default\">\n\t\t\t\t\t\t\t<div class=\"elementor-divider\">\n\t\t\t<span class=\"elementor-divider-separator\">\n\t\t\t\t\t\t<\/span>\n\t\t<\/div>\n\t\t\t\t\t\t<\/div>\n\t\t<div class=\"elementor-element elementor-element-bd24a97 e-con-full e-flex e-con e-child\" data-id=\"bd24a97\" data-element_type=\"container\">\n\t\t\t\t<div class=\"elementor-element elementor-element-11aff5e elementor-widget elementor-widget-image\" data-id=\"11aff5e\" data-element_type=\"widget\" data-widget_type=\"image.default\">\n\t\t\t\t\t\t\t\t\t\t\t\t\t\t\t\t<a href=\"https:\/\/clasclas.com\/prensa\/prensa-edicion-2023\/\">\n\t\t\t\t\t\t\t<img loading=\"lazy\" decoding=\"async\" width=\"683\" height=\"450\" src=\"https:\/\/clasclas.com\/wp-content\/uploads\/2025\/12\/92c6b9_90a4b5faecad4303a225ea1f8acaad34mv2.jpg\" class=\"attachment-large size-large wp-image-2050\" alt=\"\" srcset=\"https:\/\/clasclas.com\/wp-content\/uploads\/2025\/12\/92c6b9_90a4b5faecad4303a225ea1f8acaad34mv2.jpg 683w, https:\/\/clasclas.com\/wp-content\/uploads\/2025\/12\/92c6b9_90a4b5faecad4303a225ea1f8acaad34mv2-300x198.jpg 300w\" sizes=\"(max-width: 683px) 100vw, 683px\" \/>\t\t\t\t\t\t\t\t<\/a>\n\t\t\t\t\t\t\t\t\t\t\t\t\t\t\t<\/div>\n\t\t\t\t<div class=\"elementor-element elementor-element-9b1ca31 elementor-widget elementor-widget-heading\" data-id=\"9b1ca31\" data-element_type=\"widget\" data-widget_type=\"heading.default\">\n\t\t\t\t\t<h2 class=\"elementor-heading-title elementor-size-default\"><a href=\"https:\/\/clasclas.com\/prensa\/prensa-edicion-2023\/\">Prensa Edici\u00f3n 2023<\/a><\/h2>\t\t\t\t<\/div>\n\t\t\t\t<\/div>\n\t\t\t\t<div class=\"elementor-element elementor-element-0a23bde elementor-widget-divider--view-line elementor-widget elementor-widget-divider\" data-id=\"0a23bde\" data-element_type=\"widget\" data-widget_type=\"divider.default\">\n\t\t\t\t\t\t\t<div class=\"elementor-divider\">\n\t\t\t<span class=\"elementor-divider-separator\">\n\t\t\t\t\t\t<\/span>\n\t\t<\/div>\n\t\t\t\t\t\t<\/div>\n\t\t<div class=\"elementor-element elementor-element-cfebd08 e-con-full e-flex e-con e-child\" data-id=\"cfebd08\" data-element_type=\"container\">\n\t\t\t\t<div class=\"elementor-element elementor-element-939e692 elementor-widget elementor-widget-image\" data-id=\"939e692\" data-element_type=\"widget\" data-widget_type=\"image.default\">\n\t\t\t\t\t\t\t\t\t\t\t\t\t\t\t\t<a href=\"https:\/\/clasclas.com\/prensa\/prensa-edicion-2022\/\">\n\t\t\t\t\t\t\t<img loading=\"lazy\" decoding=\"async\" width=\"683\" height=\"450\" src=\"https:\/\/clasclas.com\/wp-content\/uploads\/2025\/12\/92c6b9_2c1809a595614b018d20bdea9cac1026mv2.jpg\" class=\"attachment-large size-large wp-image-2051\" alt=\"\" srcset=\"https:\/\/clasclas.com\/wp-content\/uploads\/2025\/12\/92c6b9_2c1809a595614b018d20bdea9cac1026mv2.jpg 683w, https:\/\/clasclas.com\/wp-content\/uploads\/2025\/12\/92c6b9_2c1809a595614b018d20bdea9cac1026mv2-300x198.jpg 300w\" sizes=\"(max-width: 683px) 100vw, 683px\" \/>\t\t\t\t\t\t\t\t<\/a>\n\t\t\t\t\t\t\t\t\t\t\t\t\t\t\t<\/div>\n\t\t\t\t<div class=\"elementor-element elementor-element-0c6f3df elementor-widget elementor-widget-heading\" data-id=\"0c6f3df\" data-element_type=\"widget\" data-widget_type=\"heading.default\">\n\t\t\t\t\t<h2 class=\"elementor-heading-title elementor-size-default\"><a href=\"https:\/\/clasclas.com\/prensa\/prensa-edicion-2022\/\">Prensa Edici\u00f3n 2022<\/a><\/h2>\t\t\t\t<\/div>\n\t\t\t\t<\/div>\n\t\t\t\t<div class=\"elementor-element elementor-element-9fa543c elementor-widget-divider--view-line elementor-widget elementor-widget-divider\" data-id=\"9fa543c\" data-element_type=\"widget\" data-widget_type=\"divider.default\">\n\t\t\t\t\t\t\t<div class=\"elementor-divider\">\n\t\t\t<span class=\"elementor-divider-separator\">\n\t\t\t\t\t\t<\/span>\n\t\t<\/div>\n\t\t\t\t\t\t<\/div>\n\t\t<div class=\"elementor-element elementor-element-9d1da03 e-con-full e-flex e-con e-child\" data-id=\"9d1da03\" data-element_type=\"container\">\n\t\t\t\t<div class=\"elementor-element elementor-element-866691e elementor-widget elementor-widget-image\" data-id=\"866691e\" data-element_type=\"widget\" data-widget_type=\"image.default\">\n\t\t\t\t\t\t\t\t\t\t\t\t\t\t\t\t<a href=\"https:\/\/clasclas.com\/ediciones-anteriores\/asi-fue-la-edicion-2021\/\">\n\t\t\t\t\t\t\t<img loading=\"lazy\" decoding=\"async\" width=\"683\" height=\"450\" src=\"https:\/\/clasclas.com\/wp-content\/uploads\/2025\/12\/92c6b9_2ace550d19384b2aa612d90100cfbc3fmv2.jpg\" class=\"attachment-large size-large wp-image-2052\" alt=\"\" srcset=\"https:\/\/clasclas.com\/wp-content\/uploads\/2025\/12\/92c6b9_2ace550d19384b2aa612d90100cfbc3fmv2.jpg 683w, https:\/\/clasclas.com\/wp-content\/uploads\/2025\/12\/92c6b9_2ace550d19384b2aa612d90100cfbc3fmv2-300x198.jpg 300w\" sizes=\"(max-width: 683px) 100vw, 683px\" \/>\t\t\t\t\t\t\t\t<\/a>\n\t\t\t\t\t\t\t\t\t\t\t\t\t\t\t<\/div>\n\t\t\t\t<div class=\"elementor-element elementor-element-cef8b14 elementor-widget elementor-widget-heading\" data-id=\"cef8b14\" data-element_type=\"widget\" data-widget_type=\"heading.default\">\n\t\t\t\t\t<h2 class=\"elementor-heading-title elementor-size-default\"><a href=\"https:\/\/clasclas.com\/ediciones-anteriores\/asi-fue-la-edicion-2021\/\">Prensa Edici\u00f3n 2021<\/a><\/h2>\t\t\t\t<\/div>\n\t\t\t\t<\/div>\n\t\t\t\t<div class=\"elementor-element elementor-element-3854f30 elementor-widget-divider--view-line elementor-widget elementor-widget-divider\" data-id=\"3854f30\" data-element_type=\"widget\" data-widget_type=\"divider.default\">\n\t\t\t\t\t\t\t<div class=\"elementor-divider\">\n\t\t\t<span class=\"elementor-divider-separator\">\n\t\t\t\t\t\t<\/span>\n\t\t<\/div>\n\t\t\t\t\t\t<\/div>\n\t\t<div class=\"elementor-element elementor-element-d473b9b e-con-full e-flex e-con e-child\" data-id=\"d473b9b\" data-element_type=\"container\">\n\t\t\t\t<div class=\"elementor-element elementor-element-04c8559 elementor-widget elementor-widget-image\" data-id=\"04c8559\" data-element_type=\"widget\" data-widget_type=\"image.default\">\n\t\t\t\t\t\t\t\t\t\t\t\t\t\t\t\t<a href=\"https:\/\/clasclas.com\/ediciones-anteriores\/asi-fue-la-edicion-2020\/\">\n\t\t\t\t\t\t\t<img loading=\"lazy\" decoding=\"async\" width=\"683\" height=\"450\" src=\"https:\/\/clasclas.com\/wp-content\/uploads\/2025\/12\/92c6b9_07d8459fdaaa41318e39fb93850f3849mv2.jpg\" class=\"attachment-large size-large wp-image-2053\" alt=\"\" srcset=\"https:\/\/clasclas.com\/wp-content\/uploads\/2025\/12\/92c6b9_07d8459fdaaa41318e39fb93850f3849mv2.jpg 683w, https:\/\/clasclas.com\/wp-content\/uploads\/2025\/12\/92c6b9_07d8459fdaaa41318e39fb93850f3849mv2-300x198.jpg 300w\" sizes=\"(max-width: 683px) 100vw, 683px\" \/>\t\t\t\t\t\t\t\t<\/a>\n\t\t\t\t\t\t\t\t\t\t\t\t\t\t\t<\/div>\n\t\t\t\t<div class=\"elementor-element elementor-element-4c6dcb5 elementor-widget elementor-widget-heading\" data-id=\"4c6dcb5\" data-element_type=\"widget\" data-widget_type=\"heading.default\">\n\t\t\t\t\t<h2 class=\"elementor-heading-title elementor-size-default\"><a href=\"https:\/\/clasclas.com\/ediciones-anteriores\/asi-fue-la-edicion-2020\/\">Prensa Edici\u00f3n 2020<\/a><\/h2>\t\t\t\t<\/div>\n\t\t\t\t<\/div>\n\t\t\t\t<div class=\"elementor-element elementor-element-3bae9c8 elementor-widget-divider--view-line elementor-widget elementor-widget-divider\" data-id=\"3bae9c8\" data-element_type=\"widget\" data-widget_type=\"divider.default\">\n\t\t\t\t\t\t\t<div class=\"elementor-divider\">\n\t\t\t<span class=\"elementor-divider-separator\">\n\t\t\t\t\t\t<\/span>\n\t\t<\/div>\n\t\t\t\t\t\t<\/div>\n\t\t<div class=\"elementor-element elementor-element-cc5048c e-con-full e-flex e-con e-child\" data-id=\"cc5048c\" data-element_type=\"container\">\n\t\t\t\t<div class=\"elementor-element elementor-element-952e060 elementor-widget elementor-widget-image\" data-id=\"952e060\" data-element_type=\"widget\" data-widget_type=\"image.default\">\n\t\t\t\t\t\t\t\t\t\t\t\t\t\t\t\t<a href=\"https:\/\/clasclas.com\/ediciones-anteriores\/asi-fue-la-edicion-2019\/\">\n\t\t\t\t\t\t\t<img loading=\"lazy\" decoding=\"async\" width=\"683\" height=\"450\" src=\"https:\/\/clasclas.com\/wp-content\/uploads\/2025\/12\/92c6b9_d9cbfd61df46423f880d79aff2b7eadfmv2.jpg\" class=\"attachment-large size-large wp-image-2054\" alt=\"\" srcset=\"https:\/\/clasclas.com\/wp-content\/uploads\/2025\/12\/92c6b9_d9cbfd61df46423f880d79aff2b7eadfmv2.jpg 683w, https:\/\/clasclas.com\/wp-content\/uploads\/2025\/12\/92c6b9_d9cbfd61df46423f880d79aff2b7eadfmv2-300x198.jpg 300w\" sizes=\"(max-width: 683px) 100vw, 683px\" \/>\t\t\t\t\t\t\t\t<\/a>\n\t\t\t\t\t\t\t\t\t\t\t\t\t\t\t<\/div>\n\t\t\t\t<div class=\"elementor-element elementor-element-78c4253 elementor-widget elementor-widget-heading\" data-id=\"78c4253\" data-element_type=\"widget\" data-widget_type=\"heading.default\">\n\t\t\t\t\t<h2 class=\"elementor-heading-title elementor-size-default\"><a href=\"https:\/\/clasclas.com\/ediciones-anteriores\/asi-fue-la-edicion-2019\/\">Prensa Edici\u00f3n 2019<\/a><\/h2>\t\t\t\t<\/div>\n\t\t\t\t<\/div>\n\t\t\t\t<div class=\"elementor-element elementor-element-7b75998 elementor-widget-divider--view-line elementor-widget elementor-widget-divider\" data-id=\"7b75998\" data-element_type=\"widget\" data-widget_type=\"divider.default\">\n\t\t\t\t\t\t\t<div class=\"elementor-divider\">\n\t\t\t<span class=\"elementor-divider-separator\">\n\t\t\t\t\t\t<\/span>\n\t\t<\/div>\n\t\t\t\t\t\t<\/div>\n\t\t<div class=\"elementor-element elementor-element-2d9fcbb e-con-full e-flex e-con e-child\" data-id=\"2d9fcbb\" data-element_type=\"container\">\n\t\t\t\t<div class=\"elementor-element elementor-element-4f123e4 elementor-widget elementor-widget-image\" data-id=\"4f123e4\" data-element_type=\"widget\" data-widget_type=\"image.default\">\n\t\t\t\t\t\t\t\t\t\t\t\t\t\t\t\t<a href=\"https:\/\/clasclas.com\/ediciones-anteriores\/asi-fue-la-edicion-2018\/\">\n\t\t\t\t\t\t\t<img loading=\"lazy\" decoding=\"async\" width=\"683\" height=\"450\" src=\"https:\/\/clasclas.com\/wp-content\/uploads\/2025\/12\/92c6b9_93d284f962794f6b9eb634b539232082mv2.jpg\" class=\"attachment-large size-large wp-image-2055\" alt=\"\" srcset=\"https:\/\/clasclas.com\/wp-content\/uploads\/2025\/12\/92c6b9_93d284f962794f6b9eb634b539232082mv2.jpg 683w, https:\/\/clasclas.com\/wp-content\/uploads\/2025\/12\/92c6b9_93d284f962794f6b9eb634b539232082mv2-300x198.jpg 300w\" sizes=\"(max-width: 683px) 100vw, 683px\" \/>\t\t\t\t\t\t\t\t<\/a>\n\t\t\t\t\t\t\t\t\t\t\t\t\t\t\t<\/div>\n\t\t\t\t<div class=\"elementor-element elementor-element-c4f9233 elementor-widget elementor-widget-heading\" data-id=\"c4f9233\" data-element_type=\"widget\" data-widget_type=\"heading.default\">\n\t\t\t\t\t<h2 class=\"elementor-heading-title elementor-size-default\"><a href=\"https:\/\/clasclas.com\/ediciones-anteriores\/asi-fue-la-edicion-2018\/\">Prensa Edici\u00f3n 2018<\/a><\/h2>\t\t\t\t<\/div>\n\t\t\t\t<\/div>\n\t\t\t\t\t<\/div>\n\t\t\t\t<\/div>\n\t\t\t\t\t<\/div>\n\t\t\t\t<\/div>\n\t\t\t\t<\/div>\n\t\t","protected":false},"excerpt":{"rendered":"<p>PRENSA E COMUNICACI\u00d3N clascl\u00e1s 2026 Julio Alonso |\u00a0Tel. +34 606 500 282 julio@dacapoalfine.es | www.dacapoalfine.es\u00a0 Prensa Edici\u00f3n 2025 Prensa Edici\u00f3n 2024 Prensa Edici\u00f3n 2023 Prensa Edici\u00f3n 2022 Prensa Edici\u00f3n 2021 Prensa Edici\u00f3n 2020 Prensa Edici\u00f3n 2019 Prensa Edici\u00f3n 2018<\/p>\n","protected":false},"author":2,"featured_media":0,"parent":0,"menu_order":0,"comment_status":"closed","ping_status":"closed","template":"","meta":{"inline_featured_image":false,"footnotes":""},"class_list":["post-2046","page","type-page","status-publish","hentry"],"_links":{"self":[{"href":"https:\/\/clasclas.com\/gl\/wp-json\/wp\/v2\/pages\/2046","targetHints":{"allow":["GET"]}}],"collection":[{"href":"https:\/\/clasclas.com\/gl\/wp-json\/wp\/v2\/pages"}],"about":[{"href":"https:\/\/clasclas.com\/gl\/wp-json\/wp\/v2\/types\/page"}],"author":[{"embeddable":true,"href":"https:\/\/clasclas.com\/gl\/wp-json\/wp\/v2\/users\/2"}],"replies":[{"embeddable":true,"href":"https:\/\/clasclas.com\/gl\/wp-json\/wp\/v2\/comments?post=2046"}],"version-history":[{"count":18,"href":"https:\/\/clasclas.com\/gl\/wp-json\/wp\/v2\/pages\/2046\/revisions"}],"predecessor-version":[{"id":2669,"href":"https:\/\/clasclas.com\/gl\/wp-json\/wp\/v2\/pages\/2046\/revisions\/2669"}],"wp:attachment":[{"href":"https:\/\/clasclas.com\/gl\/wp-json\/wp\/v2\/media?parent=2046"}],"curies":[{"name":"wp","href":"https:\/\/api.w.org\/{rel}","templated":true}]}}