{"id":1715,"date":"2025-12-05T13:28:59","date_gmt":"2025-12-05T12:28:59","guid":{"rendered":"https:\/\/clasclas.com\/ediciones-anteriores\/asi-fue-la-edicion-2018\/"},"modified":"2025-12-10T13:54:47","modified_gmt":"2025-12-10T12:54:47","slug":"asi-fue-la-edicion-2018","status":"publish","type":"page","link":"https:\/\/clasclas.com\/gl\/ediciones-anteriores\/asi-fue-la-edicion-2018\/","title":{"rendered":"As\u00ed foi a Edici\u00f3n 2018"},"content":{"rendered":"\t\t<div data-elementor-type=\"wp-page\" data-elementor-id=\"1715\" class=\"elementor elementor-1715 elementor-1243\" data-elementor-post-type=\"page\">\n\t\t\t\t<div class=\"elementor-element elementor-element-3a644c8 e-flex e-con-boxed e-con e-parent\" data-id=\"3a644c8\" data-element_type=\"container\">\n\t\t\t\t\t<div class=\"e-con-inner\">\n\t\t\t\t<div class=\"elementor-element elementor-element-587291f elementor-widget elementor-widget-image\" data-id=\"587291f\" data-element_type=\"widget\" data-widget_type=\"image.default\">\n\t\t\t\t\t\t\t\t\t\t\t\t\t\t\t\t<a href=\"https:\/\/clasclas.com\/wp-content\/uploads\/2025\/12\/92c6b9_57912d20fbb545229c8a76ae151460a3mv2-scaled.jpg\" data-elementor-open-lightbox=\"yes\" data-e-action-hash=\"#elementor-action%3Aaction%3Dlightbox%26settings%3DeyJpZCI6MTcxNiwidXJsIjoiaHR0cHM6XC9cL2NsYXNjbGFzLmNvbVwvd3AtY29udGVudFwvdXBsb2Fkc1wvMjAyNVwvMTJcLzkyYzZiOV81NzkxMmQyMGZiYjU0NTIyOWM4YTc2YWUxNTE0NjBhM212Mi1zY2FsZWQuanBnIn0%3D\">\n\t\t\t\t\t\t\t<img fetchpriority=\"high\" decoding=\"async\" width=\"2560\" height=\"523\" src=\"https:\/\/clasclas.com\/wp-content\/uploads\/2025\/12\/92c6b9_57912d20fbb545229c8a76ae151460a3mv2-scaled.jpg\" class=\"attachment-full size-full wp-image-1716\" alt=\"\" srcset=\"https:\/\/clasclas.com\/wp-content\/uploads\/2025\/12\/92c6b9_57912d20fbb545229c8a76ae151460a3mv2-scaled.jpg 2560w, https:\/\/clasclas.com\/wp-content\/uploads\/2025\/12\/92c6b9_57912d20fbb545229c8a76ae151460a3mv2-300x61.jpg 300w, https:\/\/clasclas.com\/wp-content\/uploads\/2025\/12\/92c6b9_57912d20fbb545229c8a76ae151460a3mv2-1024x209.jpg 1024w, https:\/\/clasclas.com\/wp-content\/uploads\/2025\/12\/92c6b9_57912d20fbb545229c8a76ae151460a3mv2-768x157.jpg 768w, https:\/\/clasclas.com\/wp-content\/uploads\/2025\/12\/92c6b9_57912d20fbb545229c8a76ae151460a3mv2-1536x314.jpg 1536w, https:\/\/clasclas.com\/wp-content\/uploads\/2025\/12\/92c6b9_57912d20fbb545229c8a76ae151460a3mv2-2048x418.jpg 2048w\" sizes=\"(max-width: 2560px) 100vw, 2560px\" \/>\t\t\t\t\t\t\t\t<\/a>\n\t\t\t\t\t\t\t\t\t\t\t\t\t\t\t<\/div>\n\t\t\t\t\t<\/div>\n\t\t\t\t<\/div>\n\t\t<div class=\"elementor-element elementor-element-53fd57b container-padding e-flex e-con-boxed e-con e-parent\" data-id=\"53fd57b\" data-element_type=\"container\">\n\t\t\t\t\t<div class=\"e-con-inner\">\n\t\t\t\t<div class=\"elementor-element elementor-element-366abbd elementor-widget elementor-widget-heading\" data-id=\"366abbd\" data-element_type=\"widget\" data-widget_type=\"heading.default\">\n\t\t\t\t\t<h1 class=\"elementor-heading-title elementor-size-default\">As\u00ed foi a edici\u00f3n clascl\u00e1s 2018<\/h1>\t\t\t\t<\/div>\n\t\t\t\t<div class=\"elementor-element elementor-element-e9e9e2e elementor-align-justify btn-big elementor-widget elementor-widget-button\" data-id=\"e9e9e2e\" data-element_type=\"widget\" data-widget_type=\"button.default\">\n\t\t\t\t\t\t\t\t\t\t<a class=\"elementor-button elementor-button-link elementor-size-sm\" href=\"https:\/\/clasclas.com\/wp-content\/uploads\/2025\/12\/92c6b9_1b88f7e2fe8747338b6be29ab15017ab.pdf\" download=\"\">\n\t\t\t\t\t\t<span class=\"elementor-button-content-wrapper\">\n\t\t\t\t\t\t\t\t\t<span class=\"elementor-button-text\">Descargar dossier<\/span>\n\t\t\t\t\t<\/span>\n\t\t\t\t\t<\/a>\n\t\t\t\t\t\t\t\t<\/div>\n\t\t\t\t<div class=\"elementor-element elementor-element-4208399 elementor-widget elementor-widget-image\" data-id=\"4208399\" data-element_type=\"widget\" data-widget_type=\"image.default\">\n\t\t\t\t\t\t\t\t\t\t\t\t\t\t\t<img decoding=\"async\" width=\"800\" height=\"380\" src=\"https:\/\/clasclas.com\/wp-content\/uploads\/2025\/12\/92c6b9_0a714a6576c440e9bb426c48ad0875e3mv2-1024x487.jpg\" class=\"attachment-large size-large wp-image-1717\" alt=\"\" srcset=\"https:\/\/clasclas.com\/wp-content\/uploads\/2025\/12\/92c6b9_0a714a6576c440e9bb426c48ad0875e3mv2-1024x487.jpg 1024w, https:\/\/clasclas.com\/wp-content\/uploads\/2025\/12\/92c6b9_0a714a6576c440e9bb426c48ad0875e3mv2-300x143.jpg 300w, https:\/\/clasclas.com\/wp-content\/uploads\/2025\/12\/92c6b9_0a714a6576c440e9bb426c48ad0875e3mv2-768x365.jpg 768w, https:\/\/clasclas.com\/wp-content\/uploads\/2025\/12\/92c6b9_0a714a6576c440e9bb426c48ad0875e3mv2.jpg 1453w\" sizes=\"(max-width: 800px) 100vw, 800px\" \/>\t\t\t\t\t\t\t\t\t\t\t\t\t\t\t<\/div>\n\t\t\t\t<div class=\"elementor-element elementor-element-192d505 elementor-widget elementor-widget-video\" data-id=\"192d505\" data-element_type=\"widget\" data-settings=\"{&quot;youtube_url&quot;:&quot;https:\\\/\\\/www.youtube.com\\\/watch?v=EqPhdlsE84U&quot;,&quot;yt_privacy&quot;:&quot;yes&quot;,&quot;video_type&quot;:&quot;youtube&quot;,&quot;controls&quot;:&quot;yes&quot;}\" data-widget_type=\"video.default\">\n\t\t\t\t\t\t\t<div class=\"elementor-wrapper elementor-open-inline\">\n\t\t\t<div class=\"elementor-video\"><\/div>\t\t<\/div>\n\t\t\t\t\t\t<\/div>\n\t\t\t\t<div class=\"elementor-element elementor-element-b1a1510 elementor-widget elementor-widget-video\" data-id=\"b1a1510\" data-element_type=\"widget\" data-settings=\"{&quot;youtube_url&quot;:&quot;https:\\\/\\\/www.youtube.com\\\/watch?v=hH0K2Nmh2sk&quot;,&quot;yt_privacy&quot;:&quot;yes&quot;,&quot;video_type&quot;:&quot;youtube&quot;,&quot;controls&quot;:&quot;yes&quot;}\" data-widget_type=\"video.default\">\n\t\t\t\t\t\t\t<div class=\"elementor-wrapper elementor-open-inline\">\n\t\t\t<div class=\"elementor-video\"><\/div>\t\t<\/div>\n\t\t\t\t\t\t<\/div>\n\t\t\t\t<div class=\"elementor-element elementor-element-b006755 elementor-widget elementor-widget-gallery\" data-id=\"b006755\" data-element_type=\"widget\" data-settings=\"{&quot;aspect_ratio&quot;:&quot;1:1&quot;,&quot;columns_mobile&quot;:2,&quot;lazyload&quot;:&quot;yes&quot;,&quot;gallery_layout&quot;:&quot;grid&quot;,&quot;columns&quot;:4,&quot;columns_tablet&quot;:2,&quot;gap&quot;:{&quot;unit&quot;:&quot;px&quot;,&quot;size&quot;:10,&quot;sizes&quot;:[]},&quot;gap_tablet&quot;:{&quot;unit&quot;:&quot;px&quot;,&quot;size&quot;:10,&quot;sizes&quot;:[]},&quot;gap_mobile&quot;:{&quot;unit&quot;:&quot;px&quot;,&quot;size&quot;:10,&quot;sizes&quot;:[]},&quot;link_to&quot;:&quot;file&quot;,&quot;overlay_background&quot;:&quot;yes&quot;,&quot;content_hover_animation&quot;:&quot;fade-in&quot;}\" data-widget_type=\"gallery.default\">\n\t\t\t\t\t\t\t<div class=\"elementor-gallery__container\">\n\t\t\t\t\t\t\t<a class=\"e-gallery-item elementor-gallery-item elementor-animated-content\" href=\"https:\/\/clasclas.com\/wp-content\/uploads\/2025\/12\/92c6b9_2f00c592108a4eb3b87cf40b8192a0e2mv2_d_4032_3024_s_4_2.avif\" data-elementor-open-lightbox=\"yes\" data-elementor-lightbox-slideshow=\"b006755\" data-e-action-hash=\"#elementor-action%3Aaction%3Dlightbox%26settings%3DeyJpZCI6MTcxOCwidXJsIjoiaHR0cHM6XC9cL2NsYXNjbGFzLmNvbVwvd3AtY29udGVudFwvdXBsb2Fkc1wvMjAyNVwvMTJcLzkyYzZiOV8yZjAwYzU5MjEwOGE0ZWIzYjg3Y2Y0MGI4MTkyYTBlMm12Ml9kXzQwMzJfMzAyNF9zXzRfMi5hdmlmIiwic2xpZGVzaG93IjoiYjAwNjc1NSJ9\">\n\t\t\t\t\t<div class=\"e-gallery-image elementor-gallery-item__image\" data-thumbnail=\"https:\/\/clasclas.com\/wp-content\/uploads\/2025\/12\/92c6b9_2f00c592108a4eb3b87cf40b8192a0e2mv2_d_4032_3024_s_4_2-768x576.avif\" data-width=\"768\" data-height=\"576\" aria-label=\"\" role=\"img\" ><\/div>\n\t\t\t\t\t\t\t\t\t\t\t<div class=\"elementor-gallery-item__overlay\"><\/div>\n\t\t\t\t\t\t\t\t\t\t\t\t\t\t<\/a>\n\t\t\t\t\t\t\t<a class=\"e-gallery-item elementor-gallery-item elementor-animated-content\" href=\"https:\/\/clasclas.com\/wp-content\/uploads\/2025\/12\/92c6b9_2875c5ca934547a2833d32b65213524dmv2.avif\" data-elementor-open-lightbox=\"yes\" data-elementor-lightbox-slideshow=\"b006755\" data-e-action-hash=\"#elementor-action%3Aaction%3Dlightbox%26settings%3DeyJpZCI6MTcxOSwidXJsIjoiaHR0cHM6XC9cL2NsYXNjbGFzLmNvbVwvd3AtY29udGVudFwvdXBsb2Fkc1wvMjAyNVwvMTJcLzkyYzZiOV8yODc1YzVjYTkzNDU0N2EyODMzZDMyYjY1MjEzNTI0ZG12Mi5hdmlmIiwic2xpZGVzaG93IjoiYjAwNjc1NSJ9\">\n\t\t\t\t\t<div class=\"e-gallery-image elementor-gallery-item__image\" data-thumbnail=\"https:\/\/clasclas.com\/wp-content\/uploads\/2025\/12\/92c6b9_2875c5ca934547a2833d32b65213524dmv2-768x512.avif\" data-width=\"768\" data-height=\"512\" aria-label=\"\" role=\"img\" ><\/div>\n\t\t\t\t\t\t\t\t\t\t\t<div class=\"elementor-gallery-item__overlay\"><\/div>\n\t\t\t\t\t\t\t\t\t\t\t\t\t\t<\/a>\n\t\t\t\t\t\t\t<a class=\"e-gallery-item elementor-gallery-item elementor-animated-content\" href=\"https:\/\/clasclas.com\/wp-content\/uploads\/2025\/12\/92c6b9_b47e0f1bb655426da04e08ec17e3bbd5mv2_d_4032_3024_s_4_2.avif\" data-elementor-open-lightbox=\"yes\" data-elementor-lightbox-slideshow=\"b006755\" data-e-action-hash=\"#elementor-action%3Aaction%3Dlightbox%26settings%3DeyJpZCI6MTcyMCwidXJsIjoiaHR0cHM6XC9cL2NsYXNjbGFzLmNvbVwvd3AtY29udGVudFwvdXBsb2Fkc1wvMjAyNVwvMTJcLzkyYzZiOV9iNDdlMGYxYmI2NTU0MjZkYTA0ZTA4ZWMxN2UzYmJkNW12Ml9kXzQwMzJfMzAyNF9zXzRfMi5hdmlmIiwic2xpZGVzaG93IjoiYjAwNjc1NSJ9\">\n\t\t\t\t\t<div class=\"e-gallery-image elementor-gallery-item__image\" data-thumbnail=\"https:\/\/clasclas.com\/wp-content\/uploads\/2025\/12\/92c6b9_b47e0f1bb655426da04e08ec17e3bbd5mv2_d_4032_3024_s_4_2-768x576.avif\" data-width=\"768\" data-height=\"576\" aria-label=\"\" role=\"img\" ><\/div>\n\t\t\t\t\t\t\t\t\t\t\t<div class=\"elementor-gallery-item__overlay\"><\/div>\n\t\t\t\t\t\t\t\t\t\t\t\t\t\t<\/a>\n\t\t\t\t\t\t\t<a class=\"e-gallery-item elementor-gallery-item elementor-animated-content\" href=\"https:\/\/clasclas.com\/wp-content\/uploads\/2025\/12\/92c6b9_36b9a87e3ea54d27b37d7688ced4742emv2_d_3024_4032_s_4_2.avif\" data-elementor-open-lightbox=\"yes\" data-elementor-lightbox-slideshow=\"b006755\" data-e-action-hash=\"#elementor-action%3Aaction%3Dlightbox%26settings%3DeyJpZCI6MTcyMSwidXJsIjoiaHR0cHM6XC9cL2NsYXNjbGFzLmNvbVwvd3AtY29udGVudFwvdXBsb2Fkc1wvMjAyNVwvMTJcLzkyYzZiOV8zNmI5YTg3ZTNlYTU0ZDI3YjM3ZDc2ODhjZWQ0NzQyZW12Ml9kXzMwMjRfNDAzMl9zXzRfMi5hdmlmIiwic2xpZGVzaG93IjoiYjAwNjc1NSJ9\">\n\t\t\t\t\t<div class=\"e-gallery-image elementor-gallery-item__image\" data-thumbnail=\"https:\/\/clasclas.com\/wp-content\/uploads\/2025\/12\/92c6b9_36b9a87e3ea54d27b37d7688ced4742emv2_d_3024_4032_s_4_2.avif\" data-width=\"667\" data-height=\"890\" aria-label=\"\" role=\"img\" ><\/div>\n\t\t\t\t\t\t\t\t\t\t\t<div class=\"elementor-gallery-item__overlay\"><\/div>\n\t\t\t\t\t\t\t\t\t\t\t\t\t\t<\/a>\n\t\t\t\t\t\t\t<a class=\"e-gallery-item elementor-gallery-item elementor-animated-content\" href=\"https:\/\/clasclas.com\/wp-content\/uploads\/2025\/12\/92c6b9_e9bc03a29cc44af2a19e208b88b19cebmv2_d_4032_3024_s_4_2.avif\" data-elementor-open-lightbox=\"yes\" data-elementor-lightbox-slideshow=\"b006755\" data-e-action-hash=\"#elementor-action%3Aaction%3Dlightbox%26settings%3DeyJpZCI6MTcyMiwidXJsIjoiaHR0cHM6XC9cL2NsYXNjbGFzLmNvbVwvd3AtY29udGVudFwvdXBsb2Fkc1wvMjAyNVwvMTJcLzkyYzZiOV9lOWJjMDNhMjljYzQ0YWYyYTE5ZTIwOGI4OGIxOWNlYm12Ml9kXzQwMzJfMzAyNF9zXzRfMi5hdmlmIiwic2xpZGVzaG93IjoiYjAwNjc1NSJ9\">\n\t\t\t\t\t<div class=\"e-gallery-image elementor-gallery-item__image\" data-thumbnail=\"https:\/\/clasclas.com\/wp-content\/uploads\/2025\/12\/92c6b9_e9bc03a29cc44af2a19e208b88b19cebmv2_d_4032_3024_s_4_2-768x576.avif\" data-width=\"768\" data-height=\"576\" aria-label=\"\" role=\"img\" ><\/div>\n\t\t\t\t\t\t\t\t\t\t\t<div class=\"elementor-gallery-item__overlay\"><\/div>\n\t\t\t\t\t\t\t\t\t\t\t\t\t\t<\/a>\n\t\t\t\t\t\t\t<a class=\"e-gallery-item elementor-gallery-item elementor-animated-content\" href=\"https:\/\/clasclas.com\/wp-content\/uploads\/2025\/12\/92c6b9_fd8ded3ee4384980b67a8a9d6302807dmv2_d_3024_4032_s_4_2.avif\" data-elementor-open-lightbox=\"yes\" data-elementor-lightbox-slideshow=\"b006755\" data-e-action-hash=\"#elementor-action%3Aaction%3Dlightbox%26settings%3DeyJpZCI6MTcyMywidXJsIjoiaHR0cHM6XC9cL2NsYXNjbGFzLmNvbVwvd3AtY29udGVudFwvdXBsb2Fkc1wvMjAyNVwvMTJcLzkyYzZiOV9mZDhkZWQzZWU0Mzg0OTgwYjY3YThhOWQ2MzAyODA3ZG12Ml9kXzMwMjRfNDAzMl9zXzRfMi5hdmlmIiwic2xpZGVzaG93IjoiYjAwNjc1NSJ9\">\n\t\t\t\t\t<div class=\"e-gallery-image elementor-gallery-item__image\" data-thumbnail=\"https:\/\/clasclas.com\/wp-content\/uploads\/2025\/12\/92c6b9_fd8ded3ee4384980b67a8a9d6302807dmv2_d_3024_4032_s_4_2.avif\" data-width=\"667\" data-height=\"890\" aria-label=\"\" role=\"img\" ><\/div>\n\t\t\t\t\t\t\t\t\t\t\t<div class=\"elementor-gallery-item__overlay\"><\/div>\n\t\t\t\t\t\t\t\t\t\t\t\t\t\t<\/a>\n\t\t\t\t\t\t\t<a class=\"e-gallery-item elementor-gallery-item elementor-animated-content\" href=\"https:\/\/clasclas.com\/wp-content\/uploads\/2025\/12\/92c6b9_e7f0787e194948c683862bdfeb21d91emv2_d_3024_4032_s_4_2.avif\" data-elementor-open-lightbox=\"yes\" data-elementor-lightbox-slideshow=\"b006755\" data-e-action-hash=\"#elementor-action%3Aaction%3Dlightbox%26settings%3DeyJpZCI6MTcyNCwidXJsIjoiaHR0cHM6XC9cL2NsYXNjbGFzLmNvbVwvd3AtY29udGVudFwvdXBsb2Fkc1wvMjAyNVwvMTJcLzkyYzZiOV9lN2YwNzg3ZTE5NDk0OGM2ODM4NjJiZGZlYjIxZDkxZW12Ml9kXzMwMjRfNDAzMl9zXzRfMi5hdmlmIiwic2xpZGVzaG93IjoiYjAwNjc1NSJ9\">\n\t\t\t\t\t<div class=\"e-gallery-image elementor-gallery-item__image\" data-thumbnail=\"https:\/\/clasclas.com\/wp-content\/uploads\/2025\/12\/92c6b9_e7f0787e194948c683862bdfeb21d91emv2_d_3024_4032_s_4_2.avif\" data-width=\"667\" data-height=\"890\" aria-label=\"\" role=\"img\" ><\/div>\n\t\t\t\t\t\t\t\t\t\t\t<div class=\"elementor-gallery-item__overlay\"><\/div>\n\t\t\t\t\t\t\t\t\t\t\t\t\t\t<\/a>\n\t\t\t\t\t\t\t<a class=\"e-gallery-item elementor-gallery-item elementor-animated-content\" href=\"https:\/\/clasclas.com\/wp-content\/uploads\/2025\/12\/92c6b9_61b5aed899cc40b58882d65de21cef66mv2_d_3024_4032_s_4_2.avif\" data-elementor-open-lightbox=\"yes\" data-elementor-lightbox-slideshow=\"b006755\" data-e-action-hash=\"#elementor-action%3Aaction%3Dlightbox%26settings%3DeyJpZCI6MTcyNSwidXJsIjoiaHR0cHM6XC9cL2NsYXNjbGFzLmNvbVwvd3AtY29udGVudFwvdXBsb2Fkc1wvMjAyNVwvMTJcLzkyYzZiOV82MWI1YWVkODk5Y2M0MGI1ODg4MmQ2NWRlMjFjZWY2Nm12Ml9kXzMwMjRfNDAzMl9zXzRfMi5hdmlmIiwic2xpZGVzaG93IjoiYjAwNjc1NSJ9\">\n\t\t\t\t\t<div class=\"e-gallery-image elementor-gallery-item__image\" data-thumbnail=\"https:\/\/clasclas.com\/wp-content\/uploads\/2025\/12\/92c6b9_61b5aed899cc40b58882d65de21cef66mv2_d_3024_4032_s_4_2.avif\" data-width=\"667\" data-height=\"890\" aria-label=\"\" role=\"img\" ><\/div>\n\t\t\t\t\t\t\t\t\t\t\t<div class=\"elementor-gallery-item__overlay\"><\/div>\n\t\t\t\t\t\t\t\t\t\t\t\t\t\t<\/a>\n\t\t\t\t\t\t\t<a class=\"e-gallery-item elementor-gallery-item elementor-animated-content\" href=\"https:\/\/clasclas.com\/wp-content\/uploads\/2025\/12\/92c6b9_6e0a51fe550147de821665b9aacc9f91mv2_d_4928_3264_s_4_2.avif\" data-elementor-open-lightbox=\"yes\" data-elementor-lightbox-slideshow=\"b006755\" data-e-action-hash=\"#elementor-action%3Aaction%3Dlightbox%26settings%3DeyJpZCI6MTcyNiwidXJsIjoiaHR0cHM6XC9cL2NsYXNjbGFzLmNvbVwvd3AtY29udGVudFwvdXBsb2Fkc1wvMjAyNVwvMTJcLzkyYzZiOV82ZTBhNTFmZTU1MDE0N2RlODIxNjY1YjlhYWNjOWY5MW12Ml9kXzQ5MjhfMzI2NF9zXzRfMi5hdmlmIiwic2xpZGVzaG93IjoiYjAwNjc1NSJ9\">\n\t\t\t\t\t<div class=\"e-gallery-image elementor-gallery-item__image\" data-thumbnail=\"https:\/\/clasclas.com\/wp-content\/uploads\/2025\/12\/92c6b9_6e0a51fe550147de821665b9aacc9f91mv2_d_4928_3264_s_4_2-768x508.avif\" data-width=\"768\" data-height=\"508\" aria-label=\"\" role=\"img\" ><\/div>\n\t\t\t\t\t\t\t\t\t\t\t<div class=\"elementor-gallery-item__overlay\"><\/div>\n\t\t\t\t\t\t\t\t\t\t\t\t\t\t<\/a>\n\t\t\t\t\t\t\t<a class=\"e-gallery-item elementor-gallery-item elementor-animated-content\" href=\"https:\/\/clasclas.com\/wp-content\/uploads\/2025\/12\/92c6b9_a72443a5f4ab46ed97585f12c727b757mv2.avif\" data-elementor-open-lightbox=\"yes\" data-elementor-lightbox-slideshow=\"b006755\" data-e-action-hash=\"#elementor-action%3Aaction%3Dlightbox%26settings%3DeyJpZCI6MTcyNywidXJsIjoiaHR0cHM6XC9cL2NsYXNjbGFzLmNvbVwvd3AtY29udGVudFwvdXBsb2Fkc1wvMjAyNVwvMTJcLzkyYzZiOV9hNzI0NDNhNWY0YWI0NmVkOTc1ODVmMTJjNzI3Yjc1N212Mi5hdmlmIiwic2xpZGVzaG93IjoiYjAwNjc1NSJ9\">\n\t\t\t\t\t<div class=\"e-gallery-image elementor-gallery-item__image\" data-thumbnail=\"https:\/\/clasclas.com\/wp-content\/uploads\/2025\/12\/92c6b9_a72443a5f4ab46ed97585f12c727b757mv2.avif\" data-width=\"593\" data-height=\"890\" aria-label=\"\" role=\"img\" ><\/div>\n\t\t\t\t\t\t\t\t\t\t\t<div class=\"elementor-gallery-item__overlay\"><\/div>\n\t\t\t\t\t\t\t\t\t\t\t\t\t\t<\/a>\n\t\t\t\t\t<\/div>\n\t\t\t\t\t<\/div>\n\t\t\t\t<div class=\"elementor-element elementor-element-ad506e0 elementor-widget elementor-widget-video\" data-id=\"ad506e0\" data-element_type=\"widget\" data-settings=\"{&quot;youtube_url&quot;:&quot;https:\\\/\\\/www.youtube.com\\\/watch?v=fb8JjMEkmlw&quot;,&quot;yt_privacy&quot;:&quot;yes&quot;,&quot;video_type&quot;:&quot;youtube&quot;,&quot;controls&quot;:&quot;yes&quot;}\" data-widget_type=\"video.default\">\n\t\t\t\t\t\t\t<div class=\"elementor-wrapper elementor-open-inline\">\n\t\t\t<div class=\"elementor-video\"><\/div>\t\t<\/div>\n\t\t\t\t\t\t<\/div>\n\t\t\t\t<div class=\"elementor-element elementor-element-29dc990 elementor-widget elementor-widget-video\" data-id=\"29dc990\" data-element_type=\"widget\" data-settings=\"{&quot;youtube_url&quot;:&quot;https:\\\/\\\/www.youtube.com\\\/watch?v=LKXWHjkkfjU&quot;,&quot;yt_privacy&quot;:&quot;yes&quot;,&quot;video_type&quot;:&quot;youtube&quot;,&quot;controls&quot;:&quot;yes&quot;}\" data-widget_type=\"video.default\">\n\t\t\t\t\t\t\t<div class=\"elementor-wrapper elementor-open-inline\">\n\t\t\t<div class=\"elementor-video\"><\/div>\t\t<\/div>\n\t\t\t\t\t\t<\/div>\n\t\t\t\t<div class=\"elementor-element elementor-element-d081abd elementor-widget elementor-widget-video\" data-id=\"d081abd\" data-element_type=\"widget\" data-settings=\"{&quot;youtube_url&quot;:&quot;https:\\\/\\\/www.youtube.com\\\/watch?v=ukLGowThrZ4&quot;,&quot;yt_privacy&quot;:&quot;yes&quot;,&quot;video_type&quot;:&quot;youtube&quot;,&quot;controls&quot;:&quot;yes&quot;}\" data-widget_type=\"video.default\">\n\t\t\t\t\t\t\t<div class=\"elementor-wrapper elementor-open-inline\">\n\t\t\t<div class=\"elementor-video\"><\/div>\t\t<\/div>\n\t\t\t\t\t\t<\/div>\n\t\t\t\t<div class=\"elementor-element elementor-element-f6a40c2 elementor-widget elementor-widget-video\" data-id=\"f6a40c2\" data-element_type=\"widget\" data-settings=\"{&quot;youtube_url&quot;:&quot;https:\\\/\\\/www.youtube.com\\\/watch?v=mFFexVZifVk&quot;,&quot;yt_privacy&quot;:&quot;yes&quot;,&quot;video_type&quot;:&quot;youtube&quot;,&quot;controls&quot;:&quot;yes&quot;}\" data-widget_type=\"video.default\">\n\t\t\t\t\t\t\t<div class=\"elementor-wrapper elementor-open-inline\">\n\t\t\t<div class=\"elementor-video\"><\/div>\t\t<\/div>\n\t\t\t\t\t\t<\/div>\n\t\t\t\t\t<\/div>\n\t\t\t\t<\/div>\n\t\t\t\t<\/div>\n\t\t","protected":false},"excerpt":{"rendered":"<p>As\u00ed foi a edici\u00f3n clascl\u00e1s 2018 Descargar dossier https:\/\/www.youtube.com\/watch?v=EqPhdlsE84Uhttps:\/\/www.youtube.com\/watch?v=hH0K2Nmh2sk https:\/\/www.youtube.com\/watch?v=fb8JjMEkmlwhttps:\/\/www.youtube.com\/watch?v=LKXWHjkkfjUhttps:\/\/www.youtube.com\/watch?v=ukLGowThrZ4https:\/\/www.youtube.com\/watch?v=mFFexVZifVk<\/p>\n","protected":false},"author":2,"featured_media":0,"parent":1704,"menu_order":0,"comment_status":"closed","ping_status":"closed","template":"","meta":{"inline_featured_image":false,"footnotes":""},"class_list":["post-1715","page","type-page","status-publish","hentry"],"_links":{"self":[{"href":"https:\/\/clasclas.com\/gl\/wp-json\/wp\/v2\/pages\/1715","targetHints":{"allow":["GET"]}}],"collection":[{"href":"https:\/\/clasclas.com\/gl\/wp-json\/wp\/v2\/pages"}],"about":[{"href":"https:\/\/clasclas.com\/gl\/wp-json\/wp\/v2\/types\/page"}],"author":[{"embeddable":true,"href":"https:\/\/clasclas.com\/gl\/wp-json\/wp\/v2\/users\/2"}],"replies":[{"embeddable":true,"href":"https:\/\/clasclas.com\/gl\/wp-json\/wp\/v2\/comments?post=1715"}],"version-history":[{"count":2,"href":"https:\/\/clasclas.com\/gl\/wp-json\/wp\/v2\/pages\/1715\/revisions"}],"predecessor-version":[{"id":1729,"href":"https:\/\/clasclas.com\/gl\/wp-json\/wp\/v2\/pages\/1715\/revisions\/1729"}],"up":[{"embeddable":true,"href":"https:\/\/clasclas.com\/gl\/wp-json\/wp\/v2\/pages\/1704"}],"wp:attachment":[{"href":"https:\/\/clasclas.com\/gl\/wp-json\/wp\/v2\/media?parent=1715"}],"curies":[{"name":"wp","href":"https:\/\/api.w.org\/{rel}","templated":true}]}}