{"id":1704,"date":"2025-12-04T09:39:54","date_gmt":"2025-12-04T08:39:54","guid":{"rendered":"https:\/\/clasclas.com\/ediciones-anteriores\/"},"modified":"2026-03-31T19:44:54","modified_gmt":"2026-03-31T17:44:54","slug":"ediciones-anteriores","status":"publish","type":"page","link":"https:\/\/clasclas.com\/gl\/ediciones-anteriores\/","title":{"rendered":"Edici\u00f3ns anteriores"},"content":{"rendered":"\t\t<div data-elementor-type=\"wp-page\" data-elementor-id=\"1704\" class=\"elementor elementor-1704 elementor-748\" data-elementor-post-type=\"page\">\n\t\t\t\t<div class=\"elementor-element elementor-element-e7c5a1d e-con-full e-flex e-con e-parent\" data-id=\"e7c5a1d\" data-element_type=\"container\">\n\t\t\t\t<div class=\"elementor-element elementor-element-3a37326 elementor-widget elementor-widget-image\" data-id=\"3a37326\" data-element_type=\"widget\" data-widget_type=\"image.default\">\n\t\t\t\t\t\t\t\t\t\t\t\t\t\t\t\t<a href=\"https:\/\/clasclas.com\/wp-content\/uploads\/2025\/12\/92c6b9_3275fa55a5644987832b789ea0ad76acmv2.jpg\" data-elementor-open-lightbox=\"yes\" data-e-action-hash=\"#elementor-action%3Aaction%3Dlightbox%26settings%3DeyJpZCI6MTcwNiwidXJsIjoiaHR0cHM6XC9cL2NsYXNjbGFzLmNvbVwvd3AtY29udGVudFwvdXBsb2Fkc1wvMjAyNVwvMTJcLzkyYzZiOV8zMjc1ZmE1NWE1NjQ0OTg3ODMyYjc4OWVhMGFkNzZhY212Mi5qcGcifQ%3D%3D\">\n\t\t\t\t\t\t\t<img fetchpriority=\"high\" decoding=\"async\" width=\"2560\" height=\"523\" src=\"https:\/\/clasclas.com\/wp-content\/uploads\/2025\/12\/92c6b9_3275fa55a5644987832b789ea0ad76acmv2.jpg\" class=\"attachment-full size-full wp-image-1706\" alt=\"\" srcset=\"https:\/\/clasclas.com\/wp-content\/uploads\/2025\/12\/92c6b9_3275fa55a5644987832b789ea0ad76acmv2.jpg 2560w, https:\/\/clasclas.com\/wp-content\/uploads\/2025\/12\/92c6b9_3275fa55a5644987832b789ea0ad76acmv2-300x61.jpg 300w, https:\/\/clasclas.com\/wp-content\/uploads\/2025\/12\/92c6b9_3275fa55a5644987832b789ea0ad76acmv2-1024x209.jpg 1024w, https:\/\/clasclas.com\/wp-content\/uploads\/2025\/12\/92c6b9_3275fa55a5644987832b789ea0ad76acmv2-768x157.jpg 768w, https:\/\/clasclas.com\/wp-content\/uploads\/2025\/12\/92c6b9_3275fa55a5644987832b789ea0ad76acmv2-1536x314.jpg 1536w, https:\/\/clasclas.com\/wp-content\/uploads\/2025\/12\/92c6b9_3275fa55a5644987832b789ea0ad76acmv2-2048x418.jpg 2048w\" sizes=\"(max-width: 2560px) 100vw, 2560px\" \/>\t\t\t\t\t\t\t\t<\/a>\n\t\t\t\t\t\t\t\t\t\t\t\t\t\t\t<\/div>\n\t\t\t\t<\/div>\n\t\t<div class=\"elementor-element elementor-element-39e4f07 container-padding e-con-full e-flex e-con e-parent\" data-id=\"39e4f07\" data-element_type=\"container\">\n\t\t<div class=\"elementor-element elementor-element-4ea2714 e-flex e-con-boxed e-con e-child\" data-id=\"4ea2714\" data-element_type=\"container\">\n\t\t\t\t\t<div class=\"e-con-inner\">\n\t\t<div class=\"elementor-element elementor-element-879171e e-con-full e-flex e-con e-child\" data-id=\"879171e\" data-element_type=\"container\">\n\t\t\t\t<div class=\"elementor-element elementor-element-8f076d2 elementor-widget elementor-widget-image\" data-id=\"8f076d2\" data-element_type=\"widget\" data-widget_type=\"image.default\">\n\t\t\t\t\t\t\t\t\t\t\t\t\t\t\t\t<a href=\"https:\/\/clasclas.com\/gl\/ediciones-anteriores\/asi-foi-a-edicion-2025\/\">\n\t\t\t\t\t\t\t<img decoding=\"async\" width=\"683\" height=\"450\" src=\"https:\/\/clasclas.com\/wp-content\/uploads\/2025\/12\/92c6b9_c3d882cc0bb94070ba30b70aa365c34dmv2.jpg\" class=\"attachment-large size-large wp-image-1584\" alt=\"\" srcset=\"https:\/\/clasclas.com\/wp-content\/uploads\/2025\/12\/92c6b9_c3d882cc0bb94070ba30b70aa365c34dmv2.jpg 683w, https:\/\/clasclas.com\/wp-content\/uploads\/2025\/12\/92c6b9_c3d882cc0bb94070ba30b70aa365c34dmv2-300x198.jpg 300w\" sizes=\"(max-width: 683px) 100vw, 683px\" \/>\t\t\t\t\t\t\t\t<\/a>\n\t\t\t\t\t\t\t\t\t\t\t\t\t\t\t<\/div>\n\t\t\t\t<div class=\"elementor-element elementor-element-6cdc77e elementor-widget elementor-widget-heading\" data-id=\"6cdc77e\" data-element_type=\"widget\" data-widget_type=\"heading.default\">\n\t\t\t\t\t<h2 class=\"elementor-heading-title elementor-size-default\"><a href=\"https:\/\/clasclas.com\/gl\/ediciones-anteriores\/asi-foi-a-edicion-2025\/\">Edici\u00f3n 2025<\/a><\/h2>\t\t\t\t<\/div>\n\t\t\t\t<\/div>\n\t\t\t\t<div class=\"elementor-element elementor-element-b12be3b elementor-widget-divider--view-line elementor-widget elementor-widget-divider\" data-id=\"b12be3b\" data-element_type=\"widget\" data-widget_type=\"divider.default\">\n\t\t\t\t\t\t\t<div class=\"elementor-divider\">\n\t\t\t<span class=\"elementor-divider-separator\">\n\t\t\t\t\t\t<\/span>\n\t\t<\/div>\n\t\t\t\t\t\t<\/div>\n\t\t<div class=\"elementor-element elementor-element-224ffe4 e-con-full e-flex e-con e-child\" data-id=\"224ffe4\" data-element_type=\"container\">\n\t\t\t\t<div class=\"elementor-element elementor-element-a6f9dea elementor-widget elementor-widget-image\" data-id=\"a6f9dea\" data-element_type=\"widget\" data-widget_type=\"image.default\">\n\t\t\t\t\t\t\t\t\t\t\t\t\t\t\t\t<a href=\"https:\/\/clasclas.com\/ediciones-anteriores\/asi-fue-la-edicion-2024\/\">\n\t\t\t\t\t\t\t<img decoding=\"async\" width=\"683\" height=\"450\" src=\"https:\/\/clasclas.com\/wp-content\/uploads\/2025\/12\/92c6b9_6721e7ccfe914c92ae3f3015553d1b3emv2.jpg\" class=\"attachment-large size-large wp-image-1707\" alt=\"\" srcset=\"https:\/\/clasclas.com\/wp-content\/uploads\/2025\/12\/92c6b9_6721e7ccfe914c92ae3f3015553d1b3emv2.jpg 683w, https:\/\/clasclas.com\/wp-content\/uploads\/2025\/12\/92c6b9_6721e7ccfe914c92ae3f3015553d1b3emv2-300x198.jpg 300w\" sizes=\"(max-width: 683px) 100vw, 683px\" \/>\t\t\t\t\t\t\t\t<\/a>\n\t\t\t\t\t\t\t\t\t\t\t\t\t\t\t<\/div>\n\t\t\t\t<div class=\"elementor-element elementor-element-6e2d57e elementor-widget elementor-widget-heading\" data-id=\"6e2d57e\" data-element_type=\"widget\" data-widget_type=\"heading.default\">\n\t\t\t\t\t<h2 class=\"elementor-heading-title elementor-size-default\"><a href=\"https:\/\/clasclas.com\/ediciones-anteriores\/asi-fue-la-edicion-2024\/\">Edici\u00f3n 2024<\/a><\/h2>\t\t\t\t<\/div>\n\t\t\t\t<\/div>\n\t\t\t\t<div class=\"elementor-element elementor-element-984ced3 elementor-widget-divider--view-line elementor-widget elementor-widget-divider\" data-id=\"984ced3\" data-element_type=\"widget\" data-widget_type=\"divider.default\">\n\t\t\t\t\t\t\t<div class=\"elementor-divider\">\n\t\t\t<span class=\"elementor-divider-separator\">\n\t\t\t\t\t\t<\/span>\n\t\t<\/div>\n\t\t\t\t\t\t<\/div>\n\t\t<div class=\"elementor-element elementor-element-bd24a97 e-con-full e-flex e-con e-child\" data-id=\"bd24a97\" data-element_type=\"container\">\n\t\t\t\t<div class=\"elementor-element elementor-element-11aff5e elementor-widget elementor-widget-image\" data-id=\"11aff5e\" data-element_type=\"widget\" data-widget_type=\"image.default\">\n\t\t\t\t\t\t\t\t\t\t\t\t\t\t\t\t<a href=\"https:\/\/clasclas.com\/ediciones-anteriores\/asi-fue-la-edicion-2023\/\">\n\t\t\t\t\t\t\t<img loading=\"lazy\" decoding=\"async\" width=\"683\" height=\"450\" src=\"https:\/\/clasclas.com\/wp-content\/uploads\/2025\/12\/92c6b9_23c85847da1e498f84f40f4423f6fa90mv2.jpg\" class=\"attachment-large size-large wp-image-1708\" alt=\"\" srcset=\"https:\/\/clasclas.com\/wp-content\/uploads\/2025\/12\/92c6b9_23c85847da1e498f84f40f4423f6fa90mv2.jpg 683w, https:\/\/clasclas.com\/wp-content\/uploads\/2025\/12\/92c6b9_23c85847da1e498f84f40f4423f6fa90mv2-300x198.jpg 300w\" sizes=\"(max-width: 683px) 100vw, 683px\" \/>\t\t\t\t\t\t\t\t<\/a>\n\t\t\t\t\t\t\t\t\t\t\t\t\t\t\t<\/div>\n\t\t\t\t<div class=\"elementor-element elementor-element-9b1ca31 elementor-widget elementor-widget-heading\" data-id=\"9b1ca31\" data-element_type=\"widget\" data-widget_type=\"heading.default\">\n\t\t\t\t\t<h2 class=\"elementor-heading-title elementor-size-default\"><a href=\"https:\/\/clasclas.com\/ediciones-anteriores\/asi-fue-la-edicion-2023\/\">Edici\u00f3n 2023<\/a><\/h2>\t\t\t\t<\/div>\n\t\t\t\t<\/div>\n\t\t\t\t<div class=\"elementor-element elementor-element-0a23bde elementor-widget-divider--view-line elementor-widget elementor-widget-divider\" data-id=\"0a23bde\" data-element_type=\"widget\" data-widget_type=\"divider.default\">\n\t\t\t\t\t\t\t<div class=\"elementor-divider\">\n\t\t\t<span class=\"elementor-divider-separator\">\n\t\t\t\t\t\t<\/span>\n\t\t<\/div>\n\t\t\t\t\t\t<\/div>\n\t\t<div class=\"elementor-element elementor-element-cfebd08 e-con-full e-flex e-con e-child\" data-id=\"cfebd08\" data-element_type=\"container\">\n\t\t\t\t<div class=\"elementor-element elementor-element-939e692 elementor-widget elementor-widget-image\" data-id=\"939e692\" data-element_type=\"widget\" data-widget_type=\"image.default\">\n\t\t\t\t\t\t\t\t\t\t\t\t\t\t\t\t<a href=\"https:\/\/clasclas.com\/ediciones-anteriores\/asi-fue-la-edicion-2022\/\">\n\t\t\t\t\t\t\t<img loading=\"lazy\" decoding=\"async\" width=\"683\" height=\"450\" src=\"https:\/\/clasclas.com\/wp-content\/uploads\/2025\/12\/92c6b9_8888a7d43a004670b595b0443f98fab4mv2.jpg\" class=\"attachment-large size-large wp-image-1709\" alt=\"\" srcset=\"https:\/\/clasclas.com\/wp-content\/uploads\/2025\/12\/92c6b9_8888a7d43a004670b595b0443f98fab4mv2.jpg 683w, https:\/\/clasclas.com\/wp-content\/uploads\/2025\/12\/92c6b9_8888a7d43a004670b595b0443f98fab4mv2-300x198.jpg 300w\" sizes=\"(max-width: 683px) 100vw, 683px\" \/>\t\t\t\t\t\t\t\t<\/a>\n\t\t\t\t\t\t\t\t\t\t\t\t\t\t\t<\/div>\n\t\t\t\t<div class=\"elementor-element elementor-element-0c6f3df elementor-widget elementor-widget-heading\" data-id=\"0c6f3df\" data-element_type=\"widget\" data-widget_type=\"heading.default\">\n\t\t\t\t\t<h2 class=\"elementor-heading-title elementor-size-default\"><a href=\"https:\/\/clasclas.com\/ediciones-anteriores\/asi-fue-la-edicion-2022\/\">Edici\u00f3n 2022<\/a><\/h2>\t\t\t\t<\/div>\n\t\t\t\t<\/div>\n\t\t\t\t<div class=\"elementor-element elementor-element-9fa543c elementor-widget-divider--view-line elementor-widget elementor-widget-divider\" data-id=\"9fa543c\" data-element_type=\"widget\" data-widget_type=\"divider.default\">\n\t\t\t\t\t\t\t<div class=\"elementor-divider\">\n\t\t\t<span class=\"elementor-divider-separator\">\n\t\t\t\t\t\t<\/span>\n\t\t<\/div>\n\t\t\t\t\t\t<\/div>\n\t\t<div class=\"elementor-element elementor-element-9d1da03 e-con-full e-flex e-con e-child\" data-id=\"9d1da03\" data-element_type=\"container\">\n\t\t\t\t<div class=\"elementor-element elementor-element-866691e elementor-widget elementor-widget-image\" data-id=\"866691e\" data-element_type=\"widget\" data-widget_type=\"image.default\">\n\t\t\t\t\t\t\t\t\t\t\t\t\t\t\t\t<a href=\"https:\/\/clasclas.com\/ediciones-anteriores\/asi-fue-la-edicion-2021\/\">\n\t\t\t\t\t\t\t<img loading=\"lazy\" decoding=\"async\" width=\"800\" height=\"535\" src=\"https:\/\/clasclas.com\/wp-content\/uploads\/2025\/12\/92c6b9_6a0ac2e427ed4b198144127014e6bd73mv2.jpg\" class=\"attachment-large size-large wp-image-1705\" alt=\"\" srcset=\"https:\/\/clasclas.com\/wp-content\/uploads\/2025\/12\/92c6b9_6a0ac2e427ed4b198144127014e6bd73mv2.jpg 900w, https:\/\/clasclas.com\/wp-content\/uploads\/2025\/12\/92c6b9_6a0ac2e427ed4b198144127014e6bd73mv2-300x201.jpg 300w, https:\/\/clasclas.com\/wp-content\/uploads\/2025\/12\/92c6b9_6a0ac2e427ed4b198144127014e6bd73mv2-768x514.jpg 768w\" sizes=\"(max-width: 800px) 100vw, 800px\" \/>\t\t\t\t\t\t\t\t<\/a>\n\t\t\t\t\t\t\t\t\t\t\t\t\t\t\t<\/div>\n\t\t\t\t<div class=\"elementor-element elementor-element-cef8b14 elementor-widget elementor-widget-heading\" data-id=\"cef8b14\" data-element_type=\"widget\" data-widget_type=\"heading.default\">\n\t\t\t\t\t<h2 class=\"elementor-heading-title elementor-size-default\"><a href=\"https:\/\/clasclas.com\/ediciones-anteriores\/asi-fue-la-edicion-2021\/\">Edici\u00f3n 2021<\/a><\/h2>\t\t\t\t<\/div>\n\t\t\t\t<\/div>\n\t\t\t\t<div class=\"elementor-element elementor-element-3854f30 elementor-widget-divider--view-line elementor-widget elementor-widget-divider\" data-id=\"3854f30\" data-element_type=\"widget\" data-widget_type=\"divider.default\">\n\t\t\t\t\t\t\t<div class=\"elementor-divider\">\n\t\t\t<span class=\"elementor-divider-separator\">\n\t\t\t\t\t\t<\/span>\n\t\t<\/div>\n\t\t\t\t\t\t<\/div>\n\t\t<div class=\"elementor-element elementor-element-d473b9b e-con-full e-flex e-con e-child\" data-id=\"d473b9b\" data-element_type=\"container\">\n\t\t\t\t<div class=\"elementor-element elementor-element-04c8559 elementor-widget elementor-widget-image\" data-id=\"04c8559\" data-element_type=\"widget\" data-widget_type=\"image.default\">\n\t\t\t\t\t\t\t\t\t\t\t\t\t\t\t\t<a href=\"https:\/\/clasclas.com\/ediciones-anteriores\/asi-fue-la-edicion-2020\/\">\n\t\t\t\t\t\t\t<img loading=\"lazy\" decoding=\"async\" width=\"800\" height=\"535\" src=\"https:\/\/clasclas.com\/wp-content\/uploads\/2025\/12\/92c6b9_e82fcf21b7824a0cad1ea85e1203d66amv2.jpg\" class=\"attachment-large size-large wp-image-1710\" alt=\"\" srcset=\"https:\/\/clasclas.com\/wp-content\/uploads\/2025\/12\/92c6b9_e82fcf21b7824a0cad1ea85e1203d66amv2.jpg 900w, https:\/\/clasclas.com\/wp-content\/uploads\/2025\/12\/92c6b9_e82fcf21b7824a0cad1ea85e1203d66amv2-300x201.jpg 300w, https:\/\/clasclas.com\/wp-content\/uploads\/2025\/12\/92c6b9_e82fcf21b7824a0cad1ea85e1203d66amv2-768x514.jpg 768w\" sizes=\"(max-width: 800px) 100vw, 800px\" \/>\t\t\t\t\t\t\t\t<\/a>\n\t\t\t\t\t\t\t\t\t\t\t\t\t\t\t<\/div>\n\t\t\t\t<div class=\"elementor-element elementor-element-4c6dcb5 elementor-widget elementor-widget-heading\" data-id=\"4c6dcb5\" data-element_type=\"widget\" data-widget_type=\"heading.default\">\n\t\t\t\t\t<h2 class=\"elementor-heading-title elementor-size-default\"><a href=\"https:\/\/clasclas.com\/ediciones-anteriores\/asi-fue-la-edicion-2020\/\">Edici\u00f3n 2020<\/a><\/h2>\t\t\t\t<\/div>\n\t\t\t\t<\/div>\n\t\t\t\t<div class=\"elementor-element elementor-element-3bae9c8 elementor-widget-divider--view-line elementor-widget elementor-widget-divider\" data-id=\"3bae9c8\" data-element_type=\"widget\" data-widget_type=\"divider.default\">\n\t\t\t\t\t\t\t<div class=\"elementor-divider\">\n\t\t\t<span class=\"elementor-divider-separator\">\n\t\t\t\t\t\t<\/span>\n\t\t<\/div>\n\t\t\t\t\t\t<\/div>\n\t\t<div class=\"elementor-element elementor-element-cc5048c e-con-full e-flex e-con e-child\" data-id=\"cc5048c\" data-element_type=\"container\">\n\t\t\t\t<div class=\"elementor-element elementor-element-952e060 elementor-widget elementor-widget-image\" data-id=\"952e060\" data-element_type=\"widget\" data-widget_type=\"image.default\">\n\t\t\t\t\t\t\t\t\t\t\t\t\t\t\t\t<a href=\"https:\/\/clasclas.com\/ediciones-anteriores\/asi-fue-la-edicion-2019\/\">\n\t\t\t\t\t\t\t<img loading=\"lazy\" decoding=\"async\" width=\"800\" height=\"569\" src=\"https:\/\/clasclas.com\/wp-content\/uploads\/2025\/12\/92c6b9_c3fe5a929ab043e2bfd1cd64b5ffae49mv2.jpg\" class=\"attachment-large size-large wp-image-1711\" alt=\"\" srcset=\"https:\/\/clasclas.com\/wp-content\/uploads\/2025\/12\/92c6b9_c3fe5a929ab043e2bfd1cd64b5ffae49mv2.jpg 980w, https:\/\/clasclas.com\/wp-content\/uploads\/2025\/12\/92c6b9_c3fe5a929ab043e2bfd1cd64b5ffae49mv2-300x213.jpg 300w, https:\/\/clasclas.com\/wp-content\/uploads\/2025\/12\/92c6b9_c3fe5a929ab043e2bfd1cd64b5ffae49mv2-768x546.jpg 768w\" sizes=\"(max-width: 800px) 100vw, 800px\" \/>\t\t\t\t\t\t\t\t<\/a>\n\t\t\t\t\t\t\t\t\t\t\t\t\t\t\t<\/div>\n\t\t\t\t<div class=\"elementor-element elementor-element-78c4253 elementor-widget elementor-widget-heading\" data-id=\"78c4253\" data-element_type=\"widget\" data-widget_type=\"heading.default\">\n\t\t\t\t\t<h2 class=\"elementor-heading-title elementor-size-default\"><a href=\"https:\/\/clasclas.com\/ediciones-anteriores\/asi-fue-la-edicion-2019\/\">Edici\u00f3n 2019<\/a><\/h2>\t\t\t\t<\/div>\n\t\t\t\t<\/div>\n\t\t\t\t<div class=\"elementor-element elementor-element-7b75998 elementor-widget-divider--view-line elementor-widget elementor-widget-divider\" data-id=\"7b75998\" data-element_type=\"widget\" data-widget_type=\"divider.default\">\n\t\t\t\t\t\t\t<div class=\"elementor-divider\">\n\t\t\t<span class=\"elementor-divider-separator\">\n\t\t\t\t\t\t<\/span>\n\t\t<\/div>\n\t\t\t\t\t\t<\/div>\n\t\t<div class=\"elementor-element elementor-element-2d9fcbb e-con-full e-flex e-con e-child\" data-id=\"2d9fcbb\" data-element_type=\"container\">\n\t\t\t\t<div class=\"elementor-element elementor-element-4f123e4 elementor-widget elementor-widget-image\" data-id=\"4f123e4\" data-element_type=\"widget\" data-widget_type=\"image.default\">\n\t\t\t\t\t\t\t\t\t\t\t\t\t\t\t\t<a href=\"https:\/\/clasclas.com\/ediciones-anteriores\/asi-fue-la-edicion-2018\/\">\n\t\t\t\t\t\t\t<img loading=\"lazy\" decoding=\"async\" width=\"683\" height=\"450\" src=\"https:\/\/clasclas.com\/wp-content\/uploads\/2025\/12\/92c6b9_70f7e56498db4831ad6c9a525bc7aaa6mv2.jpg\" class=\"attachment-large size-large wp-image-1712\" alt=\"\" srcset=\"https:\/\/clasclas.com\/wp-content\/uploads\/2025\/12\/92c6b9_70f7e56498db4831ad6c9a525bc7aaa6mv2.jpg 683w, https:\/\/clasclas.com\/wp-content\/uploads\/2025\/12\/92c6b9_70f7e56498db4831ad6c9a525bc7aaa6mv2-300x198.jpg 300w\" sizes=\"(max-width: 683px) 100vw, 683px\" \/>\t\t\t\t\t\t\t\t<\/a>\n\t\t\t\t\t\t\t\t\t\t\t\t\t\t\t<\/div>\n\t\t\t\t<div class=\"elementor-element elementor-element-c4f9233 elementor-widget elementor-widget-heading\" data-id=\"c4f9233\" data-element_type=\"widget\" data-widget_type=\"heading.default\">\n\t\t\t\t\t<h2 class=\"elementor-heading-title elementor-size-default\"><a href=\"https:\/\/clasclas.com\/ediciones-anteriores\/asi-fue-la-edicion-2018\/\">Edici\u00f3n 2018<\/a><\/h2>\t\t\t\t<\/div>\n\t\t\t\t<\/div>\n\t\t\t\t\t<\/div>\n\t\t\t\t<\/div>\n\t\t\t\t<\/div>\n\t\t\t\t<\/div>\n\t\t","protected":false},"excerpt":{"rendered":"<p>Edici\u00f3n 2025 Edici\u00f3n 2024 Edici\u00f3n 2023 Edici\u00f3n 2022 Edici\u00f3n 2021 Edici\u00f3n 2020 Edici\u00f3n 2019 Edici\u00f3n 2018<\/p>\n","protected":false},"author":2,"featured_media":0,"parent":0,"menu_order":0,"comment_status":"closed","ping_status":"closed","template":"","meta":{"inline_featured_image":false,"footnotes":""},"class_list":["post-1704","page","type-page","status-publish","hentry"],"_links":{"self":[{"href":"https:\/\/clasclas.com\/gl\/wp-json\/wp\/v2\/pages\/1704","targetHints":{"allow":["GET"]}}],"collection":[{"href":"https:\/\/clasclas.com\/gl\/wp-json\/wp\/v2\/pages"}],"about":[{"href":"https:\/\/clasclas.com\/gl\/wp-json\/wp\/v2\/types\/page"}],"author":[{"embeddable":true,"href":"https:\/\/clasclas.com\/gl\/wp-json\/wp\/v2\/users\/2"}],"replies":[{"embeddable":true,"href":"https:\/\/clasclas.com\/gl\/wp-json\/wp\/v2\/comments?post=1704"}],"version-history":[{"count":7,"href":"https:\/\/clasclas.com\/gl\/wp-json\/wp\/v2\/pages\/1704\/revisions"}],"predecessor-version":[{"id":2639,"href":"https:\/\/clasclas.com\/gl\/wp-json\/wp\/v2\/pages\/1704\/revisions\/2639"}],"wp:attachment":[{"href":"https:\/\/clasclas.com\/gl\/wp-json\/wp\/v2\/media?parent=1704"}],"curies":[{"name":"wp","href":"https:\/\/api.w.org\/{rel}","templated":true}]}}