{"id":1699,"date":"2025-12-02T11:41:16","date_gmt":"2025-12-02T10:41:16","guid":{"rendered":"https:\/\/clasclas.com\/edicion-2025\/"},"modified":"2026-04-01T17:40:24","modified_gmt":"2026-04-01T15:40:24","slug":"edicion-2025","status":"publish","type":"page","link":"https:\/\/clasclas.com\/gl\/edicion-2025\/","title":{"rendered":"Edici\u00f3n 2026"},"content":{"rendered":"\t\t<div data-elementor-type=\"wp-page\" data-elementor-id=\"1699\" class=\"elementor elementor-1699 elementor-260\" data-elementor-post-type=\"page\">\n\t\t\t\t<div class=\"elementor-element elementor-element-ed85d95 e-flex e-con-boxed e-con e-parent\" data-id=\"ed85d95\" data-element_type=\"container\">\n\t\t\t\t\t<div class=\"e-con-inner\">\n\t\t\t\t<div class=\"elementor-element elementor-element-1107650 elementor-widget elementor-widget-image\" data-id=\"1107650\" data-element_type=\"widget\" data-widget_type=\"image.default\">\n\t\t\t\t\t\t\t\t\t\t\t\t\t\t\t\t<a href=\"https:\/\/clasclas.com\/wp-content\/uploads\/2026\/03\/0_portada-web-scaled.png\" data-elementor-open-lightbox=\"yes\" data-e-action-hash=\"#elementor-action%3Aaction%3Dlightbox%26settings%3DeyJpZCI6MjIxNCwidXJsIjoiaHR0cHM6XC9cL2NsYXNjbGFzLmNvbVwvd3AtY29udGVudFwvdXBsb2Fkc1wvMjAyNlwvMDNcLzBfcG9ydGFkYS13ZWItc2NhbGVkLnBuZyJ9\">\n\t\t\t\t\t\t\t<img fetchpriority=\"high\" decoding=\"async\" width=\"2560\" height=\"523\" src=\"https:\/\/clasclas.com\/wp-content\/uploads\/2026\/03\/0_portada-web-scaled.png\" class=\"attachment-full size-full wp-image-2214\" alt=\"\" srcset=\"https:\/\/clasclas.com\/wp-content\/uploads\/2026\/03\/0_portada-web-scaled.png 2560w, https:\/\/clasclas.com\/wp-content\/uploads\/2026\/03\/0_portada-web-300x61.png 300w, https:\/\/clasclas.com\/wp-content\/uploads\/2026\/03\/0_portada-web-1024x209.png 1024w, https:\/\/clasclas.com\/wp-content\/uploads\/2026\/03\/0_portada-web-768x157.png 768w, https:\/\/clasclas.com\/wp-content\/uploads\/2026\/03\/0_portada-web-1536x314.png 1536w, https:\/\/clasclas.com\/wp-content\/uploads\/2026\/03\/0_portada-web-2048x418.png 2048w\" sizes=\"(max-width: 2560px) 100vw, 2560px\" \/>\t\t\t\t\t\t\t\t<\/a>\n\t\t\t\t\t\t\t\t\t\t\t\t\t\t\t<\/div>\n\t\t\t\t\t<\/div>\n\t\t\t\t<\/div>\n\t\t<div class=\"elementor-element elementor-element-a332104 container-padding e-flex e-con-boxed e-con e-parent\" data-id=\"a332104\" data-element_type=\"container\">\n\t\t\t\t\t<div class=\"e-con-inner\">\n\t\t<div class=\"elementor-element elementor-element-aed33cc e-con-full cc-sidebar e-flex e-con e-child\" data-id=\"aed33cc\" data-element_type=\"container\">\n\t\t<div class=\"elementor-element elementor-element-9db32ea e-con-full cc-sidebar-inner e-flex e-con e-child\" data-id=\"9db32ea\" data-element_type=\"container\" data-settings=\"{&quot;sticky&quot;:&quot;top&quot;,&quot;sticky_offset&quot;:48,&quot;sticky_parent&quot;:&quot;yes&quot;,&quot;sticky_on&quot;:[&quot;desktop&quot;,&quot;tablet&quot;,&quot;mobile&quot;],&quot;sticky_effects_offset&quot;:0,&quot;sticky_anchor_link_offset&quot;:0}\">\n\t\t\t\t<div class=\"elementor-element elementor-element-eb867dc elementor-align-left elementor-widget elementor-widget-button\" data-id=\"eb867dc\" data-element_type=\"widget\" data-widget_type=\"button.default\">\n\t\t\t\t\t\t\t\t\t\t<a class=\"elementor-button elementor-button-link elementor-size-sm\" href=\"https:\/\/clasclas.com\/gl\/artistas-2025\/\">\n\t\t\t\t\t\t<span class=\"elementor-button-content-wrapper\">\n\t\t\t\t\t\t\t\t\t<span class=\"elementor-button-text\">Artistas 2026<\/span>\n\t\t\t\t\t<\/span>\n\t\t\t\t\t<\/a>\n\t\t\t\t\t\t\t\t<\/div>\n\t\t\t\t<\/div>\n\t\t\t\t<\/div>\n\t\t<div class=\"elementor-element elementor-element-4d573ab e-con-full e-flex e-con e-child\" data-id=\"4d573ab\" data-element_type=\"container\">\n\t\t\t\t<div class=\"elementor-element elementor-element-f6be5f8 elementor-widget elementor-widget-heading\" data-id=\"f6be5f8\" data-element_type=\"widget\" data-widget_type=\"heading.default\">\n\t\t\t\t\t<h2 class=\"elementor-heading-title elementor-size-default\">clascl\u00e1s 2026 | \u00b4paix\u00f3n\u00b4<\/h2>\t\t\t\t<\/div>\n\t\t\t\t<div class=\"elementor-element elementor-element-d2923ce elementor-widget elementor-widget-text-editor\" data-id=\"d2923ce\" data-element_type=\"widget\" data-widget_type=\"text-editor.default\">\n\t\t\t\t\t\t\t\t\t<p><span style=\"font-weight: 400;\">A edici\u00f3n de 2026 conv\u00e9rtese nunha aposta<\/span><b> pola emoci\u00f3n pura<\/b><span style=\"font-weight: 400;\">; un percorrido que vai dende a profundidade do Barroco e a mestr\u00eda interpretativa de grandes solistas e <\/span><i><span style=\"font-weight: 400;\">ensembles<\/span><\/i><span style=\"font-weight: 400;\">, ata a curiosidade infinita que nos esperta o Universo. Se a paix\u00f3n de Bach abrir\u00e1 as portas do esp\u00edrito no concerto inaugural, a forza r\u00edtmica e obsesiva de Ravel ser\u00e1 a encargada de devolvernos \u00e1 terra na clausura. O Festival Clascl\u00e1s celebra a s\u00faa <\/span><b>IX edici\u00f3n<\/b><span style=\"font-weight: 400;\"> en Vilagarc\u00eda de Arousa do <\/span><b>20 ao 27 de xu\u00f1o de 2026<\/b><span style=\"font-weight: 400;\">, consolidado como un referente de innovaci\u00f3n da m\u00fasica cl\u00e1sica actual. Nove anos de traxectoria non son s\u00f3 unha cifra: representan a maduraci\u00f3n dunha idea que hoxe florece nun sentimento compartido: a <\/span><b>PAIX\u00d3N<\/b><span style=\"font-weight: 400;\">. Baixo este lema, a edici\u00f3n de 2026 convida o p\u00fablico a descubrir a m\u00fasica non como un obxecto do pasado, sen\u00f3n como unha forza viva, transformadora e esencial.<\/span><\/p><p><span style=\"font-weight: 400;\">A paix\u00f3n \u00e9 o motor dos compositores, dos artistas que interpretan as obras, do equipo que leva a cabo este proxecto e do p\u00fablico leal que escoita cada un dos concertos con verdadeiro entusiasmo e atenci\u00f3n. E tam\u00e9n \u00e9 a que move este Clascl\u00e1s a trav\u00e9s dos seus cinco programas xa consolidados:<\/span><\/p><ul><li aria-level=\"1\"><span style=\"font-weight: 400;\">O sinf\u00f3nico-art\u00edstico, que se fusionan, por fin, nesta IX edici\u00f3n<\/span><\/li><\/ul><ul><li aria-level=\"1\"><span style=\"font-weight: 400;\">O programa matin\u00e9e<\/span><\/li><\/ul><ul><li aria-level=\"1\"><span style=\"font-weight: 400;\">O programa social e comunitario\u00a0<\/span><\/li><\/ul><ul><li aria-level=\"1\"><span style=\"font-weight: 400;\">O pedag\u00f3xico e de masterclasses\u00a0<\/span><\/li><\/ul><ul><li aria-level=\"1\"><span style=\"font-weight: 400;\">E o Clascl\u00e1s a p\u00e9 de r\u00faa<\/span><\/li><\/ul><p><span style=\"font-weight: 400;\">A maior novidade \u00e9, sen d\u00fabida, a participaci\u00f3n residente da <\/span><b>Orquestra Sinf\u00f3nica de Galicia (OSG), <\/b><span style=\"font-weight: 400;\">instituci\u00f3n de reco\u00f1ecido prestixio internacional que<\/span> <span style=\"font-weight: 400;\">sit\u00faa o Festival Clascl\u00e1s nun novo horizonte de excelencia. A s\u00faa implicaci\u00f3n como orquestra residente vai m\u00e1is al\u00e1 dunha colaboraci\u00f3n puntual, vertebrando a programaci\u00f3n desta edici\u00f3n a trav\u00e9s de dous fitos monumentais que serven de apertura e clausura do festival:\u00a0<\/span><\/p><ul><li aria-level=\"1\"><b>O concerto inaugural coa <\/b><i><span style=\"font-weight: 400;\">Paix\u00f3n segundo san Xo\u00e1n<\/span><\/i><span style=\"font-weight: 400;\"> de J. S. Bach, no que cinco solistas, a orquestra e\u00a0 coro da OSG estar\u00e1n baixo a direcci\u00f3n de <\/span><b>Carlos Mena<\/b><span style=\"font-weight: 400;\">, referente absoluto na interpretaci\u00f3n da m\u00fasica antiga que<\/span> <span style=\"font-weight: 400;\">garante unha visi\u00f3n unitaria e profunda desta obra cumio.<\/span><\/li><\/ul><ul><li aria-level=\"1\"><b>O concerto de clausura, <\/b><span style=\"font-weight: 400;\">que fusiona m\u00fasica e astronom\u00eda, onde a OSG ser\u00e1 dirixida por <\/span><b>Jos\u00e9 Trigueros<\/b><span style=\"font-weight: 400;\">. Un proxecto inmersivo en conmemoraci\u00f3n da eclipse solar do 12 de agosto de 2026 con obras de Richard Strauss, Joaqu\u00edn Rodrigo, Anton\u00edn Dvo<\/span><span style=\"font-weight: 400;\">\u0159<\/span><span style=\"font-weight: 400;\">ak, Claude Debussy, John Estacio e Maurice Ravel.\u00a0<\/span><\/li><\/ul><p><b><\/b><br \/><span style=\"font-weight: 400;\">A programaci\u00f3n desta IX edici\u00f3n presenta un equilibrio excepcional entre grandes instituci\u00f3ns como a <\/span><b>Orquestra Sinf\u00f3nica de Galicia<\/b><span style=\"font-weight: 400;\">, formaci\u00f3ns de c\u00e1mara de referencia e solistas internacionais que achegan unha gran frescura ao festival (como o <\/span><b>Terra String Quartet<\/b><span style=\"font-weight: 400;\">, <\/span><b>Bella Adamova<\/b><span style=\"font-weight: 400;\"> ou o pianista <\/span><b>Davit Khr\u00edkuli<\/b><span style=\"font-weight: 400;\">). A presenza de <\/span><b>Noelia Rodiles<\/b><span style=\"font-weight: 400;\">, reco\u00f1ecida pola s\u00faa solvencia na m\u00fasica contempor\u00e1nea, avala unha programaci\u00f3n que aposta polo talento de <\/span><b>Javier Mart\u00ednez Campos<\/b><span style=\"font-weight: 400;\"> e o patrimonio de <\/span><b>Fernando Bu\u00edde<\/b><span style=\"font-weight: 400;\">. Unha conxunci\u00f3n de excelencia que atopa o seu m\u00e1ximo expo\u00f1ente na <\/span><b>estrea mundial<\/b><span style=\"font-weight: 400;\"> da <\/span><i><span style=\"font-weight: 400;\">Tango suite<\/span><\/i><span style=\"font-weight: 400;\"> de Claudio <\/span><b>Constantini<\/b><span style=\"font-weight: 400;\">, posicionando o festival na vangarda da interpretaci\u00f3n internacional.<\/span><\/p><p><span style=\"font-weight: 400;\">O Clascl\u00e1s 2026 conv\u00e9rtese as\u00ed nunha viaxe por obras viscerais de alt\u00edsima carga emocional: dende a intensidade dos tangos de <\/span><b>Piazzolla<\/b><span style=\"font-weight: 400;\"> e a forza da <\/span><i><span style=\"font-weight: 400;\">Fantas\u00eda ba\u00e9tica<\/span><\/i><span style=\"font-weight: 400;\"> de <\/span><b>Falla<\/b><span style=\"font-weight: 400;\">, ata o lirismo de <\/span><b>Brahms<\/b><span style=\"font-weight: 400;\">, o monogr\u00e1fico de<\/span><b> Chopin <\/b><span style=\"font-weight: 400;\">a cargo de<\/span><b> Khr\u00edkuli<\/b><span style=\"font-weight: 400;\"> ou a fondura dos <\/span><b><i>lieder<\/i><\/b> <span style=\"font-weight: 400;\">de<\/span><b> Strauss <\/b><span style=\"font-weight: 400;\">e<\/span><b> Mahler<\/b><span style=\"font-weight: 400;\"> que escoitaremos na voz \u00fanica da mezzosoprano <\/span><b>Bella Ad\u00e1mova<\/b><span style=\"font-weight: 400;\">.<\/span><\/p><p><span style=\"font-weight: 400;\">Baixo esta premisa, o festival aspira a ser un espazo onde a excelencia interpretativa da OSG e o resto de artistas sirva para explorar a condici\u00f3n humana e a nosa relaci\u00f3n co cosmos. Reafirmamos as\u00ed a Vilagarc\u00eda como un polo de innovaci\u00f3n cultural onde <\/span><b>a m\u00fasica \u00e9 o motor<\/b> <b>que,<\/b><span style=\"font-weight: 400;\"> neste 2026, <\/span><b>une ciencia, historia e compromiso social<\/b><span style=\"font-weight: 400;\">.<\/span><\/p><p><b>PROGRAMACI\u00d3N SINF\u00d3NICO-ART\u00cdSTICA E MATIN\u00c9E :: O PERCORRIDO DA PAIX\u00d3N<\/b><\/p><p><span style=\"font-weight: 400;\">Son un total de dez os concertos que compo\u00f1en esta edici\u00f3n: sete corresponden ao programa sinf\u00f3nico-art\u00edstico, que se realizar\u00e1n no ser\u00e1n no Auditorio Municipal e no Pazo da Golpelleira, e tres ter\u00e1n lugar en sesi\u00f3n <\/span><i><span style=\"font-weight: 400;\">matin\u00e9e<\/span><\/i><span style=\"font-weight: 400;\"> na Igrexa de Vistalegre e no Sal\u00f3n Garc\u00eda.<\/span><\/p><p><span style=\"font-weight: 400;\">O Clascl\u00e1s evoluciona este ano incorporando como novidade na s\u00faa estrutura unha residencia art\u00edstica, unha estrea absoluta e un percorrido por autores que exploran formas musicais ata o de agora in\u00e9ditas no festival. Neste cami\u00f1o, c\u00f3mpre sinalar os seguintes aspectos fundamentais:\u00a0<\/span><\/p><ul><li style=\"font-weight: 400;\" aria-level=\"1\"><b>Un fito hist\u00f3rico:<\/b><span style=\"font-weight: 400;\"> Viviremos un momento in\u00e9dito coa interpretaci\u00f3n da <\/span><i><span style=\"font-weight: 400;\">Paix\u00f3n segundo san Xo\u00e1n<\/span><\/i><span style=\"font-weight: 400;\">, que traer\u00e1 por vez primeira a forza conxunta da orquestra, dos solistas e do coro da <\/span><b>OSG<\/b><span style=\"font-weight: 400;\">.<\/span><\/li><li style=\"font-weight: 400;\" aria-level=\"1\"><b>A voz do bandone\u00f3n<\/b><span style=\"font-weight: 400;\">: Escoitaremos este instrumento, nado en Alema\u00f1a ao redor de 1840 coma \u201c\u00f3rgano de mans\u201d, que tras ser dese\u00f1ado inicialmente para interpretar m\u00fasica sacra acaba convert\u00e9ndose na voz do profano e da noite:<\/span><b> o tango.<\/b><\/li><li style=\"font-weight: 400;\" aria-level=\"1\"><b>A versatilidade da m\u00fasica de c\u00e1mara<\/b><span style=\"font-weight: 400;\"> : O Terra String Quartet e Oskar Espina Ruiz amosar\u00e1n a s\u00faa polivalencia cunha dobre cita; dous programas distintos para dous escenarios con encanto: a Igrexa de Vistalegre en sesi\u00f3n <\/span><i><span style=\"font-weight: 400;\">matin\u00e9e<\/span><\/i><span style=\"font-weight: 400;\"> e o Pazo da Golpelleira no ser\u00e1n.<\/span><\/li><li style=\"font-weight: 400;\" aria-level=\"1\"><b>Ampliaci\u00f3n do imaxinario: <\/b><span style=\"font-weight: 400;\">Sumamos ao noso cat\u00e1logo a linguaxe de compositores que se presentan este ano no festival: Frederic Chopin, Reinhold Gliere, Javier Mart\u00ednez Campos, Claudio Constantini, Seth Grosshandler, Domenico Scarlatti, Gabriela Ort\u00edz, Jes\u00fas Bal y Gay, Rosa Mar\u00eda Ascot, Thierry Escaich, Fernando Buide, Joaqu\u00edn Rodrigo e John Estacio .<\/span><\/li><li style=\"font-weight: 400;\" aria-level=\"1\"><b>A aposta polo <\/b><b><i>lied<\/i><\/b><span style=\"font-weight: 400;\">: Incorporamos este x\u00e9nero como unha das grandes apostas desta edici\u00f3n, explorando a beleza destas canci\u00f3ns de c\u00e1mara que elevan o di\u00e1logo entre voz e piano ao seu m\u00e1ximo nivel art\u00edstico da man de Bella Ad\u00e1mova e Michael Gees, con obras de Richard Strauss, Gustav Mahler e Anton\u00edn Dvo<\/span><span style=\"font-weight: 400;\">\u0159<\/span><span style=\"font-weight: 400;\">ak.\u00a0<\/span><\/li><li style=\"font-weight: 400;\" aria-level=\"1\"><b>O broche de ouro<\/b><span style=\"font-weight: 400;\">: O Clascl\u00e1s pechar\u00e1 cunha<\/span><b> experiencia inmersiva coa OSG<\/b><span style=\"font-weight: 400;\">, onde a m\u00fasica dialogar\u00e1 cunha proxecci\u00f3n simult\u00e1nea para p\u00f3r o punto final a esta edici\u00f3n.<\/span><\/li><\/ul><p>| COMIT\u00c9 ORGANIZADOR |<\/p><p>Presidente: Alberto Varela Paz, alcalde de Vilagarc\u00eda de Arousa.<\/p><p>Vicepresidenta executiva primeira: Paola Mar\u00eda Mochales, concelleira de Educaci\u00f3n.<\/p><p>Vicepresidenta segunda: Sonia Out\u00f3n Casal, concelleira de Cultura.<\/p><p>Direcci\u00f3n : Rosina Sobrido Fern\u00e1ndez e Vladimira Smausov\u00e1.<\/p><p>Coordinaci\u00f3n Programa Social e Comunitario: Mar\u00eda Galb\u00e1n Zaragoza<\/p>\t\t\t\t\t\t\t\t<\/div>\n\t\t\t\t<div class=\"elementor-element elementor-element-8b880b5 elementor-widget elementor-widget-image\" data-id=\"8b880b5\" data-element_type=\"widget\" data-widget_type=\"image.default\">\n\t\t\t\t\t\t\t\t\t\t\t\t\t\t\t<img decoding=\"async\" width=\"1810\" height=\"2560\" src=\"https:\/\/clasclas.com\/wp-content\/uploads\/2026\/03\/Cartel-Clasclas-26_A3-scaled.jpg\" class=\"attachment-full size-full wp-image-2215\" alt=\"\" srcset=\"https:\/\/clasclas.com\/wp-content\/uploads\/2026\/03\/Cartel-Clasclas-26_A3-scaled.jpg 1810w, https:\/\/clasclas.com\/wp-content\/uploads\/2026\/03\/Cartel-Clasclas-26_A3-212x300.jpg 212w, https:\/\/clasclas.com\/wp-content\/uploads\/2026\/03\/Cartel-Clasclas-26_A3-724x1024.jpg 724w, https:\/\/clasclas.com\/wp-content\/uploads\/2026\/03\/Cartel-Clasclas-26_A3-768x1086.jpg 768w, https:\/\/clasclas.com\/wp-content\/uploads\/2026\/03\/Cartel-Clasclas-26_A3-1086x1536.jpg 1086w, https:\/\/clasclas.com\/wp-content\/uploads\/2026\/03\/Cartel-Clasclas-26_A3-1448x2048.jpg 1448w\" sizes=\"(max-width: 1810px) 100vw, 1810px\" \/>\t\t\t\t\t\t\t\t\t\t\t\t\t\t\t<\/div>\n\t\t\t\t<div class=\"elementor-element elementor-element-fc31997 elementor-widget elementor-widget-image\" data-id=\"fc31997\" data-element_type=\"widget\" data-widget_type=\"image.default\">\n\t\t\t\t\t\t\t\t\t\t\t\t\t\t\t<img decoding=\"async\" width=\"1810\" height=\"2560\" src=\"https:\/\/clasclas.com\/wp-content\/uploads\/2026\/04\/Cartel-Clasclas-26_Conciertos_4-scaled.jpg\" class=\"attachment-full size-full wp-image-2677\" alt=\"\" srcset=\"https:\/\/clasclas.com\/wp-content\/uploads\/2026\/04\/Cartel-Clasclas-26_Conciertos_4-scaled.jpg 1810w, https:\/\/clasclas.com\/wp-content\/uploads\/2026\/04\/Cartel-Clasclas-26_Conciertos_4-212x300.jpg 212w, https:\/\/clasclas.com\/wp-content\/uploads\/2026\/04\/Cartel-Clasclas-26_Conciertos_4-724x1024.jpg 724w, https:\/\/clasclas.com\/wp-content\/uploads\/2026\/04\/Cartel-Clasclas-26_Conciertos_4-768x1086.jpg 768w, https:\/\/clasclas.com\/wp-content\/uploads\/2026\/04\/Cartel-Clasclas-26_Conciertos_4-1086x1536.jpg 1086w, https:\/\/clasclas.com\/wp-content\/uploads\/2026\/04\/Cartel-Clasclas-26_Conciertos_4-1448x2048.jpg 1448w\" sizes=\"(max-width: 1810px) 100vw, 1810px\" \/>\t\t\t\t\t\t\t\t\t\t\t\t\t\t\t<\/div>\n\t\t\t\t<div class=\"elementor-element elementor-element-6bb8c36 elementor-align-justify btn-big elementor-widget elementor-widget-button\" data-id=\"6bb8c36\" data-element_type=\"widget\" data-widget_type=\"button.default\">\n\t\t\t\t\t\t\t\t\t\t<a class=\"elementor-button elementor-button-link elementor-size-sm\" href=\"https:\/\/clasclas.com\/gl\/artistas-2025\/\">\n\t\t\t\t\t\t<span class=\"elementor-button-content-wrapper\">\n\t\t\t\t\t\t\t\t\t<span class=\"elementor-button-text\">Artistas 2026<\/span>\n\t\t\t\t\t<\/span>\n\t\t\t\t\t<\/a>\n\t\t\t\t\t\t\t\t<\/div>\n\t\t\t\t<\/div>\n\t\t\t\t\t<\/div>\n\t\t\t\t<\/div>\n\t\t\t\t<\/div>\n\t\t","protected":false},"excerpt":{"rendered":"<p>Artistas 2026 clascl\u00e1s 2026 | \u00b4paix\u00f3n\u00b4 A edici\u00f3n de 2026 conv\u00e9rtese nunha aposta pola emoci\u00f3n pura; un percorrido que vai dende a profundidade do Barroco e a mestr\u00eda interpretativa de grandes solistas e ensembles, ata a curiosidade infinita que nos esperta o Universo. Se a paix\u00f3n de Bach abrir\u00e1 as portas do esp\u00edrito no concerto [&hellip;]<\/p>\n","protected":false},"author":2,"featured_media":0,"parent":0,"menu_order":0,"comment_status":"closed","ping_status":"closed","template":"","meta":{"inline_featured_image":false,"footnotes":""},"class_list":["post-1699","page","type-page","status-publish","hentry"],"_links":{"self":[{"href":"https:\/\/clasclas.com\/gl\/wp-json\/wp\/v2\/pages\/1699","targetHints":{"allow":["GET"]}}],"collection":[{"href":"https:\/\/clasclas.com\/gl\/wp-json\/wp\/v2\/pages"}],"about":[{"href":"https:\/\/clasclas.com\/gl\/wp-json\/wp\/v2\/types\/page"}],"author":[{"embeddable":true,"href":"https:\/\/clasclas.com\/gl\/wp-json\/wp\/v2\/users\/2"}],"replies":[{"embeddable":true,"href":"https:\/\/clasclas.com\/gl\/wp-json\/wp\/v2\/comments?post=1699"}],"version-history":[{"count":17,"href":"https:\/\/clasclas.com\/gl\/wp-json\/wp\/v2\/pages\/1699\/revisions"}],"predecessor-version":[{"id":2683,"href":"https:\/\/clasclas.com\/gl\/wp-json\/wp\/v2\/pages\/1699\/revisions\/2683"}],"wp:attachment":[{"href":"https:\/\/clasclas.com\/gl\/wp-json\/wp\/v2\/media?parent=1699"}],"curies":[{"name":"wp","href":"https:\/\/api.w.org\/{rel}","templated":true}]}}