{"id":1688,"date":"2025-12-02T11:48:01","date_gmt":"2025-12-02T10:48:01","guid":{"rendered":"https:\/\/clasclas.com\/artistas-2025\/spanish-brass\/"},"modified":"2026-03-31T18:21:08","modified_gmt":"2026-03-31T16:21:08","slug":"spanish-brass","status":"publish","type":"page","link":"https:\/\/clasclas.com\/gl\/artistas-2025\/spanish-brass\/","title":{"rendered":"Orquestra e Coro da OSG"},"content":{"rendered":"\t\t<div data-elementor-type=\"wp-page\" data-elementor-id=\"1688\" class=\"elementor elementor-1688 elementor-265\" data-elementor-post-type=\"page\">\n\t\t\t\t<div class=\"elementor-element elementor-element-3a644c8 e-flex e-con-boxed e-con e-parent\" data-id=\"3a644c8\" data-element_type=\"container\">\n\t\t\t\t\t<div class=\"e-con-inner\">\n\t\t\t\t<div class=\"elementor-element elementor-element-587291f elementor-widget elementor-widget-image\" data-id=\"587291f\" data-element_type=\"widget\" data-widget_type=\"image.default\">\n\t\t\t\t\t\t\t\t\t\t\t\t\t\t\t\t<a href=\"https:\/\/clasclas.com\/wp-content\/uploads\/2026\/03\/1_OSG_CORO-1-scaled.jpg\" data-elementor-open-lightbox=\"yes\" data-e-action-hash=\"#elementor-action%3Aaction%3Dlightbox%26settings%3DeyJpZCI6MjQyNCwidXJsIjoiaHR0cHM6XC9cL2NsYXNjbGFzLmNvbVwvd3AtY29udGVudFwvdXBsb2Fkc1wvMjAyNlwvMDNcLzFfT1NHX0NPUk8tMS1zY2FsZWQuanBnIn0%3D\">\n\t\t\t\t\t\t\t<img fetchpriority=\"high\" decoding=\"async\" width=\"2560\" height=\"523\" src=\"https:\/\/clasclas.com\/wp-content\/uploads\/2026\/03\/1_OSG_CORO-1-scaled.jpg\" class=\"attachment-full size-full wp-image-2424\" alt=\"\" srcset=\"https:\/\/clasclas.com\/wp-content\/uploads\/2026\/03\/1_OSG_CORO-1-scaled.jpg 2560w, https:\/\/clasclas.com\/wp-content\/uploads\/2026\/03\/1_OSG_CORO-1-300x61.jpg 300w, https:\/\/clasclas.com\/wp-content\/uploads\/2026\/03\/1_OSG_CORO-1-1024x209.jpg 1024w, https:\/\/clasclas.com\/wp-content\/uploads\/2026\/03\/1_OSG_CORO-1-768x157.jpg 768w, https:\/\/clasclas.com\/wp-content\/uploads\/2026\/03\/1_OSG_CORO-1-1536x314.jpg 1536w, https:\/\/clasclas.com\/wp-content\/uploads\/2026\/03\/1_OSG_CORO-1-2048x418.jpg 2048w\" sizes=\"(max-width: 2560px) 100vw, 2560px\" \/>\t\t\t\t\t\t\t\t<\/a>\n\t\t\t\t\t\t\t\t\t\t\t\t\t\t\t<\/div>\n\t\t\t\t\t<\/div>\n\t\t\t\t<\/div>\n\t\t<div class=\"elementor-element elementor-element-53fd57b container-padding e-flex e-con-boxed e-con e-parent\" data-id=\"53fd57b\" data-element_type=\"container\">\n\t\t\t\t\t<div class=\"e-con-inner\">\n\t\t\t\t<div class=\"elementor-element elementor-element-dcca194 elementor-align-justify btn-big elementor-widget elementor-widget-button\" data-id=\"dcca194\" data-element_type=\"widget\" data-widget_type=\"button.default\">\n\t\t\t\t\t\t\t\t\t\t<a class=\"elementor-button elementor-button-link elementor-size-sm\" href=\"https:\/\/clasclas.com\/gl\/entradas\/\">\n\t\t\t\t\t\t<span class=\"elementor-button-content-wrapper\">\n\t\t\t\t\t\t\t\t\t<span class=\"elementor-button-text\">Entradas<\/span>\n\t\t\t\t\t<\/span>\n\t\t\t\t\t<\/a>\n\t\t\t\t\t\t\t\t<\/div>\n\t\t\t\t\t<\/div>\n\t\t\t\t<\/div>\n\t\t<div class=\"elementor-element elementor-element-f3ddae3 container-padding artista-contenido e-flex e-con-boxed e-con e-parent\" data-id=\"f3ddae3\" data-element_type=\"container\">\n\t\t\t\t\t<div class=\"e-con-inner\">\n\t\t<div class=\"elementor-element elementor-element-cd55797 e-con-full cc-sidebar e-flex e-con e-child\" data-id=\"cd55797\" data-element_type=\"container\">\n\t\t<div class=\"elementor-element elementor-element-cea287f e-con-full cc-sidebar-inner e-flex e-con e-child\" data-id=\"cea287f\" data-element_type=\"container\" data-settings=\"{&quot;sticky&quot;:&quot;top&quot;,&quot;sticky_offset&quot;:48,&quot;sticky_parent&quot;:&quot;yes&quot;,&quot;sticky_on&quot;:[&quot;desktop&quot;,&quot;tablet&quot;,&quot;mobile&quot;],&quot;sticky_effects_offset&quot;:0,&quot;sticky_anchor_link_offset&quot;:0}\">\n\t\t\t\t<div class=\"elementor-element elementor-element-93c258b elementor-align-left elementor-widget elementor-widget-button\" data-id=\"93c258b\" data-element_type=\"widget\" data-widget_type=\"button.default\">\n\t\t\t\t\t\t\t\t\t\t<a class=\"elementor-button elementor-button-link elementor-size-sm\" href=\"https:\/\/clasclas.com\/gl\/edicion-2025\/\" target=\"_blank\">\n\t\t\t\t\t\t<span class=\"elementor-button-content-wrapper\">\n\t\t\t\t\t\t\t\t\t<span class=\"elementor-button-text\">clascl\u00e1s 2026<\/span>\n\t\t\t\t\t<\/span>\n\t\t\t\t\t<\/a>\n\t\t\t\t\t\t\t\t<\/div>\n\t\t\t\t<div class=\"elementor-element elementor-element-6f171a9 elementor-align-left elementor-widget elementor-widget-button\" data-id=\"6f171a9\" data-element_type=\"widget\" data-widget_type=\"button.default\">\n\t\t\t\t\t\t\t\t\t\t<a class=\"elementor-button elementor-button-link elementor-size-sm\" href=\"https:\/\/www.sinfonicadegalicia.com\" target=\"_blank\" download=\"\">\n\t\t\t\t\t\t<span class=\"elementor-button-content-wrapper\">\n\t\t\t\t\t\t\t\t\t<span class=\"elementor-button-text\">sinfonicadegalicia.com<\/span>\n\t\t\t\t\t<\/span>\n\t\t\t\t\t<\/a>\n\t\t\t\t\t\t\t\t<\/div>\n\t\t\t\t<\/div>\n\t\t\t\t<\/div>\n\t\t<div class=\"elementor-element elementor-element-602af06 e-con-full e-flex e-con e-child\" data-id=\"602af06\" data-element_type=\"container\">\n\t\t<div class=\"elementor-element elementor-element-c603eda e-con-full e-flex e-con e-child\" data-id=\"c603eda\" data-element_type=\"container\">\n\t\t\t\t<div class=\"elementor-element elementor-element-366abbd elementor-widget elementor-widget-heading\" data-id=\"366abbd\" data-element_type=\"widget\" data-widget_type=\"heading.default\">\n\t\t\t\t\t<h1 class=\"elementor-heading-title elementor-size-default\">Orquestra e Coro da  Sinf\u00f3nica de Galicia<\/h1>\t\t\t\t<\/div>\n\t\t\t\t<div class=\"elementor-element elementor-element-1a27f86 elementor-icon-list--layout-inline evento-detalles elementor-list-item-link-full_width elementor-widget elementor-widget-icon-list\" data-id=\"1a27f86\" data-element_type=\"widget\" data-widget_type=\"icon-list.default\">\n\t\t\t\t\t\t\t<ul class=\"elementor-icon-list-items elementor-inline-items\">\n\t\t\t\t\t\t\t<li class=\"elementor-icon-list-item elementor-inline-item\">\n\t\t\t\t\t\t\t\t\t\t\t<span class=\"elementor-icon-list-icon\">\n\t\t\t\t\t\t\t<svg aria-hidden=\"true\" class=\"e-font-icon-svg e-fas-calendar-alt\" viewBox=\"0 0 448 512\" xmlns=\"http:\/\/www.w3.org\/2000\/svg\"><path d=\"M0 464c0 26.5 21.5 48 48 48h352c26.5 0 48-21.5 48-48V192H0v272zm320-196c0-6.6 5.4-12 12-12h40c6.6 0 12 5.4 12 12v40c0 6.6-5.4 12-12 12h-40c-6.6 0-12-5.4-12-12v-40zm0 128c0-6.6 5.4-12 12-12h40c6.6 0 12 5.4 12 12v40c0 6.6-5.4 12-12 12h-40c-6.6 0-12-5.4-12-12v-40zM192 268c0-6.6 5.4-12 12-12h40c6.6 0 12 5.4 12 12v40c0 6.6-5.4 12-12 12h-40c-6.6 0-12-5.4-12-12v-40zm0 128c0-6.6 5.4-12 12-12h40c6.6 0 12 5.4 12 12v40c0 6.6-5.4 12-12 12h-40c-6.6 0-12-5.4-12-12v-40zM64 268c0-6.6 5.4-12 12-12h40c6.6 0 12 5.4 12 12v40c0 6.6-5.4 12-12 12H76c-6.6 0-12-5.4-12-12v-40zm0 128c0-6.6 5.4-12 12-12h40c6.6 0 12 5.4 12 12v40c0 6.6-5.4 12-12 12H76c-6.6 0-12-5.4-12-12v-40zM400 64h-48V16c0-8.8-7.2-16-16-16h-32c-8.8 0-16 7.2-16 16v48H160V16c0-8.8-7.2-16-16-16h-32c-8.8 0-16 7.2-16 16v48H48C21.5 64 0 85.5 0 112v48h448v-48c0-26.5-21.5-48-48-48z\"><\/path><\/svg>\t\t\t\t\t\t<\/span>\n\t\t\t\t\t\t\t\t\t\t<span class=\"elementor-icon-list-text\">S\u00e1bado 20 Xu\u00f1o<\/span>\n\t\t\t\t\t\t\t\t\t<\/li>\n\t\t\t\t\t\t\t\t<li class=\"elementor-icon-list-item elementor-inline-item\">\n\t\t\t\t\t\t\t\t\t\t\t<span class=\"elementor-icon-list-icon\">\n\t\t\t\t\t\t\t<svg aria-hidden=\"true\" class=\"e-font-icon-svg e-fas-clock\" viewBox=\"0 0 512 512\" xmlns=\"http:\/\/www.w3.org\/2000\/svg\"><path d=\"M256,8C119,8,8,119,8,256S119,504,256,504,504,393,504,256,393,8,256,8Zm92.49,313h0l-20,25a16,16,0,0,1-22.49,2.5h0l-67-49.72a40,40,0,0,1-15-31.23V112a16,16,0,0,1,16-16h32a16,16,0,0,1,16,16V256l58,42.5A16,16,0,0,1,348.49,321Z\"><\/path><\/svg>\t\t\t\t\t\t<\/span>\n\t\t\t\t\t\t\t\t\t\t<span class=\"elementor-icon-list-text\">21:00<\/span>\n\t\t\t\t\t\t\t\t\t<\/li>\n\t\t\t\t\t\t\t\t<li class=\"elementor-icon-list-item elementor-inline-item\">\n\t\t\t\t\t\t\t\t\t\t\t<span class=\"elementor-icon-list-icon\">\n\t\t\t\t\t\t\t<svg aria-hidden=\"true\" class=\"e-font-icon-svg e-fas-map-marker-alt\" viewBox=\"0 0 384 512\" xmlns=\"http:\/\/www.w3.org\/2000\/svg\"><path d=\"M172.268 501.67C26.97 291.031 0 269.413 0 192 0 85.961 85.961 0 192 0s192 85.961 192 192c0 77.413-26.97 99.031-172.268 309.67-9.535 13.774-29.93 13.773-39.464 0zM192 272c44.183 0 80-35.817 80-80s-35.817-80-80-80-80 35.817-80 80 35.817 80 80 80z\"><\/path><\/svg>\t\t\t\t\t\t<\/span>\n\t\t\t\t\t\t\t\t\t\t<span class=\"elementor-icon-list-text\">Auditorio Municipal<\/span>\n\t\t\t\t\t\t\t\t\t<\/li>\n\t\t\t\t\t\t<\/ul>\n\t\t\t\t\t\t<\/div>\n\t\t\t\t<div class=\"elementor-element elementor-element-4cafc80 elementor-widget elementor-widget-text-editor\" data-id=\"4cafc80\" data-element_type=\"widget\" data-widget_type=\"text-editor.default\">\n\t\t\t\t\t\t\t\t\t<p><span style=\"font-weight: 400;\"><strong>OSG<\/strong> Creada en 1992 polo Concello da Coru\u00f1a, cidade en cuxo Palacio da \u00d3pera ten a s\u00faa sede, a Orquestra Sinf\u00f3nica de Galicia (OSG) \u00e9 unha das agrupaci\u00f3ns orquestrais de maior proxecci\u00f3n en Espa\u00f1a ademais dunha marca internacional con seguidores nos cinco continentes a trav\u00e9s da s\u00faa canle de YouTube.<\/span><\/p><p><span style=\"font-weight: 400;\">A OSG, cuxo director titular desde a temporada 2023-24\u00a0\u00e9 Roberto Gonz\u00e1lez-Monjas \u2014quen relevou a Dima Sloboddeniouk, titular desde 2013 a 2022\u2014, V\u00edctor Pablo P\u00e9rez o seu director honorario e Jos\u00e9 Trigueros o seu director asociado, foi orquestra residente do Festival Rossini de P\u00e9saro de 2003 a 2005 e do Festival Mozart da Coru\u00f1a desde a s\u00faa creaci\u00f3n en 1998. Ademais, a s\u00faa presenza nacional e internacional foi constante, con concertos nas mellores salas en Espa\u00f1a e con varias xiras por Alema\u00f1a e Austria. En 2007 realizou unha xira por Am\u00e9rica do Sur \u2014con concertos en Chile, Arxentina, Brasil, Uruguai e Montevideo\u2014, a finais de 2009 presentouse na hist\u00f3rica sala do Musikverein de Viena e en 2016 ofreceu dous concertos nos Emiratos \u00c1rabes.<\/span><\/p><p><span style=\"font-weight: 400;\">Tanto para os seus concertos internacionais como para os seus programas de abono, a OSG conta con solistas como Anne-Sophie Mutter, Isabelle Faust, Maurizio Pollini, Krystian Zimerman, Grigory Sokolov, Frank Peter Zimmermann, Maria Joao Pires, Elisabeth Leonskaja, Dmitri Sitkovetsky, Stefan Dohr, Alica Sara Ott, Gil Shaham, Sarah Chang, Leonidas Kavakos, Arcadi Volodos, Mischa Maisky, Javier Perianes ou Christian Lindberg entre outros moitos.<\/span><span style=\"font-weight: 400;\"><br \/><\/span><span style=\"font-weight: 400;\">Con ela cantaron Bryn Terfell, Ewa Podles, Pl\u00e1cido Domingo, Juan Diego Fl\u00f3rez, Simon Estes, Leo Nucci, Alfredo Kraus, Teresa Berganza, Mattias Goerne, Mar\u00eda Bayo, Ainhoa Arteta, Mirella Freni, Ann Murray, Amanda Roocroft, Ildar Abdrazakov, Hildegard Behrens, Eva Marton, Giuseppe Giacomini, Philip Langridge, Carlos Chausson, Ra\u00fal Gim\u00e9nez, Isabel Rey, Carlos \u00c1lvarez, Ana Mar\u00eda S\u00e1nchez ou Giuseppe Sabbatini, e sempre baixo a batuta de mestres como Dima Slobodeniouk \u2014quen foi tam\u00e9n o seu titular dende 2013 a 2022\u2014, Gutavo Dudamel, Lorin Maazel, \u00a0Eliahu Inbal, Neville Marriner, Michail Jurowski, Ton Koopman, Guennadi Rozdestvenski, Libor Pesek, Maurizio Pollini, Christoph Eschenbach, James Judd, Stanislaw Skrowaczeski, Richard Egarr, Daniel Harding, Jes\u00fas L\u00f3pez Cobos, Osmo V\u00e4nsk\u00e4, Alberto Zedda, Yoav Talmi, Raymond Leppard, Carlo Rizzi, Josep Pons, John Nelson, Gianandrea Noseda, Ron Goodwin ou Manfred Honeck entre outros.<\/span><\/p><p><span style=\"font-weight: 400;\">Na s\u00faa discograf\u00eda para selos como Deutsche Gramophon, Sony, BIS, EMI, DECCA, Koch, Na\u00efve, BMG e Arts figuran nomes como os de Juan Diego Fl\u00f3rez, Kaori Muraji, Peter Maag, Antonio Meneses, Iv\u00e1n Mart\u00edn, Manuel Barrueco \u2014con quen foi proposta para o premio Grammy 2007 polo mellor \u00e1lbum cl\u00e1sico do ano\u2014, Mar\u00eda Bayo, Pl\u00e1cido Domingo, Juan Pons ou Ewa Podles entre outros.<\/span><\/p><p><span style=\"font-weight: 400;\">A OSG converteu a s\u00faa canle de YouTube na m\u00e1is vista do sector en Espa\u00f1a e unha das m\u00e1is visitadas a nivel europeo: con m\u00e1is de cen mil subscritores os v\u00eddeos da OSG superan os trece mill\u00f3ns de visualizaci\u00f3ns no \u00faltimo ano desde un total de 227 pa\u00edses. O \u00e9xito internacional da s\u00faa canle e as retransmisi\u00f3ns en streaming HD iniciadas na temporada 14-15 supuxeron a s\u00faa proposta para o premio Classical: Next Innovation Award 2015.<\/span><\/p><p><span style=\"font-weight: 400;\">A OSG foi premiada coa Medalla de Ouro da Real Academia Galega de Belas Artes e \u00e9 Premio Cultura Galega da M\u00fasica 2010.<\/span><\/p><p><span style=\"font-weight: 400;\">A OSG est\u00e1 financiada polo Concello da Coru\u00f1a, a Xunta de Galicia e a Deputaci\u00f3n da Coru\u00f1a.<\/span><\/p><p>\u00a0<\/p><p><strong>Coro da OSG<\/strong><\/p><p><span style=\"font-weight: 400;\">O Coro da OSG, fundado no ano 1998, deu o seu primeiro concerto o 21 de marzo do mesmo ano xunto coa Escola de Pr\u00e1ctica Orquestral da OSG e baixo a direcci\u00f3n de James Ross. Actualmente, o coro est\u00e1 integrado por m\u00e1is de setenta voces procedentes de toda Galicia. Desde a s\u00faa fundaci\u00f3n o Coro da OSG desenvolveu unha intensa actividade art\u00edstica centrada nos repertorios sinf\u00f3nico-coral, oper\u00edstico e<\/span><i><span style=\"font-weight: 400;\">\u00a0a capella<\/span><\/i><span style=\"font-weight: 400;\">\u00a0baixo a direcci\u00f3n de Joan Company, o seu director titular durante vintecinco anos e hoxend\u00eda director honorario do conxunto.\u00a0Caros Mena \u00e9 o seu director art\u00edstico tanto do propio Coro da OSG como do seu Coro Infantil e do Coro Novo da OSG, e Javier Fajardo o seu director musical.<\/span><span style=\"font-weight: 400;\"><br \/><\/span><span style=\"font-weight: 400;\"><br \/><\/span><span style=\"font-weight: 400;\">A primeira xira de concertos f\u00f3ra da comunidade galega levou o Coro ao Auditorium de Palma de Mallorca. Desde aquela participou en varias edici\u00f3ns do Festival Mozart da Coru\u00f1a, no Festival de \u00d3pera, no Festival de M\u00fasica da Coru\u00f1a; nos ciclos de concertos M\u00fasica en Compostela, O Son das Catedrais, Festival Internacional de \u00d3rgano Catedral de Le\u00f3n as\u00ed como en diversos escenarios e auditorios da Coru\u00f1a, Santiago de Compostela, Lugo, Pontevedra, Vigo, Ferrol, Ourense, etc.<\/span><\/p><p><span style=\"font-weight: 400;\">A finais de 2003, o Coro realizou a s\u00faa primeira xira ao estranxeiro, con concertos nas catedrais do Porto e Lisboa. Ademais, actuou por primeira vez en Barcelona acompa\u00f1ado da Joven Orquesta Nacional de Espa\u00f1a (JONDE) baixo a direcci\u00f3n de Cristopher Hogwood. Tam\u00e9n cantou no concerto inaugural da temporada 2006-07 da Orquestra Simf\u00f2nica de Balears no Auditorium de Palma de Mallorca.<\/span><\/p><p><span style=\"font-weight: 400;\">No seu extenso e variado repertorio salienta a s\u00faa especial dedicaci\u00f3n \u00e1 m\u00fasica sinf\u00f3nico-coral de Bach, Vivaldi, Haydn, Mozart, Beethoven, Schubert, Brahms, Mahler \u2014con destacadas intervenci\u00f3ns nas s\u00faas sinfon\u00edas n\u00ba 2, 3 e 8\u2014, Mendelssohn,, Xostac\u00f3vich, Puccini, Faur\u00e9, Orff, Debussy, Britten, Garcia Abril, Rossini, Stravinsqui, etc.<\/span><\/p><p><span style=\"font-weight: 400;\">Ademais, o Coro da OSG dedicoulle boa parte da s\u00faa actividade \u00e1 \u00f3pera, tanto en versi\u00f3ns esc\u00e9nicas como en versi\u00f3n de concerto de grandes t\u00edtulos do repertorio de Mozart, Rossini, Donizetti, Chaikovski, Puccini, Verdi e Wagner.<\/span><\/p><p><span style=\"font-weight: 400;\">Tanto en concerto como en escena, o Coro da OSG cantou e actuou sempre baixo a direcci\u00f3n de grandes mestres de renome internacional, como Lorin Maazel, Eliahu Inbal, Ton Koopman, Alberto Zedda, Jes\u00fas L\u00f3pez Cobos, V\u00edctor Pablo P\u00e9rez, Miguel \u00c1ngel G\u00f3mez Mart\u00ednez, Richard Egarr, Dima Slobodeniouk, Josep Pons, Ros Marb\u00e0 e Carlos Mena, o seu responsable art\u00edstico.<\/span><\/p><p><span style=\"font-weight: 400;\">Ademais de ter a oportunidade de traballar as grandes obras do repertorio baixo a direcci\u00f3n de importantes batutas, os integrantes do Coro da OSG reciben unha constante formaci\u00f3n vocal con profesores de reco\u00f1ecido prestixio. A creaci\u00f3n dos Nenos Cantores da OSG en 2000 e do Coro Novo da OSG en 2005 completan un proxecto pedag\u00f3xico-coral de longo percorrido co que se garante o futuro vocal en toda Galicia.<\/span><\/p><p>\u00a0<\/p><p><strong>Carlos Mena, alto e director<\/strong><\/p><p><span style=\"font-weight: 400;\">Naceu en Vitoria-Gasteiz (1971) F\u00f3rmase na prestixiosa Schola Cantorum Basiliensis (SCB) de Basilea (Suiza) baixo a direcci\u00f3n dos seus maestros R. Levitt e R. Jacobs. Na SCB realiza igualmente estudios de m\u00fasica medieval e de \u00f3pera.<\/span><\/p><p><span style=\"font-weight: 400;\">Actualmente \u00e9 profesor de canto hist\u00f3rico na SCB, no Real Conservatorio de M\u00fasica de Madrid e na Academia da Universidade de Salamanca.<\/span><\/p><p><span style=\"font-weight: 400;\">Como solista cantou baixo a batuta de maestros como Michel Corboz, Jes\u00fas L\u00f3pez Cobos, Pinchas Steinberg, Sebastina Weigle, Paul Goodwin, Mark Minkowsky, Rafael Fr\u00fcbeck de Burgos, Ottavio Dantone, Juanjo Mena, Gustav Leonhardt, Christoph Coin, Andrea Marcon o que lle leva a cantar en festivais e salas de todo el mundo como Musikverein y Konzerthaus de Viena, Palais de Beaux Arts de Bruselas, Concertgebouw de Amsterdam, Grosses Festspielehaus de Salzburgo, Philarmonie de Berlin, Suntory Hall e City Opera Hall de Tokyo, Osaka Shympony Hall, Zipper Hall e Sch\u00f6nberg Hall de Los Angeles,\u00a0 Alice Tully Hall del MET de Nueva York, Kennedy Center de Washington, Sidney Opera House, Concert Hall de Melbourne, Belas Artes de Ciudad de M\u00e9xico, Teatro Col\u00f3n de Buenos Aires&#8230;<\/span><\/p><p><span style=\"font-weight: 400;\">M\u00e1is de 50 recitais gravados para Mirare, Deutsche Grammophon, Sony Music, Harmonia Mundi, IBS, obteniendo numerosos premios como o Diapas\u00f3n de Oro do ano e o CD Compact de Renacemento do ano.<\/span><\/p><p><span style=\"font-weight: 400;\">No \u00e1mbito da \u00f3pera interpretou \u201cRadamisto\u201d (Radamisto) de G. F. Haendel na Felsenreitshule de Salzburgo, \u201cL\u2019Orfeo\u201d (Speranza) en la Staatsoper de Berlin, \u201cIl Trionfo\u201d (Disinganno) de H\u00e4ndel no Salzburger Pfingstenfestival, \u201dEuropera 5\u201d de J. Cage no Festival de Flandes, no Barbican Center de Londres protagonizou \u201cAscanio in Alba\u201d de Mozart, \u201cA Midsummer Night\u2019s Dream\u201d (Oberon) de B. Britten, \u201cViaje a Simorgh\u201d de S\u00e1nchez-Verd\u00fa no Teatro Real de Madrid, Apollo en \u201cDeath in Venice\u201d de Britten no Gran Teatro del Liceu e Paix\u00f3n seg\u00fan San Juan de Bach no Teatro Arriaga e Chatelet de Par\u00eds.<\/span><span style=\"font-weight: 400;\"><br \/><\/span><span style=\"font-weight: 400;\">\u00a0<\/span><span style=\"font-weight: 400;\"><br \/><\/span><span style=\"font-weight: 400;\">Carlos Mena interpreta repertorio de lied e contempor\u00e1neo, estreando obras de compositores como Jos\u00e9 Mar\u00eda S\u00e1nchez-Verd\u00fa, Gabriel Erkoreka, Jes\u00fas Torres, Jes\u00fas Torres, Joan Magran\u00e9, Enric Palomar, etc\u2026 Actualmente traballa estreitamente co compositor Alberto Iglesias en varios proxectos.<\/span><\/p><p><strong><span style=\"font-weight: 400;\">Foi artista residente do prestixioso Festival BOZAR de Bruselas, do Centro Nacional de Difusi\u00f3n Musical e d Orquesta Ciudad de Granada.<\/span><\/strong><\/p><p><strong><span style=\"font-weight: 400;\">\u00c9 membro do xurado dos Premios Princesa de Asturias das Artes.<\/span><\/strong><\/p><p><strong><span style=\"font-weight: 400;\">Carlos Mena \u00e9 director art\u00edstico do Coro da Orquestra Sinf\u00f3nica de Galicia, dirixe regularmente orquestras como a Ciudad de Granada, Sinf\u00f3nica de Galicia, Principado de Asturias, Sinf\u00f3nica de Navarra, Orquesta de C\u00f3rdoba, Orquestra e Coro de la RTVE, Sinf\u00f3nica de Portugal, Sinf\u00f3nica de Bilbao, Orquestra de Extremadura obras de Bach, Haendel, Telemann, Vivaldi, Arriaga, Kodaly, Vaughn-Williams, Ravel, Debussy, Iglesias\u2026<\/span><\/strong><\/p><p><strong>Realizaci\u00f3n audiovisual | Jos\u00e9 Francisco Salgado<\/strong><\/p>\t\t\t\t\t\t\t\t<\/div>\n\t\t\t\t<div class=\"elementor-element elementor-element-f41fa3d elementor-widget elementor-widget-heading\" data-id=\"f41fa3d\" data-element_type=\"widget\" data-widget_type=\"heading.default\">\n\t\t\t\t\t<h2 class=\"elementor-heading-title elementor-size-default\">Programa<\/h2>\t\t\t\t<\/div>\n\t\t\t\t<div class=\"elementor-element elementor-element-fee5fa4 elementor-widget elementor-widget-text-editor\" data-id=\"fee5fa4\" data-element_type=\"widget\" data-widget_type=\"text-editor.default\">\n\t\t\t\t\t\t\t\t\t<p><strong>Concerto Inaugural |<em> A paix\u00f3n espiritual<\/em><\/strong><\/p><p><strong>\u00b7 Johann Sebastian Bach<\/strong> (1685-1750) :: Paix\u00f3n segundo san Xo\u00e1n, BWV 245<\/p><p>\u00a0<\/p>\t\t\t\t\t\t\t\t<\/div>\n\t\t\t\t<div class=\"elementor-element elementor-element-642d083 elementor-skin-carousel elementor-arrows-yes elementor-pagination-type-bullets elementor-pagination-position-outside elementor-widget elementor-widget-media-carousel\" data-id=\"642d083\" data-element_type=\"widget\" data-settings=\"{&quot;skin&quot;:&quot;carousel&quot;,&quot;effect&quot;:&quot;slide&quot;,&quot;show_arrows&quot;:&quot;yes&quot;,&quot;pagination&quot;:&quot;bullets&quot;,&quot;speed&quot;:500,&quot;autoplay&quot;:&quot;yes&quot;,&quot;autoplay_speed&quot;:5000,&quot;loop&quot;:&quot;yes&quot;,&quot;pause_on_hover&quot;:&quot;yes&quot;,&quot;pause_on_interaction&quot;:&quot;yes&quot;,&quot;space_between&quot;:{&quot;unit&quot;:&quot;px&quot;,&quot;size&quot;:10,&quot;sizes&quot;:[]},&quot;space_between_tablet&quot;:{&quot;unit&quot;:&quot;px&quot;,&quot;size&quot;:10,&quot;sizes&quot;:[]},&quot;space_between_mobile&quot;:{&quot;unit&quot;:&quot;px&quot;,&quot;size&quot;:10,&quot;sizes&quot;:[]}}\" data-widget_type=\"media-carousel.default\">\n\t\t\t\t\t\t\t\t\t\t<div class=\"elementor-main-swiper swiper\" role=\"region\" aria-roledescription=\"carousel\" aria-label=\"Slides\">\n\t\t\t\t<div class=\"swiper-wrapper\">\n\t\t\t\t\t\t\t\t\t\t\t<div class=\"swiper-slide\" role=\"group\" aria-roledescription=\"slide\">\n\t\t\t\t\t\t\t\t\t<div class=\"elementor-carousel-image\" role=\"img\" aria-label=\"banerOSG\" style=\"background-image: url(&#039;https:\/\/clasclas.com\/wp-content\/uploads\/2026\/03\/banerOSG.jpg&#039;)\">\n\n\t\t\t\n\t\t\t\t\t<\/div>\n\t\t\t\t\t\t\t\t<\/div>\n\t\t\t\t\t\t\t\t\t\t\t<div class=\"swiper-slide\" role=\"group\" aria-roledescription=\"slide\">\n\t\t\t\t\t\t\t\t\t<div class=\"elementor-carousel-image\" role=\"img\" aria-label=\"Coro-OSG\" style=\"background-image: url(&#039;https:\/\/clasclas.com\/wp-content\/uploads\/2026\/03\/Coro-OSG.jpg&#039;)\">\n\n\t\t\t\n\t\t\t\t\t<\/div>\n\t\t\t\t\t\t\t\t<\/div>\n\t\t\t\t\t\t\t\t\t\t\t<div class=\"swiper-slide\" role=\"group\" aria-roledescription=\"slide\">\n\t\t\t\t\t\t\t\t\t<div class=\"elementor-carousel-image\" role=\"img\" aria-label=\"carlos_mena_004_highcopyright_susana_vera.-2\" style=\"background-image: url(&#039;https:\/\/clasclas.com\/wp-content\/uploads\/2026\/03\/carlos_mena_004_highcopyright_susana_vera.-2.jpg&#039;)\">\n\n\t\t\t\n\t\t\t\t\t<\/div>\n\t\t\t\t\t\t\t\t<\/div>\n\t\t\t\t\t\t\t\t\t<\/div>\n\t\t\t\t\t\t\t\t\t\t\t\t\t\t\t<div class=\"elementor-swiper-button elementor-swiper-button-prev\" role=\"button\" tabindex=\"0\" aria-label=\"Previous\">\n\t\t\t\t\t\t\t<svg aria-hidden=\"true\" class=\"e-font-icon-svg e-eicon-chevron-left\" viewBox=\"0 0 1000 1000\" xmlns=\"http:\/\/www.w3.org\/2000\/svg\"><path d=\"M646 125C629 125 613 133 604 142L308 442C296 454 292 471 292 487 292 504 296 521 308 533L604 854C617 867 629 875 646 875 663 875 679 871 692 858 704 846 713 829 713 812 713 796 708 779 692 767L438 487 692 225C700 217 708 204 708 187 708 171 704 154 692 142 675 129 663 125 646 125Z\"><\/path><\/svg>\t\t\t\t\t\t<\/div>\n\t\t\t\t\t\t<div class=\"elementor-swiper-button elementor-swiper-button-next\" role=\"button\" tabindex=\"0\" aria-label=\"Next\">\n\t\t\t\t\t\t\t<svg aria-hidden=\"true\" class=\"e-font-icon-svg e-eicon-chevron-right\" viewBox=\"0 0 1000 1000\" xmlns=\"http:\/\/www.w3.org\/2000\/svg\"><path d=\"M696 533C708 521 713 504 713 487 713 471 708 454 696 446L400 146C388 133 375 125 354 125 338 125 325 129 313 142 300 154 292 171 292 187 292 204 296 221 308 233L563 492 304 771C292 783 288 800 288 817 288 833 296 850 308 863 321 871 338 875 354 875 371 875 388 867 400 854L696 533Z\"><\/path><\/svg>\t\t\t\t\t\t<\/div>\n\t\t\t\t\t\t\t\t\t\t\t\t\t\t\t\t<div class=\"swiper-pagination\"><\/div>\n\t\t\t\t\t\t\t\t\t\t\t\t<\/div>\n\t\t\t\t\t\t\t\t<\/div>\n\t\t\t\t<\/div>\n\t\t\t\t<\/div>\n\t\t\t\t\t<\/div>\n\t\t\t\t<\/div>\n\t\t\t\t<\/div>\n\t\t","protected":false},"excerpt":{"rendered":"<p>Entradas clascl\u00e1s 2026 sinfonicadegalicia.com Orquestra e Coro da Sinf\u00f3nica de Galicia S\u00e1bado 20 Xu\u00f1o 21:00 Auditorio Municipal OSG Creada en 1992 polo Concello da Coru\u00f1a, cidade en cuxo Palacio da \u00d3pera ten a s\u00faa sede, a Orquestra Sinf\u00f3nica de Galicia (OSG) \u00e9 unha das agrupaci\u00f3ns orquestrais de maior proxecci\u00f3n en Espa\u00f1a ademais dunha marca internacional [&hellip;]<\/p>\n","protected":false},"author":2,"featured_media":0,"parent":1616,"menu_order":0,"comment_status":"closed","ping_status":"closed","template":"","meta":{"inline_featured_image":false,"footnotes":""},"class_list":["post-1688","page","type-page","status-publish","hentry"],"_links":{"self":[{"href":"https:\/\/clasclas.com\/gl\/wp-json\/wp\/v2\/pages\/1688","targetHints":{"allow":["GET"]}}],"collection":[{"href":"https:\/\/clasclas.com\/gl\/wp-json\/wp\/v2\/pages"}],"about":[{"href":"https:\/\/clasclas.com\/gl\/wp-json\/wp\/v2\/types\/page"}],"author":[{"embeddable":true,"href":"https:\/\/clasclas.com\/gl\/wp-json\/wp\/v2\/users\/2"}],"replies":[{"embeddable":true,"href":"https:\/\/clasclas.com\/gl\/wp-json\/wp\/v2\/comments?post=1688"}],"version-history":[{"count":6,"href":"https:\/\/clasclas.com\/gl\/wp-json\/wp\/v2\/pages\/1688\/revisions"}],"predecessor-version":[{"id":2701,"href":"https:\/\/clasclas.com\/gl\/wp-json\/wp\/v2\/pages\/1688\/revisions\/2701"}],"up":[{"embeddable":true,"href":"https:\/\/clasclas.com\/gl\/wp-json\/wp\/v2\/pages\/1616"}],"wp:attachment":[{"href":"https:\/\/clasclas.com\/gl\/wp-json\/wp\/v2\/media?parent=1688"}],"curies":[{"name":"wp","href":"https:\/\/api.w.org\/{rel}","templated":true}]}}