{"id":1677,"date":"2025-12-03T11:27:51","date_gmt":"2025-12-03T10:27:51","guid":{"rendered":"https:\/\/clasclas.com\/artistas-2025\/miren-urbieta-vega-orquesta-gaos\/"},"modified":"2026-03-31T17:59:01","modified_gmt":"2026-03-31T15:59:01","slug":"miren-urbieta-vega-orquesta-gaos","status":"publish","type":"page","link":"https:\/\/clasclas.com\/gl\/artistas-2025\/miren-urbieta-vega-orquesta-gaos\/","title":{"rendered":"Clausura | Sinf\u00f3nica de Galicia"},"content":{"rendered":"\t\t<div data-elementor-type=\"wp-page\" data-elementor-id=\"1677\" class=\"elementor elementor-1677 elementor-562\" data-elementor-post-type=\"page\">\n\t\t\t\t<div class=\"elementor-element elementor-element-3a644c8 e-flex e-con-boxed e-con e-parent\" data-id=\"3a644c8\" data-element_type=\"container\">\n\t\t\t\t\t<div class=\"e-con-inner\">\n\t\t\t\t<div class=\"elementor-element elementor-element-587291f elementor-widget elementor-widget-image\" data-id=\"587291f\" data-element_type=\"widget\" data-widget_type=\"image.default\">\n\t\t\t\t\t\t\t\t\t\t\t\t\t\t\t\t<a href=\"https:\/\/clasclas.com\/wp-content\/uploads\/2026\/03\/7_osg-clausura-scaled.jpg\" data-elementor-open-lightbox=\"yes\" data-e-action-hash=\"#elementor-action%3Aaction%3Dlightbox%26settings%3DeyJpZCI6MjQyNiwidXJsIjoiaHR0cHM6XC9cL2NsYXNjbGFzLmNvbVwvd3AtY29udGVudFwvdXBsb2Fkc1wvMjAyNlwvMDNcLzdfb3NnLWNsYXVzdXJhLXNjYWxlZC5qcGcifQ%3D%3D\">\n\t\t\t\t\t\t\t<img fetchpriority=\"high\" decoding=\"async\" width=\"2560\" height=\"523\" src=\"https:\/\/clasclas.com\/wp-content\/uploads\/2026\/03\/7_osg-clausura-scaled.jpg\" class=\"attachment-full size-full wp-image-2426\" alt=\"\" srcset=\"https:\/\/clasclas.com\/wp-content\/uploads\/2026\/03\/7_osg-clausura-scaled.jpg 2560w, https:\/\/clasclas.com\/wp-content\/uploads\/2026\/03\/7_osg-clausura-300x61.jpg 300w, https:\/\/clasclas.com\/wp-content\/uploads\/2026\/03\/7_osg-clausura-1024x209.jpg 1024w, https:\/\/clasclas.com\/wp-content\/uploads\/2026\/03\/7_osg-clausura-768x157.jpg 768w, https:\/\/clasclas.com\/wp-content\/uploads\/2026\/03\/7_osg-clausura-1536x314.jpg 1536w, https:\/\/clasclas.com\/wp-content\/uploads\/2026\/03\/7_osg-clausura-2048x418.jpg 2048w\" sizes=\"(max-width: 2560px) 100vw, 2560px\" \/>\t\t\t\t\t\t\t\t<\/a>\n\t\t\t\t\t\t\t\t\t\t\t\t\t\t\t<\/div>\n\t\t\t\t\t<\/div>\n\t\t\t\t<\/div>\n\t\t<div class=\"elementor-element elementor-element-53fd57b container-padding e-flex e-con-boxed e-con e-parent\" data-id=\"53fd57b\" data-element_type=\"container\">\n\t\t\t\t\t<div class=\"e-con-inner\">\n\t\t\t\t<div class=\"elementor-element elementor-element-07d419a elementor-align-justify btn-big elementor-widget elementor-widget-button\" data-id=\"07d419a\" data-element_type=\"widget\" data-widget_type=\"button.default\">\n\t\t\t\t\t\t\t\t\t\t<a class=\"elementor-button elementor-button-link elementor-size-sm\" href=\"https:\/\/clasclas.com\/gl\/entradas\/\">\n\t\t\t\t\t\t<span class=\"elementor-button-content-wrapper\">\n\t\t\t\t\t\t\t\t\t<span class=\"elementor-button-text\">Entradas<\/span>\n\t\t\t\t\t<\/span>\n\t\t\t\t\t<\/a>\n\t\t\t\t\t\t\t\t<\/div>\n\t\t\t\t\t<\/div>\n\t\t\t\t<\/div>\n\t\t<div class=\"elementor-element elementor-element-f3ddae3 container-padding artista-contenido e-flex e-con-boxed e-con e-parent\" data-id=\"f3ddae3\" data-element_type=\"container\">\n\t\t\t\t\t<div class=\"e-con-inner\">\n\t\t<div class=\"elementor-element elementor-element-cd55797 e-con-full cc-sidebar e-flex e-con e-child\" data-id=\"cd55797\" data-element_type=\"container\">\n\t\t<div class=\"elementor-element elementor-element-cea287f e-con-full cc-sidebar-inner e-flex e-con e-child\" data-id=\"cea287f\" data-element_type=\"container\" data-settings=\"{&quot;sticky&quot;:&quot;top&quot;,&quot;sticky_offset&quot;:48,&quot;sticky_parent&quot;:&quot;yes&quot;,&quot;sticky_on&quot;:[&quot;desktop&quot;,&quot;tablet&quot;,&quot;mobile&quot;],&quot;sticky_effects_offset&quot;:0,&quot;sticky_anchor_link_offset&quot;:0}\">\n\t\t\t\t<div class=\"elementor-element elementor-element-5945230 elementor-align-left elementor-widget elementor-widget-button\" data-id=\"5945230\" data-element_type=\"widget\" data-widget_type=\"button.default\">\n\t\t\t\t\t\t\t\t\t\t<a class=\"elementor-button elementor-button-link elementor-size-sm\" href=\"https:\/\/clasclas.com\/gl\/edicion-2025\/\" target=\"_blank\">\n\t\t\t\t\t\t<span class=\"elementor-button-content-wrapper\">\n\t\t\t\t\t\t\t\t\t<span class=\"elementor-button-text\">clascl\u00e1s 2026<\/span>\n\t\t\t\t\t<\/span>\n\t\t\t\t\t<\/a>\n\t\t\t\t\t\t\t\t<\/div>\n\t\t\t\t<div class=\"elementor-element elementor-element-693b702 elementor-align-left elementor-widget elementor-widget-button\" data-id=\"693b702\" data-element_type=\"widget\" data-widget_type=\"button.default\">\n\t\t\t\t\t\t\t\t\t\t<a class=\"elementor-button elementor-button-link elementor-size-sm\" href=\"https:\/\/www.sinfonicadegalicia.com\" target=\"_blank\">\n\t\t\t\t\t\t<span class=\"elementor-button-content-wrapper\">\n\t\t\t\t\t\t\t\t\t<span class=\"elementor-button-text\">sinfonicadegalicia.com<\/span>\n\t\t\t\t\t<\/span>\n\t\t\t\t\t<\/a>\n\t\t\t\t\t\t\t\t<\/div>\n\t\t\t\t<\/div>\n\t\t\t\t<\/div>\n\t\t<div class=\"elementor-element elementor-element-602af06 e-con-full e-flex e-con e-child\" data-id=\"602af06\" data-element_type=\"container\">\n\t\t<div class=\"elementor-element elementor-element-c603eda e-con-full e-flex e-con e-child\" data-id=\"c603eda\" data-element_type=\"container\">\n\t\t\t\t<div class=\"elementor-element elementor-element-366abbd elementor-widget elementor-widget-heading\" data-id=\"366abbd\" data-element_type=\"widget\" data-widget_type=\"heading.default\">\n\t\t\t\t\t<h1 class=\"elementor-heading-title elementor-size-default\">Clausura | Orquestra Sinf\u00f3nica de Galicia<\/h1>\t\t\t\t<\/div>\n\t\t\t\t<div class=\"elementor-element elementor-element-5457e58 elementor-icon-list--layout-inline evento-detalles elementor-list-item-link-full_width elementor-widget elementor-widget-icon-list\" data-id=\"5457e58\" data-element_type=\"widget\" data-widget_type=\"icon-list.default\">\n\t\t\t\t\t\t\t<ul class=\"elementor-icon-list-items elementor-inline-items\">\n\t\t\t\t\t\t\t<li class=\"elementor-icon-list-item elementor-inline-item\">\n\t\t\t\t\t\t\t\t\t\t\t<span class=\"elementor-icon-list-icon\">\n\t\t\t\t\t\t\t<svg aria-hidden=\"true\" class=\"e-font-icon-svg e-fas-calendar-alt\" viewBox=\"0 0 448 512\" xmlns=\"http:\/\/www.w3.org\/2000\/svg\"><path d=\"M0 464c0 26.5 21.5 48 48 48h352c26.5 0 48-21.5 48-48V192H0v272zm320-196c0-6.6 5.4-12 12-12h40c6.6 0 12 5.4 12 12v40c0 6.6-5.4 12-12 12h-40c-6.6 0-12-5.4-12-12v-40zm0 128c0-6.6 5.4-12 12-12h40c6.6 0 12 5.4 12 12v40c0 6.6-5.4 12-12 12h-40c-6.6 0-12-5.4-12-12v-40zM192 268c0-6.6 5.4-12 12-12h40c6.6 0 12 5.4 12 12v40c0 6.6-5.4 12-12 12h-40c-6.6 0-12-5.4-12-12v-40zm0 128c0-6.6 5.4-12 12-12h40c6.6 0 12 5.4 12 12v40c0 6.6-5.4 12-12 12h-40c-6.6 0-12-5.4-12-12v-40zM64 268c0-6.6 5.4-12 12-12h40c6.6 0 12 5.4 12 12v40c0 6.6-5.4 12-12 12H76c-6.6 0-12-5.4-12-12v-40zm0 128c0-6.6 5.4-12 12-12h40c6.6 0 12 5.4 12 12v40c0 6.6-5.4 12-12 12H76c-6.6 0-12-5.4-12-12v-40zM400 64h-48V16c0-8.8-7.2-16-16-16h-32c-8.8 0-16 7.2-16 16v48H160V16c0-8.8-7.2-16-16-16h-32c-8.8 0-16 7.2-16 16v48H48C21.5 64 0 85.5 0 112v48h448v-48c0-26.5-21.5-48-48-48z\"><\/path><\/svg>\t\t\t\t\t\t<\/span>\n\t\t\t\t\t\t\t\t\t\t<span class=\"elementor-icon-list-text\">S\u00e1bado 27 Xu\u00f1o<\/span>\n\t\t\t\t\t\t\t\t\t<\/li>\n\t\t\t\t\t\t\t\t<li class=\"elementor-icon-list-item elementor-inline-item\">\n\t\t\t\t\t\t\t\t\t\t\t<span class=\"elementor-icon-list-icon\">\n\t\t\t\t\t\t\t<svg aria-hidden=\"true\" class=\"e-font-icon-svg e-fas-clock\" viewBox=\"0 0 512 512\" xmlns=\"http:\/\/www.w3.org\/2000\/svg\"><path d=\"M256,8C119,8,8,119,8,256S119,504,256,504,504,393,504,256,393,8,256,8Zm92.49,313h0l-20,25a16,16,0,0,1-22.49,2.5h0l-67-49.72a40,40,0,0,1-15-31.23V112a16,16,0,0,1,16-16h32a16,16,0,0,1,16,16V256l58,42.5A16,16,0,0,1,348.49,321Z\"><\/path><\/svg>\t\t\t\t\t\t<\/span>\n\t\t\t\t\t\t\t\t\t\t<span class=\"elementor-icon-list-text\">21:00<\/span>\n\t\t\t\t\t\t\t\t\t<\/li>\n\t\t\t\t\t\t\t\t<li class=\"elementor-icon-list-item elementor-inline-item\">\n\t\t\t\t\t\t\t\t\t\t\t<span class=\"elementor-icon-list-icon\">\n\t\t\t\t\t\t\t<svg aria-hidden=\"true\" class=\"e-font-icon-svg e-fas-map-marker-alt\" viewBox=\"0 0 384 512\" xmlns=\"http:\/\/www.w3.org\/2000\/svg\"><path d=\"M172.268 501.67C26.97 291.031 0 269.413 0 192 0 85.961 85.961 0 192 0s192 85.961 192 192c0 77.413-26.97 99.031-172.268 309.67-9.535 13.774-29.93 13.773-39.464 0zM192 272c44.183 0 80-35.817 80-80s-35.817-80-80-80-80 35.817-80 80 35.817 80 80 80z\"><\/path><\/svg>\t\t\t\t\t\t<\/span>\n\t\t\t\t\t\t\t\t\t\t<span class=\"elementor-icon-list-text\">Auditorio Municipal<\/span>\n\t\t\t\t\t\t\t\t\t<\/li>\n\t\t\t\t\t\t<\/ul>\n\t\t\t\t\t\t<\/div>\n\t\t\t\t<div class=\"elementor-element elementor-element-4cafc80 elementor-widget elementor-widget-text-editor\" data-id=\"4cafc80\" data-element_type=\"widget\" data-widget_type=\"text-editor.default\">\n\t\t\t\t\t\t\t\t\t<p><span style=\"font-weight: 400;\"><strong>OSG<\/strong> Creada en 1992 por el Ayuntamiento de A Coru\u00f1a, ciudad en cuyo Palacio de la \u00d3pera tiene su sede, la Orquesta Sinf\u00f3nica de Galicia (OSG) es una de las agrupaciones orquestales de mayor proyecci\u00f3n en Espa\u00f1a adem\u00e1s de una marca internacional con seguidores en los cinco continentes a trav\u00e9s de su canal de YouTube.<\/span><\/p><p><span style=\"font-weight: 400;\">La OSG, cuyo director titular desde la temporada 2023-24\u00a0es Roberto Gonz\u00e1lez-Monjas \u2014quien relev\u00f3 a Dima Slobodeniouk, director del conjunto de 2013 a 202s\u2014 y\u00a0V\u00edctor Pablo P\u00e9rez su director honorario y Jos\u00e9 Trigueros su director asociado, ha sido orquesta residente del Festival Rossini de P\u00e9saro de 2003 a 2005 y del Festival Mozart de A Coru\u00f1a desde su creaci\u00f3n en 1998. Adem\u00e1s, su presencia nacional e internacional ha sido constante, con conciertos en las mejores salas en Espa\u00f1a y con varias giras por Alemania y Austria. En 2007 realiz\u00f3 una gira por Am\u00e9rica del Sur \u2014con conciertos en Chile, Argentina, Brasil, Uruguay y Montevideo\u2014, a finales de 2009 se present\u00f3 en la hist\u00f3rica sala del Musikverein de Viena y en 2016 ofreci\u00f3 dos conciertos en los Emiratos \u00c1rabes.<\/span><\/p><p><span style=\"font-weight: 400;\">Tanto para sus conciertos internacionales como para sus programas de abono la OSG cuenta con solistas como Anne-Sophie Mutter, Isabelle Faust, Maurizio Pollini, Krystian Zimerman, Grigory Sokolov, Frank Peter Zimmermann, Maria Joao Pires, Elisabeth Leonskaja, Dmitri Sitkovetsky, Stefan Dohr, Alica Sara Ott, Gil Shaham, Sarah Chang, Leonidas Kavakos, Arcadi Volodos, Mischa Maisky, Javier Perianes o Christian Lindberg entre otros muchos.<\/span><span style=\"font-weight: 400;\"><br \/><\/span><span style=\"font-weight: 400;\">Con ella han cantado Bryn Terfell, Ewa Podles, Pl\u00e1cido Domingo, Juan Diego Fl\u00f3rez, Simon Estes, Leo Nucci, Alfredo Kraus, Teresa Berganza, Mattias Goerne, Mar\u00eda Bayo, Ainhoa Arteta, Mirella Freni, Ann Murray, Amanda Roocroft, Ildar Abdrazakov, Hildegard Behrens, Eva Marton, Giuseppe Giacomini, Philip Langridge, Carlos Chausson, Ra\u00fal Gim\u00e9nez, Isabel Rey, Carlos \u00c1lvarez, Ana Mar\u00eda S\u00e1nchez o Giuseppe Sabbatini, y siempre bajo la batuta de maestros como Dima Slobodeniouk, Gutavo Dudamel, Lorin Maazel, \u00a0Eliahu Inbal, Neville Marriner, Michail Jurowski, Ton Koopman, Guennadi Rozdestvenski, Libor Pesek, Maurizio Pollini, Christoph Eschenbach, James Judd, Stanislaw Skrowaczeski, Richard Egarr, Daniel Harding, Jes\u00fas L\u00f3pez Cobos, Osmo V\u00e4nsk\u00e4, Alberto Zedda, Yoav Talmi, Raymond Leppard, Carlo Rizzi, Josep Pons, John Nelson, Gianandrea Noseda, Ron Goodwin o Manfred Honeck entre otros.<\/span><\/p><p><span style=\"font-weight: 400;\">En su discograf\u00eda para sellos como Deutsche Gramophon, Sony, BIS, EMI, DECCA, Koch, Na\u00efve, BMG y Arts figuran nombres como los de Juan Diego Fl\u00f3rez, Kaori Muraji, Peter Maag, Antonio Meneses, Iv\u00e1n Mart\u00edn, Manuel Barrueco \u2014con quien ha sido nominada al Grammy 2007 por el mejor \u00e1lbum cl\u00e1sico del a\u00f1o\u2014, Mar\u00eda Bayo, Pl\u00e1cido Domingo, Juan Pons o Ewa Podles entre otros.<\/span><\/p><p><span style=\"font-weight: 400;\">La OSG ha convertido su canal de YouTube en el m\u00e1s visto del sector en Espa\u00f1a y uno de los m\u00e1s visitados a nivel europeo: con m\u00e1s de cien mil suscriptores los v\u00eddeos de la OSG superan los trece millones de visualizaciones en el \u00faltimo a\u00f1o desde un total de 227 pa\u00edses. El \u00e9xito internacional de su canal y las retransmisiones en streaming HD iniciadas en la temporada 14-15 supusieron su nominaci\u00f3n al Classical:Next Innovation Award 2015.<\/span><\/p><p><span style=\"font-weight: 400;\">La OSG ha sido premiada con la Medalla de Oro de la Real Academia Galega de Belas Artes y es Premio Cultura Galega da M\u00fasica 2010.<\/span><\/p><p><span style=\"font-weight: 400;\">La OSG est\u00e1 financiada por el Ayuntamiento de A Coru\u00f1a, la Xunta de Galicia y la Diputaci\u00f3n de A Coru\u00f1a.<\/span><\/p><p>\u00a0<\/p><p><strong>Jos\u00e9 Trigueros, Director<\/strong><\/p><p><span style=\"font-weight: 400;\">Director Asociado da Orquestra Sinf\u00f3nica de Galicia desde a tempada 2019-2020, Jos\u00e9 Trigueros deu o salto \u00e1 direcci\u00f3n orquestral tras unha ampla traxectoria profesional como instrumentista. Nas \u00faltimas tempadas dirixiu formaci\u00f3ns como a Orquestra Nacional de Espa\u00f1a, a Orquestra e Coro de RTVE, a Orquestra Cidade de Granada, a Orquestra de Valencia, a Orquestra Sinf\u00f3nica de Castilla y Le\u00f3n, a Orquestra de C\u00f3rdoba, a Orquestra Sinf\u00f3nica de Navarra ou a Orquestra Sinf\u00f3nica das Illas Baleares, entre outras. As\u00ed mesmo, foi convidado con frecuencia pola Joven Orquesta Nacional de Espa\u00f1a, da que foi director asistente e \u00e1 fronte da s\u00faa Academia de M\u00fasica Contempor\u00e1nea.Traballou con solistas como os pianistas Simon Trp<\/span><span style=\"font-weight: 400;\">\u010d<\/span><span style=\"font-weight: 400;\">eski, Varvara e Boris Giltburg, o violista Joaqu\u00edn Riquelme, o clavecinista Mahan Esfahani, a soprano Raquel Lojendio ou a cantaora flamenca Marina Heredia, xunto a quen estreou en Espa\u00f1a en maio de 2024 a obra de Joan Albert Amarg\u00f3s \u00a1En libertad!. En 2016 foi seleccionado polo mestre David Zinman para participar nunhas clases maxistrais xunto \u00e1 prestixiosa Tonhalle Orchester Z\u00fcrich. Ao longo da s\u00faa carreira colaborou como director asistente con mestres como Pablo Heras-Casado, Dima Slobodeniouk ou Alberto Zedda. Formado nos conservatorios de Valencia e \u00c1msterdam na especialidade de percusi\u00f3n, Jos\u00e9 Trigueros iniciou os seus estudos de direcci\u00f3n de orquestra da man do mestre Bruno Apreay, que posteriormente ampliou no Conservatorio de Bruxelas con Patrick Davin.<\/span><\/p>\t\t\t\t\t\t\t\t<\/div>\n\t\t\t\t<div class=\"elementor-element elementor-element-f41fa3d elementor-widget elementor-widget-heading\" data-id=\"f41fa3d\" data-element_type=\"widget\" data-widget_type=\"heading.default\">\n\t\t\t\t\t<h2 class=\"elementor-heading-title elementor-size-default\">Programa<\/h2>\t\t\t\t<\/div>\n\t\t\t\t<div class=\"elementor-element elementor-element-fee5fa4 elementor-widget elementor-widget-text-editor\" data-id=\"fee5fa4\" data-element_type=\"widget\" data-widget_type=\"text-editor.default\">\n\t\t\t\t\t\t\t\t\t<h5><em><strong>Paix\u00f3n C\u00f3smica. O concerto da Eclipse<\/strong><\/em><\/h5><p><strong>\u00b7 Richard Strauss<\/strong> (1864-1949) :: As\u00ed habl\u00f3 Zarathustra (introduci\u00f3n)<br \/><strong>\u00b7 Joaqu\u00edn Rodrigo<\/strong> (1901-1999) :: A la busca del m\u00e1s all\u00e1<br \/><strong>\u00b7 Anton\u00edn Dvo\u0159ak<\/strong> (1841-1904) :: Sinfon\u00eda no 9 en mi menor, op.95 &#8220;Do novo mundo&#8221;: Mov IV,<br \/>Allegro con fuoco<br \/><strong>\u00b7 Claude Debussy<\/strong> (1862-1918) :: Claro de Luna (arr. Caplet)<br \/><strong>\u00b7 John Estacio (1966)<\/strong> :: Solaris<br \/><strong>\u00b7 Maurice Ravel<\/strong> (1875-1937) :: Bolero (arr. Di Vittorio)<\/p>\t\t\t\t\t\t\t\t<\/div>\n\t\t\t\t<div class=\"elementor-element elementor-element-0a31500 elementor-skin-carousel elementor-arrows-yes elementor-pagination-type-bullets elementor-pagination-position-outside elementor-widget elementor-widget-media-carousel\" data-id=\"0a31500\" data-element_type=\"widget\" data-settings=\"{&quot;slides_per_view&quot;:&quot;1&quot;,&quot;slides_per_view_tablet&quot;:&quot;1&quot;,&quot;skin&quot;:&quot;carousel&quot;,&quot;effect&quot;:&quot;slide&quot;,&quot;show_arrows&quot;:&quot;yes&quot;,&quot;pagination&quot;:&quot;bullets&quot;,&quot;speed&quot;:500,&quot;autoplay&quot;:&quot;yes&quot;,&quot;autoplay_speed&quot;:5000,&quot;loop&quot;:&quot;yes&quot;,&quot;pause_on_hover&quot;:&quot;yes&quot;,&quot;pause_on_interaction&quot;:&quot;yes&quot;,&quot;space_between&quot;:{&quot;unit&quot;:&quot;px&quot;,&quot;size&quot;:10,&quot;sizes&quot;:[]},&quot;space_between_tablet&quot;:{&quot;unit&quot;:&quot;px&quot;,&quot;size&quot;:10,&quot;sizes&quot;:[]},&quot;space_between_mobile&quot;:{&quot;unit&quot;:&quot;px&quot;,&quot;size&quot;:10,&quot;sizes&quot;:[]}}\" data-widget_type=\"media-carousel.default\">\n\t\t\t\t\t\t\t\t\t\t<div class=\"elementor-main-swiper swiper\" role=\"region\" aria-roledescription=\"carousel\" aria-label=\"Diapositivas\">\n\t\t\t\t<div class=\"swiper-wrapper\">\n\t\t\t\t\t\t\t\t\t\t\t<div class=\"swiper-slide\" role=\"group\" aria-roledescription=\"slide\">\n\t\t\t\t\t\t\t<a href=\"https:\/\/clasclas.com\/wp-content\/uploads\/2026\/03\/banerOSG.jpg\" data-elementor-open-lightbox=\"yes\" data-elementor-lightbox-slideshow=\"0a31500\" data-e-action-hash=\"#elementor-action%3Aaction%3Dlightbox%26settings%3DeyJpZCI6MjQ4MSwidXJsIjoiaHR0cHM6XC9cL2NsYXNjbGFzLmNvbVwvd3AtY29udGVudFwvdXBsb2Fkc1wvMjAyNlwvMDNcL2JhbmVyT1NHLmpwZyIsInNsaWRlc2hvdyI6IjBhMzE1MDAifQ%3D%3D\">\t\t<div class=\"elementor-carousel-image\" role=\"img\" aria-label=\"banerOSG\" style=\"background-image: url(&#039;https:\/\/clasclas.com\/wp-content\/uploads\/2026\/03\/banerOSG.jpg&#039;)\">\n\n\t\t\t\n\t\t\t\t\t<\/div>\n\t\t<\/a>\t\t\t\t\t\t<\/div>\n\t\t\t\t\t\t\t\t\t\t\t<div class=\"swiper-slide\" role=\"group\" aria-roledescription=\"slide\">\n\t\t\t\t\t\t\t<a href=\"https:\/\/clasclas.com\/wp-content\/uploads\/2026\/03\/jose-trigueros.jpeg\" data-elementor-open-lightbox=\"yes\" data-elementor-lightbox-slideshow=\"0a31500\" data-e-action-hash=\"#elementor-action%3Aaction%3Dlightbox%26settings%3DeyJpZCI6MjQ4MiwidXJsIjoiaHR0cHM6XC9cL2NsYXNjbGFzLmNvbVwvd3AtY29udGVudFwvdXBsb2Fkc1wvMjAyNlwvMDNcL2pvc2UtdHJpZ3Vlcm9zLmpwZWciLCJzbGlkZXNob3ciOiIwYTMxNTAwIn0%3D\">\t\t<div class=\"elementor-carousel-image\" role=\"img\" aria-label=\"jose-trigueros\" style=\"background-image: url(&#039;https:\/\/clasclas.com\/wp-content\/uploads\/2026\/03\/jose-trigueros.jpeg&#039;)\">\n\n\t\t\t\n\t\t\t\t\t<\/div>\n\t\t<\/a>\t\t\t\t\t\t<\/div>\n\t\t\t\t\t\t\t\t\t<\/div>\n\t\t\t\t\t\t\t\t\t\t\t\t\t\t\t<div class=\"elementor-swiper-button elementor-swiper-button-prev\" role=\"button\" tabindex=\"0\" aria-label=\"Previous\">\n\t\t\t\t\t\t\t<svg aria-hidden=\"true\" class=\"e-font-icon-svg e-eicon-chevron-left\" viewBox=\"0 0 1000 1000\" xmlns=\"http:\/\/www.w3.org\/2000\/svg\"><path d=\"M646 125C629 125 613 133 604 142L308 442C296 454 292 471 292 487 292 504 296 521 308 533L604 854C617 867 629 875 646 875 663 875 679 871 692 858 704 846 713 829 713 812 713 796 708 779 692 767L438 487 692 225C700 217 708 204 708 187 708 171 704 154 692 142 675 129 663 125 646 125Z\"><\/path><\/svg>\t\t\t\t\t\t<\/div>\n\t\t\t\t\t\t<div class=\"elementor-swiper-button elementor-swiper-button-next\" role=\"button\" tabindex=\"0\" aria-label=\"Next\">\n\t\t\t\t\t\t\t<svg aria-hidden=\"true\" class=\"e-font-icon-svg e-eicon-chevron-right\" viewBox=\"0 0 1000 1000\" xmlns=\"http:\/\/www.w3.org\/2000\/svg\"><path d=\"M696 533C708 521 713 504 713 487 713 471 708 454 696 446L400 146C388 133 375 125 354 125 338 125 325 129 313 142 300 154 292 171 292 187 292 204 296 221 308 233L563 492 304 771C292 783 288 800 288 817 288 833 296 850 308 863 321 871 338 875 354 875 371 875 388 867 400 854L696 533Z\"><\/path><\/svg>\t\t\t\t\t\t<\/div>\n\t\t\t\t\t\t\t\t\t\t\t\t\t\t\t\t<div class=\"swiper-pagination\"><\/div>\n\t\t\t\t\t\t\t\t\t\t\t\t<\/div>\n\t\t\t\t\t\t\t\t<\/div>\n\t\t\t\t<\/div>\n\t\t\t\t<\/div>\n\t\t\t\t\t<\/div>\n\t\t\t\t<\/div>\n\t\t\t\t<\/div>\n\t\t","protected":false},"excerpt":{"rendered":"<p>Entradas clascl\u00e1s 2026 sinfonicadegalicia.com Clausura | Orquestra Sinf\u00f3nica de Galicia S\u00e1bado 27 Xu\u00f1o 21:00 Auditorio Municipal OSG Creada en 1992 por el Ayuntamiento de A Coru\u00f1a, ciudad en cuyo Palacio de la \u00d3pera tiene su sede, la Orquesta Sinf\u00f3nica de Galicia (OSG) es una de las agrupaciones orquestales de mayor proyecci\u00f3n en Espa\u00f1a adem\u00e1s de [&hellip;]<\/p>\n","protected":false},"author":2,"featured_media":0,"parent":1616,"menu_order":0,"comment_status":"closed","ping_status":"closed","template":"","meta":{"inline_featured_image":false,"footnotes":""},"class_list":["post-1677","page","type-page","status-publish","hentry"],"_links":{"self":[{"href":"https:\/\/clasclas.com\/gl\/wp-json\/wp\/v2\/pages\/1677","targetHints":{"allow":["GET"]}}],"collection":[{"href":"https:\/\/clasclas.com\/gl\/wp-json\/wp\/v2\/pages"}],"about":[{"href":"https:\/\/clasclas.com\/gl\/wp-json\/wp\/v2\/types\/page"}],"author":[{"embeddable":true,"href":"https:\/\/clasclas.com\/gl\/wp-json\/wp\/v2\/users\/2"}],"replies":[{"embeddable":true,"href":"https:\/\/clasclas.com\/gl\/wp-json\/wp\/v2\/comments?post=1677"}],"version-history":[{"count":5,"href":"https:\/\/clasclas.com\/gl\/wp-json\/wp\/v2\/pages\/1677\/revisions"}],"predecessor-version":[{"id":2611,"href":"https:\/\/clasclas.com\/gl\/wp-json\/wp\/v2\/pages\/1677\/revisions\/2611"}],"up":[{"embeddable":true,"href":"https:\/\/clasclas.com\/gl\/wp-json\/wp\/v2\/pages\/1616"}],"wp:attachment":[{"href":"https:\/\/clasclas.com\/gl\/wp-json\/wp\/v2\/media?parent=1677"}],"curies":[{"name":"wp","href":"https:\/\/api.w.org\/{rel}","templated":true}]}}