{"id":1671,"date":"2025-12-03T10:32:09","date_gmt":"2025-12-03T09:32:09","guid":{"rendered":"https:\/\/clasclas.com\/artistas-2025\/luis-fernando-perez\/"},"modified":"2026-03-31T17:14:12","modified_gmt":"2026-03-31T15:14:12","slug":"luis-fernando-perez","status":"publish","type":"page","link":"https:\/\/clasclas.com\/gl\/artistas-2025\/luis-fernando-perez\/","title":{"rendered":"Davit Krikuli"},"content":{"rendered":"\t\t<div data-elementor-type=\"wp-page\" data-elementor-id=\"1671\" class=\"elementor elementor-1671 elementor-532\" data-elementor-post-type=\"page\">\n\t\t\t\t<div class=\"elementor-element elementor-element-3a644c8 e-flex e-con-boxed e-con e-parent\" data-id=\"3a644c8\" data-element_type=\"container\">\n\t\t\t\t\t<div class=\"e-con-inner\">\n\t\t\t\t<div class=\"elementor-element elementor-element-587291f elementor-widget elementor-widget-image\" data-id=\"587291f\" data-element_type=\"widget\" data-widget_type=\"image.default\">\n\t\t\t\t\t\t\t\t\t\t\t\t\t\t\t\t<a href=\"https:\/\/clasclas.com\/wp-content\/uploads\/2026\/03\/5_Davit-Khrikuli-1-scaled.jpg\" data-elementor-open-lightbox=\"yes\" data-e-action-hash=\"#elementor-action%3Aaction%3Dlightbox%26settings%3DeyJpZCI6MjMzMSwidXJsIjoiaHR0cHM6XC9cL2NsYXNjbGFzLmNvbVwvd3AtY29udGVudFwvdXBsb2Fkc1wvMjAyNlwvMDNcLzVfRGF2aXQtS2hyaWt1bGktMS1zY2FsZWQuanBnIn0%3D\">\n\t\t\t\t\t\t\t<img fetchpriority=\"high\" decoding=\"async\" width=\"2560\" height=\"523\" src=\"https:\/\/clasclas.com\/wp-content\/uploads\/2026\/03\/5_Davit-Khrikuli-1-scaled.jpg\" class=\"attachment-full size-full wp-image-2331\" alt=\"\" srcset=\"https:\/\/clasclas.com\/wp-content\/uploads\/2026\/03\/5_Davit-Khrikuli-1-scaled.jpg 2560w, https:\/\/clasclas.com\/wp-content\/uploads\/2026\/03\/5_Davit-Khrikuli-1-300x61.jpg 300w, https:\/\/clasclas.com\/wp-content\/uploads\/2026\/03\/5_Davit-Khrikuli-1-1024x209.jpg 1024w, https:\/\/clasclas.com\/wp-content\/uploads\/2026\/03\/5_Davit-Khrikuli-1-768x157.jpg 768w, https:\/\/clasclas.com\/wp-content\/uploads\/2026\/03\/5_Davit-Khrikuli-1-1536x314.jpg 1536w, https:\/\/clasclas.com\/wp-content\/uploads\/2026\/03\/5_Davit-Khrikuli-1-2048x418.jpg 2048w\" sizes=\"(max-width: 2560px) 100vw, 2560px\" \/>\t\t\t\t\t\t\t\t<\/a>\n\t\t\t\t\t\t\t\t\t\t\t\t\t\t\t<\/div>\n\t\t\t\t\t<\/div>\n\t\t\t\t<\/div>\n\t\t<div class=\"elementor-element elementor-element-53fd57b container-padding e-flex e-con-boxed e-con e-parent\" data-id=\"53fd57b\" data-element_type=\"container\">\n\t\t\t\t\t<div class=\"e-con-inner\">\n\t\t\t\t<div class=\"elementor-element elementor-element-184321c elementor-align-justify btn-big elementor-widget elementor-widget-button\" data-id=\"184321c\" data-element_type=\"widget\" data-widget_type=\"button.default\">\n\t\t\t\t\t\t\t\t\t\t<a class=\"elementor-button elementor-button-link elementor-size-sm\" href=\"https:\/\/clasclas.com\/gl\/entradas\/\">\n\t\t\t\t\t\t<span class=\"elementor-button-content-wrapper\">\n\t\t\t\t\t\t\t\t\t<span class=\"elementor-button-text\">Entradas<\/span>\n\t\t\t\t\t<\/span>\n\t\t\t\t\t<\/a>\n\t\t\t\t\t\t\t\t<\/div>\n\t\t\t\t\t<\/div>\n\t\t\t\t<\/div>\n\t\t<div class=\"elementor-element elementor-element-f3ddae3 container-padding artista-contenido e-flex e-con-boxed e-con e-parent\" data-id=\"f3ddae3\" data-element_type=\"container\">\n\t\t\t\t\t<div class=\"e-con-inner\">\n\t\t<div class=\"elementor-element elementor-element-cd55797 e-con-full cc-sidebar e-flex e-con e-child\" data-id=\"cd55797\" data-element_type=\"container\">\n\t\t<div class=\"elementor-element elementor-element-cea287f e-con-full cc-sidebar-inner e-flex e-con e-child\" data-id=\"cea287f\" data-element_type=\"container\" data-settings=\"{&quot;sticky&quot;:&quot;top&quot;,&quot;sticky_offset&quot;:48,&quot;sticky_parent&quot;:&quot;yes&quot;,&quot;sticky_on&quot;:[&quot;desktop&quot;,&quot;tablet&quot;,&quot;mobile&quot;],&quot;sticky_effects_offset&quot;:0,&quot;sticky_anchor_link_offset&quot;:0}\">\n\t\t\t\t<div class=\"elementor-element elementor-element-7b83c8e elementor-align-left elementor-widget elementor-widget-button\" data-id=\"7b83c8e\" data-element_type=\"widget\" data-widget_type=\"button.default\">\n\t\t\t\t\t\t\t\t\t\t<a class=\"elementor-button elementor-button-link elementor-size-sm\" href=\"https:\/\/clasclas.com\/gl\/edicion-2025\/\" target=\"_blank\">\n\t\t\t\t\t\t<span class=\"elementor-button-content-wrapper\">\n\t\t\t\t\t\t\t\t\t<span class=\"elementor-button-text\">clascl\u00e1s 2026<\/span>\n\t\t\t\t\t<\/span>\n\t\t\t\t\t<\/a>\n\t\t\t\t\t\t\t\t<\/div>\n\t\t\t\t<\/div>\n\t\t\t\t<\/div>\n\t\t<div class=\"elementor-element elementor-element-602af06 e-con-full e-flex e-con e-child\" data-id=\"602af06\" data-element_type=\"container\">\n\t\t<div class=\"elementor-element elementor-element-c603eda e-con-full e-flex e-con e-child\" data-id=\"c603eda\" data-element_type=\"container\">\n\t\t\t\t<div class=\"elementor-element elementor-element-366abbd elementor-widget elementor-widget-heading\" data-id=\"366abbd\" data-element_type=\"widget\" data-widget_type=\"heading.default\">\n\t\t\t\t\t<h1 class=\"elementor-heading-title elementor-size-default\">Davit Khrikuli [Piano]<\/h1>\t\t\t\t<\/div>\n\t\t\t\t<div class=\"elementor-element elementor-element-5457e58 elementor-icon-list--layout-inline evento-detalles elementor-list-item-link-full_width elementor-widget elementor-widget-icon-list\" data-id=\"5457e58\" data-element_type=\"widget\" data-widget_type=\"icon-list.default\">\n\t\t\t\t\t\t\t<ul class=\"elementor-icon-list-items elementor-inline-items\">\n\t\t\t\t\t\t\t<li class=\"elementor-icon-list-item elementor-inline-item\">\n\t\t\t\t\t\t\t\t\t\t\t<span class=\"elementor-icon-list-icon\">\n\t\t\t\t\t\t\t<svg aria-hidden=\"true\" class=\"e-font-icon-svg e-fas-calendar-alt\" viewBox=\"0 0 448 512\" xmlns=\"http:\/\/www.w3.org\/2000\/svg\"><path d=\"M0 464c0 26.5 21.5 48 48 48h352c26.5 0 48-21.5 48-48V192H0v272zm320-196c0-6.6 5.4-12 12-12h40c6.6 0 12 5.4 12 12v40c0 6.6-5.4 12-12 12h-40c-6.6 0-12-5.4-12-12v-40zm0 128c0-6.6 5.4-12 12-12h40c6.6 0 12 5.4 12 12v40c0 6.6-5.4 12-12 12h-40c-6.6 0-12-5.4-12-12v-40zM192 268c0-6.6 5.4-12 12-12h40c6.6 0 12 5.4 12 12v40c0 6.6-5.4 12-12 12h-40c-6.6 0-12-5.4-12-12v-40zm0 128c0-6.6 5.4-12 12-12h40c6.6 0 12 5.4 12 12v40c0 6.6-5.4 12-12 12h-40c-6.6 0-12-5.4-12-12v-40zM64 268c0-6.6 5.4-12 12-12h40c6.6 0 12 5.4 12 12v40c0 6.6-5.4 12-12 12H76c-6.6 0-12-5.4-12-12v-40zm0 128c0-6.6 5.4-12 12-12h40c6.6 0 12 5.4 12 12v40c0 6.6-5.4 12-12 12H76c-6.6 0-12-5.4-12-12v-40zM400 64h-48V16c0-8.8-7.2-16-16-16h-32c-8.8 0-16 7.2-16 16v48H160V16c0-8.8-7.2-16-16-16h-32c-8.8 0-16 7.2-16 16v48H48C21.5 64 0 85.5 0 112v48h448v-48c0-26.5-21.5-48-48-48z\"><\/path><\/svg>\t\t\t\t\t\t<\/span>\n\t\t\t\t\t\t\t\t\t\t<span class=\"elementor-icon-list-text\">Xoves 25 Xu\u00f1o<\/span>\n\t\t\t\t\t\t\t\t\t<\/li>\n\t\t\t\t\t\t\t\t<li class=\"elementor-icon-list-item elementor-inline-item\">\n\t\t\t\t\t\t\t\t\t\t\t<span class=\"elementor-icon-list-icon\">\n\t\t\t\t\t\t\t<svg aria-hidden=\"true\" class=\"e-font-icon-svg e-fas-clock\" viewBox=\"0 0 512 512\" xmlns=\"http:\/\/www.w3.org\/2000\/svg\"><path d=\"M256,8C119,8,8,119,8,256S119,504,256,504,504,393,504,256,393,8,256,8Zm92.49,313h0l-20,25a16,16,0,0,1-22.49,2.5h0l-67-49.72a40,40,0,0,1-15-31.23V112a16,16,0,0,1,16-16h32a16,16,0,0,1,16,16V256l58,42.5A16,16,0,0,1,348.49,321Z\"><\/path><\/svg>\t\t\t\t\t\t<\/span>\n\t\t\t\t\t\t\t\t\t\t<span class=\"elementor-icon-list-text\">21:00<\/span>\n\t\t\t\t\t\t\t\t\t<\/li>\n\t\t\t\t\t\t\t\t<li class=\"elementor-icon-list-item elementor-inline-item\">\n\t\t\t\t\t\t\t\t\t\t\t<span class=\"elementor-icon-list-icon\">\n\t\t\t\t\t\t\t<svg aria-hidden=\"true\" class=\"e-font-icon-svg e-fas-map-marker-alt\" viewBox=\"0 0 384 512\" xmlns=\"http:\/\/www.w3.org\/2000\/svg\"><path d=\"M172.268 501.67C26.97 291.031 0 269.413 0 192 0 85.961 85.961 0 192 0s192 85.961 192 192c0 77.413-26.97 99.031-172.268 309.67-9.535 13.774-29.93 13.773-39.464 0zM192 272c44.183 0 80-35.817 80-80s-35.817-80-80-80-80 35.817-80 80 35.817 80 80 80z\"><\/path><\/svg>\t\t\t\t\t\t<\/span>\n\t\t\t\t\t\t\t\t\t\t<span class=\"elementor-icon-list-text\">Auditorio Municipal<\/span>\n\t\t\t\t\t\t\t\t\t<\/li>\n\t\t\t\t\t\t<\/ul>\n\t\t\t\t\t\t<\/div>\n\t\t\t\t<div class=\"elementor-element elementor-element-4cafc80 elementor-widget elementor-widget-text-editor\" data-id=\"4cafc80\" data-element_type=\"widget\" data-widget_type=\"text-editor.default\">\n\t\t\t\t\t\t\t\t\t<p><span style=\"font-weight: 400;\">Nado en Xeorxia en 2001, o pianista <\/span><b>David Khrikuli<\/b><span style=\"font-weight: 400;\"> est\u00e1 a emerxer rapidamente como unha das voces m\u00e1is cativadoras da s\u00faa xeraci\u00f3n. Ga\u00f1ador de m\u00faltiples concursos internacionais, combina brillantez t\u00e9cnica con profundidade art\u00edstica e un refinado sentido do son que lle valeu o reco\u00f1ecemento en toda Europa.<\/span><\/p><p><span style=\"font-weight: 400;\">Galardoado en numerosos certames internacionais, Khrikuli obtivo o <\/span><b>Primeiro Premio<\/b><span style=\"font-weight: 400;\"> no Concurso Internacional de Piano e Orquestra de Cant\u00f9 2024 (Italia), as\u00ed como o Primeiro Premio e o Premio do P\u00fablico no <\/span><b>Concurso Internacional de Piano de Vigo<\/b><span style=\"font-weight: 400;\"> (Espa\u00f1a). Tam\u00e9n foi finalista no Concurso Internacional de Piano Chopin de 2025, onde as s\u00faas interpretaci\u00f3ns cativaron tanto ao xurado como ao p\u00fablico, cultivando eloxios que transcenderon os propios resultados do certame. Entre as s\u00faas distinci\u00f3ns anteriores figuran o Primeiro Premio e o Premio Especial no Concurso Internacional de Aarhus (Dinamarca), o Primeiro Premio no Concurso Nacional de Piano Chopin de Tbilisi (Xeorxia), e premios no Concurso Internacional de Televisi\u00f3n Nutcracker (Rusia), Astana Piano Passion (Casaquist\u00e1n) e o Concurso Internacional Arthur Rubinstein para Mozos Pianistas (China).<\/span><\/p><p><span style=\"font-weight: 400;\">Comezou os seus estudos de piano na Escola Central de M\u00fasica Zakaria Paliashvili para Nenos Superdotados de Tbilisi, baixo a tutela de Revaz Tavadze, e posteriormente formouse con Galina Eguiazarova e Stanislav Ioudenitch na <\/span><b>Escuela Superior de M\u00fasica Reina Sof\u00eda de Madrid<\/b><span style=\"font-weight: 400;\">. Recibiu bolsas das Fundaci\u00f3ns Jaime Castellanos e Alb\u00e9niz, ocupou a C\u00e1tedra de Piano Fundaci\u00f3n Banco Santander e, en 2022, recibiu de S\u00faa Maxestade a Ra\u00ed\u00f1a Sof\u00eda o Diploma ao Alumno M\u00e1is Sobresaliente da s\u00faa c\u00e1tedra.<\/span><\/p><p><span style=\"font-weight: 400;\">Khrikuli presentouse como solista coa Filharm\u00f3nica de Xeorxia, a Camerata e Filharm\u00f3nica de Israel, e a Filharm\u00f3nica de Moscova, e ofreceu recitais e concertos de m\u00fasica de c\u00e1mara por toda Europa. Na Escola Reina Sof\u00eda participou en ciclos de concertos como <\/span><i><span style=\"font-weight: 400;\">La Generaci\u00f3n Ascendente<\/span><\/i><span style=\"font-weight: 400;\"> (Madrid) e <\/span><i><span style=\"font-weight: 400;\">AIEnRUTa-Cl\u00e1sicos<\/span><\/i><span style=\"font-weight: 400;\"> (Albacete), e actuou co Tr\u00edo Schumann, o D\u00fao Ravel e o Tr\u00edo Austrias.<\/span><\/p><p><span style=\"font-weight: 400;\">Actualmente, est\u00e1 de xira por Europa, e ten pr\u00f3ximas aparici\u00f3ns coa Orquestra Sinf\u00f3nica Nacional da Radio Polaca, o Foro Nacional da M\u00fasica de Wroc\u0142aw e a Filharm\u00f3nica de Cracovia. Tam\u00e9n actuar\u00e1 no Auditorio Nacional de M\u00fasica de Madrid, regresar\u00e1 a Mallorca e debutar\u00e1 en Berl\u00edn.<\/span><\/p><p><span style=\"font-weight: 400;\">Co seu ton expresivo, a s\u00faa t\u00e9cnica refinada e unha madurez art\u00edstica impropia da s\u00faa idade, David Khrikuli estase consolidando como <\/span><b>un dos pianistas m\u00e1is distinguidos da s\u00faa xeraci\u00f3n<\/b><span style=\"font-weight: 400;\">.<\/span><\/p>\t\t\t\t\t\t\t\t<\/div>\n\t\t\t\t<div class=\"elementor-element elementor-element-f41fa3d elementor-widget elementor-widget-heading\" data-id=\"f41fa3d\" data-element_type=\"widget\" data-widget_type=\"heading.default\">\n\t\t\t\t\t<h2 class=\"elementor-heading-title elementor-size-default\">Programa<\/h2>\t\t\t\t<\/div>\n\t\t\t\t<div class=\"elementor-element elementor-element-fee5fa4 elementor-widget elementor-widget-text-editor\" data-id=\"fee5fa4\" data-element_type=\"widget\" data-widget_type=\"text-editor.default\">\n\t\t\t\t\t\t\t\t\t<h5><em><strong>Ardor e melancol\u00eda<\/strong><\/em><\/h5><p><strong>\u00b7 Frederic Chopin<\/strong> (1810-1849)<br \/>Polonaise op.44, en fa sostenido menor<br \/>Impromptu no 3 op. 51, en sol bemol maior<br \/>Waltz op.42 en la bemol maior<br \/>Mazurka op. 59 no 1 en la menor<br \/>Scherzo no 3 op. 39, en do sostenido menor<br \/>Nocturne op. 62 no 1, en si maior<\/p><p><strong>\u00b7 Sonata no 3 op 58, en si menor<\/strong><br \/>I. Allegro maestoso<br \/>II. Scherzo. Molto vivace<br \/>III. Largo<br \/>IV. Finale. Presto non tanto<\/p>\t\t\t\t\t\t\t\t<\/div>\n\t\t\t\t<div class=\"elementor-element elementor-element-a617063 elementor-arrows-position-inside elementor-pagination-position-outside elementor-widget elementor-widget-image-carousel\" data-id=\"a617063\" data-element_type=\"widget\" data-settings=\"{&quot;slides_to_show&quot;:&quot;1&quot;,&quot;navigation&quot;:&quot;both&quot;,&quot;autoplay&quot;:&quot;yes&quot;,&quot;pause_on_hover&quot;:&quot;yes&quot;,&quot;pause_on_interaction&quot;:&quot;yes&quot;,&quot;autoplay_speed&quot;:5000,&quot;infinite&quot;:&quot;yes&quot;,&quot;effect&quot;:&quot;slide&quot;,&quot;speed&quot;:500}\" data-widget_type=\"image-carousel.default\">\n\t\t\t\t\t\t\t<div class=\"elementor-image-carousel-wrapper swiper\" role=\"region\" aria-roledescription=\"carousel\" aria-label=\"Carrusel de im\u00e1genes\" dir=\"ltr\">\n\t\t\t<div class=\"elementor-image-carousel swiper-wrapper\" aria-live=\"off\">\n\t\t\t\t\t\t\t\t<div class=\"swiper-slide\" role=\"group\" aria-roledescription=\"slide\" aria-label=\"1 de 4\"><figure class=\"swiper-slide-inner\"><img decoding=\"async\" class=\"swiper-slide-image\" src=\"https:\/\/clasclas.com\/wp-content\/uploads\/2026\/03\/David-Khrikuli_Auditorio-Nacional_S-by-Juan-Luis-Pout-23-1024x683.jpg\" alt=\"David Khrikuli_Auditorio Nacional_S (by Juan Luis Pout) -23\" \/><\/figure><\/div><div class=\"swiper-slide\" role=\"group\" aria-roledescription=\"slide\" aria-label=\"2 de 4\"><figure class=\"swiper-slide-inner\"><img decoding=\"async\" class=\"swiper-slide-image\" src=\"https:\/\/clasclas.com\/wp-content\/uploads\/2026\/03\/David-Khrikuli-by-Juan-Luis-Pout-11-1024x683.jpg\" alt=\"David Khrikuli (by Juan Luis Pout)-11\" \/><\/figure><\/div><div class=\"swiper-slide\" role=\"group\" aria-roledescription=\"slide\" aria-label=\"3 de 4\"><figure class=\"swiper-slide-inner\"><img decoding=\"async\" class=\"swiper-slide-image\" src=\"https:\/\/clasclas.com\/wp-content\/uploads\/2026\/03\/David-Khrikuli_Auditorio-Nacional_S-by-Juan-Luis-Pout-08-1024x683.jpg\" alt=\"David Khrikuli_Auditorio Nacional_S (by Juan Luis Pout) -08\" \/><\/figure><\/div><div class=\"swiper-slide\" role=\"group\" aria-roledescription=\"slide\" aria-label=\"4 de 4\"><figure class=\"swiper-slide-inner\"><img decoding=\"async\" class=\"swiper-slide-image\" src=\"https:\/\/clasclas.com\/wp-content\/uploads\/2026\/03\/David-Khrikuli-by-Juan-Luis-Pout-15-1024x683.jpg\" alt=\"David Khrikuli (by Juan Luis Pout)-15\" \/><\/figure><\/div>\t\t\t<\/div>\n\t\t\t\t\t\t\t\t\t\t\t\t<div class=\"elementor-swiper-button elementor-swiper-button-prev\" role=\"button\" tabindex=\"0\">\n\t\t\t\t\t\t<svg aria-hidden=\"true\" class=\"e-font-icon-svg e-eicon-chevron-left\" viewBox=\"0 0 1000 1000\" xmlns=\"http:\/\/www.w3.org\/2000\/svg\"><path d=\"M646 125C629 125 613 133 604 142L308 442C296 454 292 471 292 487 292 504 296 521 308 533L604 854C617 867 629 875 646 875 663 875 679 871 692 858 704 846 713 829 713 812 713 796 708 779 692 767L438 487 692 225C700 217 708 204 708 187 708 171 704 154 692 142 675 129 663 125 646 125Z\"><\/path><\/svg>\t\t\t\t\t<\/div>\n\t\t\t\t\t<div class=\"elementor-swiper-button elementor-swiper-button-next\" role=\"button\" tabindex=\"0\">\n\t\t\t\t\t\t<svg aria-hidden=\"true\" class=\"e-font-icon-svg e-eicon-chevron-right\" viewBox=\"0 0 1000 1000\" xmlns=\"http:\/\/www.w3.org\/2000\/svg\"><path d=\"M696 533C708 521 713 504 713 487 713 471 708 454 696 446L400 146C388 133 375 125 354 125 338 125 325 129 313 142 300 154 292 171 292 187 292 204 296 221 308 233L563 492 304 771C292 783 288 800 288 817 288 833 296 850 308 863 321 871 338 875 354 875 371 875 388 867 400 854L696 533Z\"><\/path><\/svg>\t\t\t\t\t<\/div>\n\t\t\t\t\n\t\t\t\t\t\t\t\t\t<div class=\"swiper-pagination\"><\/div>\n\t\t\t\t\t\t\t\t\t<\/div>\n\t\t\t\t\t\t<\/div>\n\t\t\t\t<\/div>\n\t\t\t\t<\/div>\n\t\t\t\t\t<\/div>\n\t\t\t\t<\/div>\n\t\t\t\t<\/div>\n\t\t","protected":false},"excerpt":{"rendered":"<p>Entradas clascl\u00e1s 2026 Davit Khrikuli [Piano] Xoves 25 Xu\u00f1o 21:00 Auditorio Municipal Nado en Xeorxia en 2001, o pianista David Khrikuli est\u00e1 a emerxer rapidamente como unha das voces m\u00e1is cativadoras da s\u00faa xeraci\u00f3n. Ga\u00f1ador de m\u00faltiples concursos internacionais, combina brillantez t\u00e9cnica con profundidade art\u00edstica e un refinado sentido do son que lle valeu o [&hellip;]<\/p>\n","protected":false},"author":2,"featured_media":0,"parent":1616,"menu_order":0,"comment_status":"closed","ping_status":"closed","template":"","meta":{"inline_featured_image":false,"footnotes":""},"class_list":["post-1671","page","type-page","status-publish","hentry"],"_links":{"self":[{"href":"https:\/\/clasclas.com\/gl\/wp-json\/wp\/v2\/pages\/1671","targetHints":{"allow":["GET"]}}],"collection":[{"href":"https:\/\/clasclas.com\/gl\/wp-json\/wp\/v2\/pages"}],"about":[{"href":"https:\/\/clasclas.com\/gl\/wp-json\/wp\/v2\/types\/page"}],"author":[{"embeddable":true,"href":"https:\/\/clasclas.com\/gl\/wp-json\/wp\/v2\/users\/2"}],"replies":[{"embeddable":true,"href":"https:\/\/clasclas.com\/gl\/wp-json\/wp\/v2\/comments?post=1671"}],"version-history":[{"count":14,"href":"https:\/\/clasclas.com\/gl\/wp-json\/wp\/v2\/pages\/1671\/revisions"}],"predecessor-version":[{"id":2591,"href":"https:\/\/clasclas.com\/gl\/wp-json\/wp\/v2\/pages\/1671\/revisions\/2591"}],"up":[{"embeddable":true,"href":"https:\/\/clasclas.com\/gl\/wp-json\/wp\/v2\/pages\/1616"}],"wp:attachment":[{"href":"https:\/\/clasclas.com\/gl\/wp-json\/wp\/v2\/media?parent=1671"}],"curies":[{"name":"wp","href":"https:\/\/api.w.org\/{rel}","templated":true}]}}