{"id":1650,"date":"2025-12-03T10:17:31","date_gmt":"2025-12-03T09:17:31","guid":{"rendered":"https:\/\/clasclas.com\/artistas-2025\/isabel-villanueva-francois-dumont\/"},"modified":"2026-03-31T18:24:33","modified_gmt":"2026-03-31T16:24:33","slug":"isabel-villanueva-francois-dumont","status":"publish","type":"page","link":"https:\/\/clasclas.com\/gl\/artistas-2025\/isabel-villanueva-francois-dumont\/","title":{"rendered":"The Terra String Quartet &#038; Oskar Espina Ruiz"},"content":{"rendered":"\t\t<div data-elementor-type=\"wp-page\" data-elementor-id=\"1650\" class=\"elementor elementor-1650 elementor-513\" data-elementor-post-type=\"page\">\n\t\t\t\t<div class=\"elementor-element elementor-element-3a644c8 e-flex e-con-boxed e-con e-parent\" data-id=\"3a644c8\" data-element_type=\"container\">\n\t\t\t\t\t<div class=\"e-con-inner\">\n\t\t\t\t<div class=\"elementor-element elementor-element-587291f elementor-widget elementor-widget-image\" data-id=\"587291f\" data-element_type=\"widget\" data-widget_type=\"image.default\">\n\t\t\t\t\t\t\t\t\t\t\t\t\t\t\t\t<a href=\"https:\/\/clasclas.com\/wp-content\/uploads\/2026\/03\/4_TheTerraStringQuartet_Oskar-Espina-scaled.jpg\" data-elementor-open-lightbox=\"yes\" data-e-action-hash=\"#elementor-action%3Aaction%3Dlightbox%26settings%3DeyJpZCI6MjMxMCwidXJsIjoiaHR0cHM6XC9cL2NsYXNjbGFzLmNvbVwvd3AtY29udGVudFwvdXBsb2Fkc1wvMjAyNlwvMDNcLzRfVGhlVGVycmFTdHJpbmdRdWFydGV0X09za2FyLUVzcGluYS1zY2FsZWQuanBnIn0%3D\">\n\t\t\t\t\t\t\t<img fetchpriority=\"high\" decoding=\"async\" width=\"2560\" height=\"523\" src=\"https:\/\/clasclas.com\/wp-content\/uploads\/2026\/03\/4_TheTerraStringQuartet_Oskar-Espina-scaled.jpg\" class=\"attachment-full size-full wp-image-2310\" alt=\"\" srcset=\"https:\/\/clasclas.com\/wp-content\/uploads\/2026\/03\/4_TheTerraStringQuartet_Oskar-Espina-scaled.jpg 2560w, https:\/\/clasclas.com\/wp-content\/uploads\/2026\/03\/4_TheTerraStringQuartet_Oskar-Espina-300x61.jpg 300w, https:\/\/clasclas.com\/wp-content\/uploads\/2026\/03\/4_TheTerraStringQuartet_Oskar-Espina-1024x209.jpg 1024w, https:\/\/clasclas.com\/wp-content\/uploads\/2026\/03\/4_TheTerraStringQuartet_Oskar-Espina-768x157.jpg 768w, https:\/\/clasclas.com\/wp-content\/uploads\/2026\/03\/4_TheTerraStringQuartet_Oskar-Espina-1536x314.jpg 1536w, https:\/\/clasclas.com\/wp-content\/uploads\/2026\/03\/4_TheTerraStringQuartet_Oskar-Espina-2048x418.jpg 2048w\" sizes=\"(max-width: 2560px) 100vw, 2560px\" \/>\t\t\t\t\t\t\t\t<\/a>\n\t\t\t\t\t\t\t\t\t\t\t\t\t\t\t<\/div>\n\t\t\t\t\t<\/div>\n\t\t\t\t<\/div>\n\t\t<div class=\"elementor-element elementor-element-53fd57b container-padding e-flex e-con-boxed e-con e-parent\" data-id=\"53fd57b\" data-element_type=\"container\">\n\t\t\t\t\t<div class=\"e-con-inner\">\n\t\t\t\t<div class=\"elementor-element elementor-element-8d27b02 elementor-align-justify btn-big elementor-widget elementor-widget-button\" data-id=\"8d27b02\" data-element_type=\"widget\" data-widget_type=\"button.default\">\n\t\t\t\t\t\t\t\t\t\t<a class=\"elementor-button elementor-button-link elementor-size-sm\" href=\"https:\/\/clasclas.com\/gl\/entradas\/\">\n\t\t\t\t\t\t<span class=\"elementor-button-content-wrapper\">\n\t\t\t\t\t\t\t\t\t<span class=\"elementor-button-text\">Entradas<\/span>\n\t\t\t\t\t<\/span>\n\t\t\t\t\t<\/a>\n\t\t\t\t\t\t\t\t<\/div>\n\t\t\t\t\t<\/div>\n\t\t\t\t<\/div>\n\t\t<div class=\"elementor-element elementor-element-f3ddae3 container-padding artista-contenido e-flex e-con-boxed e-con e-parent\" data-id=\"f3ddae3\" data-element_type=\"container\">\n\t\t\t\t\t<div class=\"e-con-inner\">\n\t\t<div class=\"elementor-element elementor-element-cd55797 e-con-full cc-sidebar e-flex e-con e-child\" data-id=\"cd55797\" data-element_type=\"container\">\n\t\t<div class=\"elementor-element elementor-element-cea287f e-con-full cc-sidebar-inner e-flex e-con e-child\" data-id=\"cea287f\" data-element_type=\"container\" data-settings=\"{&quot;sticky&quot;:&quot;top&quot;,&quot;sticky_offset&quot;:48,&quot;sticky_parent&quot;:&quot;yes&quot;,&quot;sticky_on&quot;:[&quot;desktop&quot;,&quot;tablet&quot;,&quot;mobile&quot;],&quot;sticky_effects_offset&quot;:0,&quot;sticky_anchor_link_offset&quot;:0}\">\n\t\t\t\t<div class=\"elementor-element elementor-element-ed11ce1 elementor-align-left elementor-widget elementor-widget-button\" data-id=\"ed11ce1\" data-element_type=\"widget\" data-widget_type=\"button.default\">\n\t\t\t\t\t\t\t\t\t\t<a class=\"elementor-button elementor-button-link elementor-size-sm\" href=\"https:\/\/clasclas.com\/gl\/edicion-2025\/\" target=\"_blank\">\n\t\t\t\t\t\t<span class=\"elementor-button-content-wrapper\">\n\t\t\t\t\t\t\t\t\t<span class=\"elementor-button-text\">clascl\u00e1s 2026<\/span>\n\t\t\t\t\t<\/span>\n\t\t\t\t\t<\/a>\n\t\t\t\t\t\t\t\t<\/div>\n\t\t\t\t<\/div>\n\t\t\t\t<\/div>\n\t\t<div class=\"elementor-element elementor-element-602af06 e-con-full e-flex e-con e-child\" data-id=\"602af06\" data-element_type=\"container\">\n\t\t<div class=\"elementor-element elementor-element-c603eda e-con-full e-flex e-con e-child\" data-id=\"c603eda\" data-element_type=\"container\">\n\t\t\t\t<div class=\"elementor-element elementor-element-366abbd elementor-widget elementor-widget-heading\" data-id=\"366abbd\" data-element_type=\"widget\" data-widget_type=\"heading.default\">\n\t\t\t\t\t<h1 class=\"elementor-heading-title elementor-size-default\">The Terra String Quartet &amp; Oskar Espina Ruiz<\/h1>\t\t\t\t<\/div>\n\t\t\t\t<div class=\"elementor-element elementor-element-5457e58 elementor-icon-list--layout-inline evento-detalles elementor-list-item-link-full_width elementor-widget elementor-widget-icon-list\" data-id=\"5457e58\" data-element_type=\"widget\" data-widget_type=\"icon-list.default\">\n\t\t\t\t\t\t\t<ul class=\"elementor-icon-list-items elementor-inline-items\">\n\t\t\t\t\t\t\t<li class=\"elementor-icon-list-item elementor-inline-item\">\n\t\t\t\t\t\t\t\t\t\t\t<span class=\"elementor-icon-list-icon\">\n\t\t\t\t\t\t\t<svg aria-hidden=\"true\" class=\"e-font-icon-svg e-fas-calendar-alt\" viewBox=\"0 0 448 512\" xmlns=\"http:\/\/www.w3.org\/2000\/svg\"><path d=\"M0 464c0 26.5 21.5 48 48 48h352c26.5 0 48-21.5 48-48V192H0v272zm320-196c0-6.6 5.4-12 12-12h40c6.6 0 12 5.4 12 12v40c0 6.6-5.4 12-12 12h-40c-6.6 0-12-5.4-12-12v-40zm0 128c0-6.6 5.4-12 12-12h40c6.6 0 12 5.4 12 12v40c0 6.6-5.4 12-12 12h-40c-6.6 0-12-5.4-12-12v-40zM192 268c0-6.6 5.4-12 12-12h40c6.6 0 12 5.4 12 12v40c0 6.6-5.4 12-12 12h-40c-6.6 0-12-5.4-12-12v-40zm0 128c0-6.6 5.4-12 12-12h40c6.6 0 12 5.4 12 12v40c0 6.6-5.4 12-12 12h-40c-6.6 0-12-5.4-12-12v-40zM64 268c0-6.6 5.4-12 12-12h40c6.6 0 12 5.4 12 12v40c0 6.6-5.4 12-12 12H76c-6.6 0-12-5.4-12-12v-40zm0 128c0-6.6 5.4-12 12-12h40c6.6 0 12 5.4 12 12v40c0 6.6-5.4 12-12 12H76c-6.6 0-12-5.4-12-12v-40zM400 64h-48V16c0-8.8-7.2-16-16-16h-32c-8.8 0-16 7.2-16 16v48H160V16c0-8.8-7.2-16-16-16h-32c-8.8 0-16 7.2-16 16v48H48C21.5 64 0 85.5 0 112v48h448v-48c0-26.5-21.5-48-48-48z\"><\/path><\/svg>\t\t\t\t\t\t<\/span>\n\t\t\t\t\t\t\t\t\t\t<span class=\"elementor-icon-list-text\">M\u00e9rcores 24 Xu\u00f1o<\/span>\n\t\t\t\t\t\t\t\t\t<\/li>\n\t\t\t\t\t\t\t\t<li class=\"elementor-icon-list-item elementor-inline-item\">\n\t\t\t\t\t\t\t\t\t\t\t<span class=\"elementor-icon-list-icon\">\n\t\t\t\t\t\t\t<svg aria-hidden=\"true\" class=\"e-font-icon-svg e-fas-clock\" viewBox=\"0 0 512 512\" xmlns=\"http:\/\/www.w3.org\/2000\/svg\"><path d=\"M256,8C119,8,8,119,8,256S119,504,256,504,504,393,504,256,393,8,256,8Zm92.49,313h0l-20,25a16,16,0,0,1-22.49,2.5h0l-67-49.72a40,40,0,0,1-15-31.23V112a16,16,0,0,1,16-16h32a16,16,0,0,1,16,16V256l58,42.5A16,16,0,0,1,348.49,321Z\"><\/path><\/svg>\t\t\t\t\t\t<\/span>\n\t\t\t\t\t\t\t\t\t\t<span class=\"elementor-icon-list-text\">21:00<\/span>\n\t\t\t\t\t\t\t\t\t<\/li>\n\t\t\t\t\t\t\t\t<li class=\"elementor-icon-list-item elementor-inline-item\">\n\t\t\t\t\t\t\t\t\t\t\t<span class=\"elementor-icon-list-icon\">\n\t\t\t\t\t\t\t<svg aria-hidden=\"true\" class=\"e-font-icon-svg e-fas-map-marker-alt\" viewBox=\"0 0 384 512\" xmlns=\"http:\/\/www.w3.org\/2000\/svg\"><path d=\"M172.268 501.67C26.97 291.031 0 269.413 0 192 0 85.961 85.961 0 192 0s192 85.961 192 192c0 77.413-26.97 99.031-172.268 309.67-9.535 13.774-29.93 13.773-39.464 0zM192 272c44.183 0 80-35.817 80-80s-35.817-80-80-80-80 35.817-80 80 35.817 80 80 80z\"><\/path><\/svg>\t\t\t\t\t\t<\/span>\n\t\t\t\t\t\t\t\t\t\t<span class=\"elementor-icon-list-text\">Pazo da Golpelleira<\/span>\n\t\t\t\t\t\t\t\t\t<\/li>\n\t\t\t\t\t\t<\/ul>\n\t\t\t\t\t\t<\/div>\n\t\t\t\t<div class=\"elementor-element elementor-element-4cafc80 elementor-widget elementor-widget-text-editor\" data-id=\"4cafc80\" data-element_type=\"widget\" data-widget_type=\"text-editor.default\">\n\t\t\t\t\t\t\t\t\t<p><span style=\"font-weight: 400;\"><strong>The Terra String Quartet<\/strong> Ga\u00f1adores do Concurso de M\u00fasica de C\u00e1mara Naumburg 2025 e recentemente galardoados nos Concursos Internacionais de Cuartetos de <\/span><b>Bordeos<\/b><span style=\"font-weight: 400;\"> e do <\/span><b>Wigmore Hall<\/b><span style=\"font-weight: 400;\"> en 2025, o <\/span><b>Terra String Quartet (TSQ)<\/b><span style=\"font-weight: 400;\"> \u00e9 un vibrante e mozo conxunto internacional con sede na cidade de Nova York. Est\u00e1 integrado por graduados da Juilliard School, o New England Conservatory, a Universidade de Harvard e o Curtis Institute of Music.<\/span><\/p><p><span style=\"font-weight: 400;\">Co\u00f1ecido pola s\u00faa narrativa sincera, o seu compromiso coa excelencia art\u00edstica e o seu enfoque vers\u00e1til do repertorio, o TSQ esf\u00f3rzase por fomentar o di\u00e1logo e unha conexi\u00f3n humana xenu\u00edna a trav\u00e9s das s\u00faas interpretaci\u00f3ns e da s\u00faa pedagox\u00eda.<\/span><\/p><p><span style=\"font-weight: 400;\">O TSQ \u00e9 o conxunto residente bolseiro (2024-26) na <\/span><b>Escola de M\u00fasica de Yale<\/b><span style=\"font-weight: 400;\">, onde imparten clases a grupos de c\u00e1mara de grao, as\u00ed como o Cuarteto de Corda Ernst Stiefel residente no Caramoor Center for Music and the Arts (2024-25). Actuaron en numerosos festivais e escenarios de todo o mundo, con concertos recentes en Capital Region Classical, Rockport Music, Guarneri Hall, Chamber Music Raleigh, Randolph College e o Festival Emilia-Romagna en Italia. O TSQ est\u00e1 moi comprometido coa educaci\u00f3n e o traballo comunitario, habendo sido o <\/span><i><span style=\"font-weight: 400;\">Project Music Heals Us Arts Leadership Ensemble<\/span><\/i><span style=\"font-weight: 400;\"> (2023-24); ademais, foron elixidos como o primeiro cuarteto bolseiro profesional do <\/span><i><span style=\"font-weight: 400;\">Four Seasons Chamber Music Festival<\/span><\/i><span style=\"font-weight: 400;\"> na Universidade de Carolina do Este. Entre os seus mentores e mestres at\u00f3panse os membros do Cuarteto Brentano, Ara Gregorian, Hye-Jin Kim e Marcy Rosen.<\/span><\/p><p><span style=\"font-weight: 400;\">Ademais de ga\u00f1ar o Concurso Naumburg 2025, o TSQ obtivo os m\u00e1ximos premios nos concursos de cuartetos de <\/span><b>Bordeos<\/b><span style=\"font-weight: 400;\"> (2025), <\/span><b>Wigmore Hall<\/b><span style=\"font-weight: 400;\"> (2025), <\/span><b>Melbourne<\/b><span style=\"font-weight: 400;\"> (2023), <\/span><b>Osaka<\/b><span style=\"font-weight: 400;\"> (2023) e no Concurso Nacional de M\u00fasica de C\u00e1mara <\/span><b>Fischoff<\/b><span style=\"font-weight: 400;\"> (2022). Tam\u00e9n foron galardoados co Premio de Desenvolvemento Profesional Christine e David Anderson no Concurso Internacional de Cuartetos de Corda de <\/span><b>Banff<\/b><span style=\"font-weight: 400;\"> (2022).<\/span><\/p><p><span style=\"font-weight: 400;\">No seu tempo libre, gozan xogando xuntos ao Mahjong e aprendendo sobre instrumentos e arcos.<\/span><\/p><p>\u00a0<\/p><p><b>Oskar Espina Ruiz<\/b><span style=\"font-weight: 400;\"> consolidouse como un dos clarinetistas m\u00e1is destacados da s\u00faa xeraci\u00f3n. Foi eloxiado como solista no Festival Casals pola s\u00faa &#8220;maestr\u00eda e virtuosismo&#8221; (<\/span><i><span style=\"font-weight: 400;\">El Nuevo D\u00eda<\/span><\/i><span style=\"font-weight: 400;\">, Porto Rico) e admirado pola s\u00faa &#8220;fluidez raps\u00f3dica&#8221; e &#8220;calidez xenerosa e tenra&#8221; (<\/span><i><span style=\"font-weight: 400;\">The Millbrook Independent<\/span><\/i><span style=\"font-weight: 400;\">) nas s\u00faas colaboraci\u00f3ns de m\u00fasica de c\u00e1mara cos mellores cuartetos de corda e tr\u00edos con piano da actualidade.<\/span><\/p><p><span style=\"font-weight: 400;\">Actuou nas principais salas de concertos e festivais con gran \u00e9xito de cr\u00edtica, inclu\u00edndo recitais en Nova York, Washington DC, Moscova, Madrid, Tokio, Pequ\u00edn, Shangh\u00e1i e Hong Kong. Presentouse como solista coa Sinf\u00f3nica Acad\u00e9mica Estatal de San Petersburgo, a Filharm\u00f3nica de C\u00e1mara de San Petersburgo, a Orquestra Sinf\u00f3nica de Porto Rico (Festival Casals), a Orquestra Sinf\u00f3nica da Cidade de Asunci\u00f3n (Paraguai) e a Sinf\u00f3nica de Bilbao.<\/span><\/p><p><span style=\"font-weight: 400;\">A s\u00faa <\/span><b>temporada 2025-2026<\/b><span style=\"font-weight: 400;\"> comezou con dous concertos xunto ao <\/span><b>Cuarteto Latinoamericano<\/b><span style=\"font-weight: 400;\">, ga\u00f1adores do premio Grammy, seguidos de actuaci\u00f3ns cos cuartetos Ulysses, Terra e Cassatt, un recital coa pianista Victoria Schwartzman e diversos concertos de c\u00e1mara cos seus colegas da facultade da UNCSA.<\/span><\/p><p><span style=\"font-weight: 400;\">Entre os fitos das \u00faltimas d\u00faas temporadas destacan o seu debut no <\/span><b>Festival Casals<\/b><span style=\"font-weight: 400;\"> coa estrea mundial do <\/span><i><span style=\"font-weight: 400;\">Concerto para Clarinete<\/span><\/i><span style=\"font-weight: 400;\"> de Alfonso Fuentes; unha interpretaci\u00f3n en Music Mountain da integral das <\/span><i><span style=\"font-weight: 400;\">Sonatas para clarinete<\/span><\/i><span style=\"font-weight: 400;\"> de Brahms xunto ao pianista Misha Dichter; e o seu novo programa de recital, <\/span><i><span style=\"font-weight: 400;\">Brilliant American Women Composers of Our Time<\/span><\/i><span style=\"font-weight: 400;\">, con obras de compositoras como Amy Beach, Gabriela Lena Frank e Jennifer Higdon, entre outras.<\/span><\/p><p><span style=\"font-weight: 400;\">Oskar dedica gran parte do seu tempo \u00e1 investigaci\u00f3n musical. O seu traballo sobre o compositor post-rom\u00e1ntico espa\u00f1ol <\/span><b>Juli\u00e1n Men\u00e9ndez<\/b><span style=\"font-weight: 400;\"> valeulle o primeiro premio do Concurso de Investigaci\u00f3n da Asociaci\u00f3n Internacional de Clarinetistas. Grazas ao seu labor, un dos clarinetes de Men\u00e9ndez foi adquirido polo <\/span><b>Museo Metropolitano de Arte de Nova York (MET)<\/b><span style=\"font-weight: 400;\"> para as s\u00faas galer\u00edas de instrumentos musicais, onde se exhibe actualmente xunto a unha foto e biograf\u00eda de Men\u00e9ndez ao lado da de Benny Goodman.<\/span><\/p><p><span style=\"font-weight: 400;\">Comprometido coa m\u00fasica do noso tempo, estreou obras escritas para el por compositores de diversas nacionalidades, inclu\u00edndo os espa\u00f1ois Imanol Bageneta, Alba Torremocha e Carlos Villasol. As\u00ed mesmo, realizou importantes orquestraci\u00f3ns e adaptaci\u00f3ns para clarinete de obras de Ravel, Falla, Granados e Turina.<\/span><\/p><p><span style=\"font-weight: 400;\">Nado en <\/span><b>Bilbao<\/b><span style=\"font-weight: 400;\">, os seus inicios musicais estiveron ligados aos instrumentos tradicionais vascos (<\/span><b>txistu e tamboril<\/b><span style=\"font-weight: 400;\">). Tras formarse no conservatorio e colaborar coa Sinf\u00f3nica de Bilbao desde os dezaseis anos, trasladouse a Nova York en 1991 para perfeccionar os seus estudos na <\/span><b>Mannes School of Music<\/b><span style=\"font-weight: 400;\">. Pos\u00fae un doutoramento pola Stony Brook University, onde tivo como mentores a Charles Neidich e Ayako Oshima. Desde 2011, \u00e9 profesor de clarinete na <\/span><b>University of North Carolina School of the Arts (UNCSA)<\/b><span style=\"font-weight: 400;\">.<\/span><\/p>\t\t\t\t\t\t\t\t<\/div>\n\t\t\t\t<div class=\"elementor-element elementor-element-f41fa3d elementor-widget elementor-widget-heading\" data-id=\"f41fa3d\" data-element_type=\"widget\" data-widget_type=\"heading.default\">\n\t\t\t\t\t<h2 class=\"elementor-heading-title elementor-size-default\">Programa<\/h2>\t\t\t\t<\/div>\n\t\t\t\t<div class=\"elementor-element elementor-element-fee5fa4 elementor-widget elementor-widget-text-editor\" data-id=\"fee5fa4\" data-element_type=\"widget\" data-widget_type=\"text-editor.default\">\n\t\t\t\t\t\t\t\t\t<div><h5><em><strong>O atardecer dos xenios<\/strong><\/em><\/h5><p><strong>\u00b7 F\u00e9lix Mendelssohn<\/strong>&#8211; Bartholdy (1809-1847) :: Cuarteto para cordas no 6 op. 80<br \/>I. Allegro vivace assai<br \/>II. Allegro assai<br \/>III. Adagio<br \/>IV. Finale: Allegro molto<\/p><p><strong>\u00b7 Johannes Brahms<\/strong><span class=\"gmail-Apple-converted-space\">\u00a0<\/span>(1833-1897) :: Quinteto para clarinete e cordas op. 115<br \/>I. Allegro vivace assai<br \/>II. Adagio<br \/>III: Andantino &#8211; Presto non aasai, ma con sentimento<\/p><p>IV. Con moto (Tema con variazioni)<\/p><\/div>\t\t\t\t\t\t\t\t<\/div>\n\t\t\t\t<div class=\"elementor-element elementor-element-841ddfc elementor-widget elementor-widget-video\" data-id=\"841ddfc\" data-element_type=\"widget\" data-settings=\"{&quot;youtube_url&quot;:&quot;https:\\\/\\\/youtu.be\\\/sv_5t4My1sU&quot;,&quot;video_type&quot;:&quot;youtube&quot;,&quot;controls&quot;:&quot;yes&quot;}\" data-widget_type=\"video.default\">\n\t\t\t\t\t\t\t<div class=\"elementor-wrapper elementor-open-inline\">\n\t\t\t<div class=\"elementor-video\"><\/div>\t\t<\/div>\n\t\t\t\t\t\t<\/div>\n\t\t\t\t<div class=\"elementor-element elementor-element-3072d5b elementor-skin-carousel elementor-arrows-yes elementor-pagination-type-bullets elementor-pagination-position-outside elementor-widget elementor-widget-media-carousel\" data-id=\"3072d5b\" data-element_type=\"widget\" data-settings=\"{&quot;slides_per_view&quot;:&quot;1&quot;,&quot;slides_per_view_tablet&quot;:&quot;1&quot;,&quot;skin&quot;:&quot;carousel&quot;,&quot;effect&quot;:&quot;slide&quot;,&quot;show_arrows&quot;:&quot;yes&quot;,&quot;pagination&quot;:&quot;bullets&quot;,&quot;speed&quot;:500,&quot;autoplay&quot;:&quot;yes&quot;,&quot;autoplay_speed&quot;:5000,&quot;loop&quot;:&quot;yes&quot;,&quot;pause_on_hover&quot;:&quot;yes&quot;,&quot;pause_on_interaction&quot;:&quot;yes&quot;,&quot;space_between&quot;:{&quot;unit&quot;:&quot;px&quot;,&quot;size&quot;:10,&quot;sizes&quot;:[]},&quot;space_between_tablet&quot;:{&quot;unit&quot;:&quot;px&quot;,&quot;size&quot;:10,&quot;sizes&quot;:[]},&quot;space_between_mobile&quot;:{&quot;unit&quot;:&quot;px&quot;,&quot;size&quot;:10,&quot;sizes&quot;:[]}}\" data-widget_type=\"media-carousel.default\">\n\t\t\t\t\t\t\t\t\t\t<div class=\"elementor-main-swiper swiper\" role=\"region\" aria-roledescription=\"carousel\" aria-label=\"Diapositivas\">\n\t\t\t\t<div class=\"swiper-wrapper\">\n\t\t\t\t\t\t\t\t\t\t\t<div class=\"swiper-slide\" role=\"group\" aria-roledescription=\"slide\">\n\t\t\t\t\t\t\t\t\t<div class=\"elementor-carousel-image\" role=\"img\" aria-label=\"Oskar Espina Ruiz Photo 1 by Dario Acosta\" style=\"background-image: url(&#039;https:\/\/clasclas.com\/wp-content\/uploads\/2026\/03\/Oskar-Espina-Ruiz-Photo-1-by-Dario-Acosta-scaled.jpg&#039;)\">\n\n\t\t\t\n\t\t\t\t\t<\/div>\n\t\t\t\t\t\t\t\t<\/div>\n\t\t\t\t\t\t\t\t\t\t\t<div class=\"swiper-slide\" role=\"group\" aria-roledescription=\"slide\">\n\t\t\t\t\t\t\t\t\t<div class=\"elementor-carousel-image\" role=\"img\" aria-label=\"Terra String Quartet\" style=\"background-image: url(&#039;https:\/\/clasclas.com\/wp-content\/uploads\/2026\/03\/DSC09991-scaled.jpg&#039;)\">\n\n\t\t\t\n\t\t\t\t\t<\/div>\n\t\t\t\t\t\t\t\t<\/div>\n\t\t\t\t\t\t\t\t\t\t\t<div class=\"swiper-slide\" role=\"group\" aria-roledescription=\"slide\">\n\t\t\t\t\t\t\t\t\t<div class=\"elementor-carousel-image\" role=\"img\" aria-label=\"Oskar Espina Ruiz Photo 2 by Dario Acosta\" style=\"background-image: url(&#039;https:\/\/clasclas.com\/wp-content\/uploads\/2026\/03\/Oskar-Espina-Ruiz-Photo-2-by-Dario-Acosta-scaled.jpg&#039;)\">\n\n\t\t\t\n\t\t\t\t\t<\/div>\n\t\t\t\t\t\t\t\t<\/div>\n\t\t\t\t\t\t\t\t\t\t\t<div class=\"swiper-slide\" role=\"group\" aria-roledescription=\"slide\">\n\t\t\t\t\t\t\t\t\t<div class=\"elementor-carousel-image\" role=\"img\" aria-label=\"DSC00014\" style=\"background-image: url(&#039;https:\/\/clasclas.com\/wp-content\/uploads\/2026\/03\/DSC00014.png&#039;)\">\n\n\t\t\t\n\t\t\t\t\t<\/div>\n\t\t\t\t\t\t\t\t<\/div>\n\t\t\t\t\t\t\t\t\t<\/div>\n\t\t\t\t\t\t\t\t\t\t\t\t\t\t\t<div class=\"elementor-swiper-button elementor-swiper-button-prev\" role=\"button\" tabindex=\"0\" aria-label=\"Previous\">\n\t\t\t\t\t\t\t<svg aria-hidden=\"true\" class=\"e-font-icon-svg e-eicon-chevron-left\" viewBox=\"0 0 1000 1000\" xmlns=\"http:\/\/www.w3.org\/2000\/svg\"><path d=\"M646 125C629 125 613 133 604 142L308 442C296 454 292 471 292 487 292 504 296 521 308 533L604 854C617 867 629 875 646 875 663 875 679 871 692 858 704 846 713 829 713 812 713 796 708 779 692 767L438 487 692 225C700 217 708 204 708 187 708 171 704 154 692 142 675 129 663 125 646 125Z\"><\/path><\/svg>\t\t\t\t\t\t<\/div>\n\t\t\t\t\t\t<div class=\"elementor-swiper-button elementor-swiper-button-next\" role=\"button\" tabindex=\"0\" aria-label=\"Next\">\n\t\t\t\t\t\t\t<svg aria-hidden=\"true\" class=\"e-font-icon-svg e-eicon-chevron-right\" viewBox=\"0 0 1000 1000\" xmlns=\"http:\/\/www.w3.org\/2000\/svg\"><path d=\"M696 533C708 521 713 504 713 487 713 471 708 454 696 446L400 146C388 133 375 125 354 125 338 125 325 129 313 142 300 154 292 171 292 187 292 204 296 221 308 233L563 492 304 771C292 783 288 800 288 817 288 833 296 850 308 863 321 871 338 875 354 875 371 875 388 867 400 854L696 533Z\"><\/path><\/svg>\t\t\t\t\t\t<\/div>\n\t\t\t\t\t\t\t\t\t\t\t\t\t\t\t\t<div class=\"swiper-pagination\"><\/div>\n\t\t\t\t\t\t\t\t\t\t\t\t<\/div>\n\t\t\t\t\t\t\t\t<\/div>\n\t\t\t\t<\/div>\n\t\t\t\t<\/div>\n\t\t\t\t\t<\/div>\n\t\t\t\t<\/div>\n\t\t\t\t<\/div>\n\t\t","protected":false},"excerpt":{"rendered":"<p>Entradas clascl\u00e1s 2026 The Terra String Quartet &amp; Oskar Espina Ruiz M\u00e9rcores 24 Xu\u00f1o 21:00 Pazo da Golpelleira The Terra String Quartet Ga\u00f1adores do Concurso de M\u00fasica de C\u00e1mara Naumburg 2025 e recentemente galardoados nos Concursos Internacionais de Cuartetos de Bordeos e do Wigmore Hall en 2025, o Terra String Quartet (TSQ) \u00e9 un vibrante [&hellip;]<\/p>\n","protected":false},"author":2,"featured_media":0,"parent":1616,"menu_order":0,"comment_status":"closed","ping_status":"closed","template":"","meta":{"inline_featured_image":false,"footnotes":""},"class_list":["post-1650","page","type-page","status-publish","hentry"],"_links":{"self":[{"href":"https:\/\/clasclas.com\/gl\/wp-json\/wp\/v2\/pages\/1650","targetHints":{"allow":["GET"]}}],"collection":[{"href":"https:\/\/clasclas.com\/gl\/wp-json\/wp\/v2\/pages"}],"about":[{"href":"https:\/\/clasclas.com\/gl\/wp-json\/wp\/v2\/types\/page"}],"author":[{"embeddable":true,"href":"https:\/\/clasclas.com\/gl\/wp-json\/wp\/v2\/users\/2"}],"replies":[{"embeddable":true,"href":"https:\/\/clasclas.com\/gl\/wp-json\/wp\/v2\/comments?post=1650"}],"version-history":[{"count":17,"href":"https:\/\/clasclas.com\/gl\/wp-json\/wp\/v2\/pages\/1650\/revisions"}],"predecessor-version":[{"id":2620,"href":"https:\/\/clasclas.com\/gl\/wp-json\/wp\/v2\/pages\/1650\/revisions\/2620"}],"up":[{"embeddable":true,"href":"https:\/\/clasclas.com\/gl\/wp-json\/wp\/v2\/pages\/1616"}],"wp:attachment":[{"href":"https:\/\/clasclas.com\/gl\/wp-json\/wp\/v2\/media?parent=1650"}],"curies":[{"name":"wp","href":"https:\/\/api.w.org\/{rel}","templated":true}]}}