{"id":1644,"date":"2025-12-02T17:24:25","date_gmt":"2025-12-02T16:24:25","guid":{"rendered":"https:\/\/clasclas.com\/artistas-2025\/helix-trio\/"},"modified":"2026-03-31T17:16:24","modified_gmt":"2026-03-31T15:16:24","slug":"helix-trio","status":"publish","type":"page","link":"https:\/\/clasclas.com\/gl\/artistas-2025\/helix-trio\/","title":{"rendered":"Bamb\u00fa Ensemble"},"content":{"rendered":"\t\t<div data-elementor-type=\"wp-page\" data-elementor-id=\"1644\" class=\"elementor elementor-1644 elementor-458\" data-elementor-post-type=\"page\">\n\t\t\t\t<div class=\"elementor-element elementor-element-3a644c8 e-flex e-con-boxed e-con e-parent\" data-id=\"3a644c8\" data-element_type=\"container\">\n\t\t\t\t\t<div class=\"e-con-inner\">\n\t\t\t\t<div class=\"elementor-element elementor-element-587291f elementor-widget elementor-widget-image\" data-id=\"587291f\" data-element_type=\"widget\" data-widget_type=\"image.default\">\n\t\t\t\t\t\t\t\t\t\t\t\t\t\t\t\t<a href=\"https:\/\/clasclas.com\/wp-content\/uploads\/2026\/03\/2_BambuEnsemble-1-scaled.jpg\" data-elementor-open-lightbox=\"yes\" data-e-action-hash=\"#elementor-action%3Aaction%3Dlightbox%26settings%3DeyJpZCI6MjI2NywidXJsIjoiaHR0cHM6XC9cL2NsYXNjbGFzLmNvbVwvd3AtY29udGVudFwvdXBsb2Fkc1wvMjAyNlwvMDNcLzJfQmFtYnVFbnNlbWJsZS0xLXNjYWxlZC5qcGcifQ%3D%3D\">\n\t\t\t\t\t\t\t<img fetchpriority=\"high\" decoding=\"async\" width=\"2560\" height=\"523\" src=\"https:\/\/clasclas.com\/wp-content\/uploads\/2026\/03\/2_BambuEnsemble-1-scaled.jpg\" class=\"attachment-full size-full wp-image-2267\" alt=\"\" srcset=\"https:\/\/clasclas.com\/wp-content\/uploads\/2026\/03\/2_BambuEnsemble-1-scaled.jpg 2560w, https:\/\/clasclas.com\/wp-content\/uploads\/2026\/03\/2_BambuEnsemble-1-300x61.jpg 300w, https:\/\/clasclas.com\/wp-content\/uploads\/2026\/03\/2_BambuEnsemble-1-1024x209.jpg 1024w, https:\/\/clasclas.com\/wp-content\/uploads\/2026\/03\/2_BambuEnsemble-1-768x157.jpg 768w, https:\/\/clasclas.com\/wp-content\/uploads\/2026\/03\/2_BambuEnsemble-1-1536x314.jpg 1536w, https:\/\/clasclas.com\/wp-content\/uploads\/2026\/03\/2_BambuEnsemble-1-2048x418.jpg 2048w\" sizes=\"(max-width: 2560px) 100vw, 2560px\" \/>\t\t\t\t\t\t\t\t<\/a>\n\t\t\t\t\t\t\t\t\t\t\t\t\t\t\t<\/div>\n\t\t\t\t\t<\/div>\n\t\t\t\t<\/div>\n\t\t<div class=\"elementor-element elementor-element-53fd57b container-padding e-flex e-con-boxed e-con e-parent\" data-id=\"53fd57b\" data-element_type=\"container\">\n\t\t\t\t\t<div class=\"e-con-inner\">\n\t\t\t\t<div class=\"elementor-element elementor-element-4ec02e7 elementor-align-justify btn-big elementor-widget elementor-widget-button\" data-id=\"4ec02e7\" data-element_type=\"widget\" data-widget_type=\"button.default\">\n\t\t\t\t\t\t\t\t\t\t<a class=\"elementor-button elementor-button-link elementor-size-sm\" href=\"https:\/\/clasclas.com\/gl\/entradas\/\">\n\t\t\t\t\t\t<span class=\"elementor-button-content-wrapper\">\n\t\t\t\t\t\t\t\t\t<span class=\"elementor-button-text\">Entradas<\/span>\n\t\t\t\t\t<\/span>\n\t\t\t\t\t<\/a>\n\t\t\t\t\t\t\t\t<\/div>\n\t\t\t\t\t<\/div>\n\t\t\t\t<\/div>\n\t\t<div class=\"elementor-element elementor-element-f3ddae3 container-padding artista-contenido e-flex e-con-boxed e-con e-parent\" data-id=\"f3ddae3\" data-element_type=\"container\">\n\t\t\t\t\t<div class=\"e-con-inner\">\n\t\t<div class=\"elementor-element elementor-element-cd55797 e-con-full cc-sidebar e-flex e-con e-child\" data-id=\"cd55797\" data-element_type=\"container\">\n\t\t<div class=\"elementor-element elementor-element-cea287f e-con-full cc-sidebar-inner e-flex e-con e-child\" data-id=\"cea287f\" data-element_type=\"container\" data-settings=\"{&quot;sticky&quot;:&quot;top&quot;,&quot;sticky_offset&quot;:48,&quot;sticky_parent&quot;:&quot;yes&quot;,&quot;sticky_on&quot;:[&quot;desktop&quot;,&quot;tablet&quot;,&quot;mobile&quot;],&quot;sticky_effects_offset&quot;:0,&quot;sticky_anchor_link_offset&quot;:0}\">\n\t\t\t\t<div class=\"elementor-element elementor-element-141e1d9 elementor-align-left elementor-widget elementor-widget-button\" data-id=\"141e1d9\" data-element_type=\"widget\" data-widget_type=\"button.default\">\n\t\t\t\t\t\t\t\t\t\t<a class=\"elementor-button elementor-button-link elementor-size-sm\" href=\"https:\/\/www.bambuensemble.com\" target=\"_blank\">\n\t\t\t\t\t\t<span class=\"elementor-button-content-wrapper\">\n\t\t\t\t\t\t\t\t\t<span class=\"elementor-button-text\">bambuensemble.com<\/span>\n\t\t\t\t\t<\/span>\n\t\t\t\t\t<\/a>\n\t\t\t\t\t\t\t\t<\/div>\n\t\t\t\t<div class=\"elementor-element elementor-element-18e4ffd elementor-align-left elementor-widget elementor-widget-button\" data-id=\"18e4ffd\" data-element_type=\"widget\" data-widget_type=\"button.default\">\n\t\t\t\t\t\t\t\t\t\t<a class=\"elementor-button elementor-button-link elementor-size-sm\" href=\"https:\/\/clasclas.com\/gl\/edicion-2025\/\" target=\"_blank\">\n\t\t\t\t\t\t<span class=\"elementor-button-content-wrapper\">\n\t\t\t\t\t\t\t\t\t<span class=\"elementor-button-text\">clascl\u00e1s 2026<\/span>\n\t\t\t\t\t<\/span>\n\t\t\t\t\t<\/a>\n\t\t\t\t\t\t\t\t<\/div>\n\t\t\t\t<\/div>\n\t\t\t\t<\/div>\n\t\t<div class=\"elementor-element elementor-element-602af06 e-con-full e-flex e-con e-child\" data-id=\"602af06\" data-element_type=\"container\">\n\t\t<div class=\"elementor-element elementor-element-c603eda e-con-full e-flex e-con e-child\" data-id=\"c603eda\" data-element_type=\"container\">\n\t\t\t\t<div class=\"elementor-element elementor-element-366abbd elementor-widget elementor-widget-heading\" data-id=\"366abbd\" data-element_type=\"widget\" data-widget_type=\"heading.default\">\n\t\t\t\t\t<h1 class=\"elementor-heading-title elementor-size-default\">Bamb\u00fa Ensemble<\/h1>\t\t\t\t<\/div>\n\t\t\t\t<div class=\"elementor-element elementor-element-5457e58 elementor-icon-list--layout-inline evento-detalles elementor-list-item-link-full_width elementor-widget elementor-widget-icon-list\" data-id=\"5457e58\" data-element_type=\"widget\" data-widget_type=\"icon-list.default\">\n\t\t\t\t\t\t\t<ul class=\"elementor-icon-list-items elementor-inline-items\">\n\t\t\t\t\t\t\t<li class=\"elementor-icon-list-item elementor-inline-item\">\n\t\t\t\t\t\t\t\t\t\t\t<span class=\"elementor-icon-list-icon\">\n\t\t\t\t\t\t\t<svg aria-hidden=\"true\" class=\"e-font-icon-svg e-fas-calendar-alt\" viewBox=\"0 0 448 512\" xmlns=\"http:\/\/www.w3.org\/2000\/svg\"><path d=\"M0 464c0 26.5 21.5 48 48 48h352c26.5 0 48-21.5 48-48V192H0v272zm320-196c0-6.6 5.4-12 12-12h40c6.6 0 12 5.4 12 12v40c0 6.6-5.4 12-12 12h-40c-6.6 0-12-5.4-12-12v-40zm0 128c0-6.6 5.4-12 12-12h40c6.6 0 12 5.4 12 12v40c0 6.6-5.4 12-12 12h-40c-6.6 0-12-5.4-12-12v-40zM192 268c0-6.6 5.4-12 12-12h40c6.6 0 12 5.4 12 12v40c0 6.6-5.4 12-12 12h-40c-6.6 0-12-5.4-12-12v-40zm0 128c0-6.6 5.4-12 12-12h40c6.6 0 12 5.4 12 12v40c0 6.6-5.4 12-12 12h-40c-6.6 0-12-5.4-12-12v-40zM64 268c0-6.6 5.4-12 12-12h40c6.6 0 12 5.4 12 12v40c0 6.6-5.4 12-12 12H76c-6.6 0-12-5.4-12-12v-40zm0 128c0-6.6 5.4-12 12-12h40c6.6 0 12 5.4 12 12v40c0 6.6-5.4 12-12 12H76c-6.6 0-12-5.4-12-12v-40zM400 64h-48V16c0-8.8-7.2-16-16-16h-32c-8.8 0-16 7.2-16 16v48H160V16c0-8.8-7.2-16-16-16h-32c-8.8 0-16 7.2-16 16v48H48C21.5 64 0 85.5 0 112v48h448v-48c0-26.5-21.5-48-48-48z\"><\/path><\/svg>\t\t\t\t\t\t<\/span>\n\t\t\t\t\t\t\t\t\t\t<span class=\"elementor-icon-list-text\">Domingo 21 Xu\u00f1o<\/span>\n\t\t\t\t\t\t\t\t\t<\/li>\n\t\t\t\t\t\t\t\t<li class=\"elementor-icon-list-item elementor-inline-item\">\n\t\t\t\t\t\t\t\t\t\t\t<span class=\"elementor-icon-list-icon\">\n\t\t\t\t\t\t\t<svg aria-hidden=\"true\" class=\"e-font-icon-svg e-fas-clock\" viewBox=\"0 0 512 512\" xmlns=\"http:\/\/www.w3.org\/2000\/svg\"><path d=\"M256,8C119,8,8,119,8,256S119,504,256,504,504,393,504,256,393,8,256,8Zm92.49,313h0l-20,25a16,16,0,0,1-22.49,2.5h0l-67-49.72a40,40,0,0,1-15-31.23V112a16,16,0,0,1,16-16h32a16,16,0,0,1,16,16V256l58,42.5A16,16,0,0,1,348.49,321Z\"><\/path><\/svg>\t\t\t\t\t\t<\/span>\n\t\t\t\t\t\t\t\t\t\t<span class=\"elementor-icon-list-text\">21:00<\/span>\n\t\t\t\t\t\t\t\t\t<\/li>\n\t\t\t\t\t\t\t\t<li class=\"elementor-icon-list-item elementor-inline-item\">\n\t\t\t\t\t\t\t\t\t\t\t<span class=\"elementor-icon-list-icon\">\n\t\t\t\t\t\t\t<svg aria-hidden=\"true\" class=\"e-font-icon-svg e-fas-map-marker-alt\" viewBox=\"0 0 384 512\" xmlns=\"http:\/\/www.w3.org\/2000\/svg\"><path d=\"M172.268 501.67C26.97 291.031 0 269.413 0 192 0 85.961 85.961 0 192 0s192 85.961 192 192c0 77.413-26.97 99.031-172.268 309.67-9.535 13.774-29.93 13.773-39.464 0zM192 272c44.183 0 80-35.817 80-80s-35.817-80-80-80-80 35.817-80 80 35.817 80 80 80z\"><\/path><\/svg>\t\t\t\t\t\t<\/span>\n\t\t\t\t\t\t\t\t\t\t<span class=\"elementor-icon-list-text\">Sal\u00f3n Garc\u00eda<\/span>\n\t\t\t\t\t\t\t\t\t<\/li>\n\t\t\t\t\t\t<\/ul>\n\t\t\t\t\t\t<\/div>\n\t\t\t\t<div class=\"elementor-element elementor-element-4cafc80 elementor-widget elementor-widget-text-editor\" data-id=\"4cafc80\" data-element_type=\"widget\" data-widget_type=\"text-editor.default\">\n\t\t\t\t\t\t\t\t\t<p><b>Bamb\u00fa Ensemble<\/b><span style=\"font-weight: 400;\">, o \u00fanico octeto de cordas estable no panorama musical espa\u00f1ol a d\u00eda de hoxe, naceu motivado por unha gran afinidade musical e persoal entre os seus oito membros, que foi xestada no seo da Joven Orquesta Nacional de Espa\u00f1a (JONDE) e da Joven Orquesta de la Uni\u00f3n Europea (EUYO).<\/span><\/p><p><span style=\"font-weight: 400;\">A\u00ednda que \u00e9 un grupo vers\u00e1til que pode aparecer en distintas formaci\u00f3ns, elixen o octeto de corda de xeito habitual. Este tipo de agrupaci\u00f3n ofrece un amplo abano de posibilidades sonoras e unha extensa gama de expresividade musical. Foron estas algunhas das caracter\u00edsticas que atraeron a Bamb\u00fa Ensemble a afondar na investigaci\u00f3n e interpretaci\u00f3n dun repertorio tan pouco explorado na actualidade.<\/span><\/p><p><span style=\"font-weight: 400;\">Entre as influencias que tivo Bamb\u00fa Ensemble a nivel formativo, cabe destacar especialmente a figura de Cibr\u00e1n Sierra, violinista do Cuarteto Quiroga e Catedr\u00e1tico na Universidade Mozarteum de Salzburgo. A ra\u00edz dun traballo conxunto e de xeito regular desde os seus inicios, o grupo incorporou unha valiosa metodolox\u00eda que lles permite seguir evolucionando. A filosof\u00eda do grupo \u00e9 lograr combinar actuaci\u00f3ns nos lugares m\u00e1is rec\u00f3nditos da xeograf\u00eda nacional que carecen de concertos en vivo coa participaci\u00f3n en ciclos culturais e festivais de prestixio nacional e internacional.<\/span><\/p><p><span style=\"font-weight: 400;\">Ademais do seu debut no Auditorio Nacional de M\u00fasica de Madrid e na Fundaci\u00f3n Juan March, colaboraron co Centro Nacional de Difusi\u00f3n Musical (CNDM) interpretando obras in\u00e9ditas do compositor Crist\u00f3bal Halffter na celebraci\u00f3n do seu 90\u00ba aniversario. Participaron no ciclo &#8220;Martes Musicales&#8221; da Fundaci\u00f3n Vital, as\u00ed como no proxecto MusaE. Tam\u00e9n colaboraron con RTVE, as\u00ed como coas sociedades filharm\u00f3nicas de Pontevedra, R\u00edas Baixas, Vilagarc\u00eda e Gij\u00f3n. Foron convidados a actuar no Festival de Grafenegg (Austria) e no Priorato Le Mesnil-Saint Martin (Francia), entre outros.<\/span><\/p><p><span style=\"font-weight: 400;\">Para Bamb\u00fa Ensemble \u00e9 importante manter vivo o seu v\u00ednculo coa sociedade, xa sexa interactuando co p\u00fablico para facilitar a s\u00faa posterior escoita das obras ou mediante concertos solidarios colaborando con distintas organizaci\u00f3ns.<\/span><\/p>\t\t\t\t\t\t\t\t<\/div>\n\t\t\t\t<div class=\"elementor-element elementor-element-f41fa3d elementor-widget elementor-widget-heading\" data-id=\"f41fa3d\" data-element_type=\"widget\" data-widget_type=\"heading.default\">\n\t\t\t\t\t<h2 class=\"elementor-heading-title elementor-size-default\">Programa<\/h2>\t\t\t\t<\/div>\n\t\t\t\t<div class=\"elementor-element elementor-element-fee5fa4 elementor-widget elementor-widget-text-editor\" data-id=\"fee5fa4\" data-element_type=\"widget\" data-widget_type=\"text-editor.default\">\n\t\t\t\t\t\t\t\t\t<h5><em><strong>Paix\u00f3n e xuventude<\/strong><\/em><\/h5><p><strong>\u00b7 Reinhold Gli\u00e8re<\/strong> (1875-1956) :: Octeto para cordas op.5 en re maior<br \/>I. Allegro<br \/>II. Scherzo (Allegro)<br \/>III. Andante<br \/>IV. Finale (Allegro vivace)<\/p><p><strong>\u00b7 Dimitri Shostakovich<\/strong> (1906-1975) :: D\u00faas pezas para octeto de cordas op. 11<br \/>I. Preludio (Adagio)<br \/>II. Scherzo (Allegro molto)<\/p><p><br \/><strong>\u00b7 Javier Mart\u00ednez Campos<\/strong> (1989) :: Serenata de Cordas<\/p>\t\t\t\t\t\t\t\t<\/div>\n\t\t\t\t<div class=\"elementor-element elementor-element-21f2cfe elementor-widget elementor-widget-video\" data-id=\"21f2cfe\" data-element_type=\"widget\" data-settings=\"{&quot;youtube_url&quot;:&quot;https:\\\/\\\/youtu.be\\\/uRlcnLC7_sw?si=3_Kw6ofh14u4ZZGg&quot;,&quot;yt_privacy&quot;:&quot;yes&quot;,&quot;video_type&quot;:&quot;youtube&quot;,&quot;controls&quot;:&quot;yes&quot;}\" data-widget_type=\"video.default\">\n\t\t\t\t\t\t\t<div class=\"elementor-wrapper elementor-open-inline\">\n\t\t\t<div class=\"elementor-video\"><\/div>\t\t<\/div>\n\t\t\t\t\t\t<\/div>\n\t\t\t\t<div class=\"elementor-element elementor-element-a617063 elementor-arrows-position-inside elementor-pagination-position-outside elementor-widget elementor-widget-image-carousel\" data-id=\"a617063\" data-element_type=\"widget\" data-settings=\"{&quot;slides_to_show&quot;:&quot;1&quot;,&quot;navigation&quot;:&quot;both&quot;,&quot;autoplay&quot;:&quot;yes&quot;,&quot;pause_on_hover&quot;:&quot;yes&quot;,&quot;pause_on_interaction&quot;:&quot;yes&quot;,&quot;autoplay_speed&quot;:5000,&quot;infinite&quot;:&quot;yes&quot;,&quot;effect&quot;:&quot;slide&quot;,&quot;speed&quot;:500}\" data-widget_type=\"image-carousel.default\">\n\t\t\t\t\t\t\t<div class=\"elementor-image-carousel-wrapper swiper\" role=\"region\" aria-roledescription=\"carousel\" aria-label=\"Carrusel de im\u00e1genes\" dir=\"ltr\">\n\t\t\t<div class=\"elementor-image-carousel swiper-wrapper\" aria-live=\"off\">\n\t\t\t\t\t\t\t\t<div class=\"swiper-slide\" role=\"group\" aria-roledescription=\"slide\" aria-label=\"1 de 5\"><figure class=\"swiper-slide-inner\"><img decoding=\"async\" class=\"swiper-slide-image\" src=\"https:\/\/clasclas.com\/wp-content\/uploads\/2026\/03\/Bambu-Ensemble_promo-21_0473-1024x683.jpeg\" alt=\"Bambu Ensemble_promo 21_0473\" \/><\/figure><\/div><div class=\"swiper-slide\" role=\"group\" aria-roledescription=\"slide\" aria-label=\"2 de 5\"><figure class=\"swiper-slide-inner\"><img decoding=\"async\" class=\"swiper-slide-image\" src=\"https:\/\/clasclas.com\/wp-content\/uploads\/2026\/03\/Bambu-Ensemble_promo-21_0727-1024x683.jpeg\" alt=\"Bambu Ensemble_promo 21_0727\" \/><\/figure><\/div><div class=\"swiper-slide\" role=\"group\" aria-roledescription=\"slide\" aria-label=\"3 de 5\"><figure class=\"swiper-slide-inner\"><img decoding=\"async\" class=\"swiper-slide-image\" src=\"https:\/\/clasclas.com\/wp-content\/uploads\/2026\/03\/Bambu-Ensemble_promo-21_0380-1024x683.jpeg\" alt=\"Bambu Ensemble_promo 21_0380\" \/><\/figure><\/div><div class=\"swiper-slide\" role=\"group\" aria-roledescription=\"slide\" aria-label=\"4 de 5\"><figure class=\"swiper-slide-inner\"><img decoding=\"async\" class=\"swiper-slide-image\" src=\"https:\/\/clasclas.com\/wp-content\/uploads\/2026\/03\/Bambu-Ensemble_promo-21_0523-1024x683.jpeg\" alt=\"Bambu Ensemble_promo 21_0523\" \/><\/figure><\/div><div class=\"swiper-slide\" role=\"group\" aria-roledescription=\"slide\" aria-label=\"5 de 5\"><figure class=\"swiper-slide-inner\"><img decoding=\"async\" class=\"swiper-slide-image\" src=\"https:\/\/clasclas.com\/wp-content\/uploads\/2026\/03\/Bambu-Ensemble_promo-21_0366-1024x683.jpeg\" alt=\"Bambu Ensemble_promo 21_0366\" \/><\/figure><\/div>\t\t\t<\/div>\n\t\t\t\t\t\t\t\t\t\t\t\t<div class=\"elementor-swiper-button elementor-swiper-button-prev\" role=\"button\" tabindex=\"0\">\n\t\t\t\t\t\t<svg aria-hidden=\"true\" class=\"e-font-icon-svg e-eicon-chevron-left\" viewBox=\"0 0 1000 1000\" xmlns=\"http:\/\/www.w3.org\/2000\/svg\"><path d=\"M646 125C629 125 613 133 604 142L308 442C296 454 292 471 292 487 292 504 296 521 308 533L604 854C617 867 629 875 646 875 663 875 679 871 692 858 704 846 713 829 713 812 713 796 708 779 692 767L438 487 692 225C700 217 708 204 708 187 708 171 704 154 692 142 675 129 663 125 646 125Z\"><\/path><\/svg>\t\t\t\t\t<\/div>\n\t\t\t\t\t<div class=\"elementor-swiper-button elementor-swiper-button-next\" role=\"button\" tabindex=\"0\">\n\t\t\t\t\t\t<svg aria-hidden=\"true\" class=\"e-font-icon-svg e-eicon-chevron-right\" viewBox=\"0 0 1000 1000\" xmlns=\"http:\/\/www.w3.org\/2000\/svg\"><path d=\"M696 533C708 521 713 504 713 487 713 471 708 454 696 446L400 146C388 133 375 125 354 125 338 125 325 129 313 142 300 154 292 171 292 187 292 204 296 221 308 233L563 492 304 771C292 783 288 800 288 817 288 833 296 850 308 863 321 871 338 875 354 875 371 875 388 867 400 854L696 533Z\"><\/path><\/svg>\t\t\t\t\t<\/div>\n\t\t\t\t\n\t\t\t\t\t\t\t\t\t<div class=\"swiper-pagination\"><\/div>\n\t\t\t\t\t\t\t\t\t<\/div>\n\t\t\t\t\t\t<\/div>\n\t\t\t\t<\/div>\n\t\t\t\t<\/div>\n\t\t\t\t\t<\/div>\n\t\t\t\t<\/div>\n\t\t\t\t<\/div>\n\t\t","protected":false},"excerpt":{"rendered":"<p>Entradas bambuensemble.com clascl\u00e1s 2026 Bamb\u00fa Ensemble Domingo 21 Xu\u00f1o 21:00 Sal\u00f3n Garc\u00eda Bamb\u00fa Ensemble, o \u00fanico octeto de cordas estable no panorama musical espa\u00f1ol a d\u00eda de hoxe, naceu motivado por unha gran afinidade musical e persoal entre os seus oito membros, que foi xestada no seo da Joven Orquesta Nacional de Espa\u00f1a (JONDE) e [&hellip;]<\/p>\n","protected":false},"author":2,"featured_media":0,"parent":1616,"menu_order":0,"comment_status":"closed","ping_status":"closed","template":"","meta":{"inline_featured_image":false,"footnotes":""},"class_list":["post-1644","page","type-page","status-publish","hentry"],"_links":{"self":[{"href":"https:\/\/clasclas.com\/gl\/wp-json\/wp\/v2\/pages\/1644","targetHints":{"allow":["GET"]}}],"collection":[{"href":"https:\/\/clasclas.com\/gl\/wp-json\/wp\/v2\/pages"}],"about":[{"href":"https:\/\/clasclas.com\/gl\/wp-json\/wp\/v2\/types\/page"}],"author":[{"embeddable":true,"href":"https:\/\/clasclas.com\/gl\/wp-json\/wp\/v2\/users\/2"}],"replies":[{"embeddable":true,"href":"https:\/\/clasclas.com\/gl\/wp-json\/wp\/v2\/comments?post=1644"}],"version-history":[{"count":11,"href":"https:\/\/clasclas.com\/gl\/wp-json\/wp\/v2\/pages\/1644\/revisions"}],"predecessor-version":[{"id":2597,"href":"https:\/\/clasclas.com\/gl\/wp-json\/wp\/v2\/pages\/1644\/revisions\/2597"}],"up":[{"embeddable":true,"href":"https:\/\/clasclas.com\/gl\/wp-json\/wp\/v2\/pages\/1616"}],"wp:attachment":[{"href":"https:\/\/clasclas.com\/gl\/wp-json\/wp\/v2\/media?parent=1644"}],"curies":[{"name":"wp","href":"https:\/\/api.w.org\/{rel}","templated":true}]}}