{"id":1635,"date":"2025-12-03T12:26:04","date_gmt":"2025-12-03T11:26:04","guid":{"rendered":"https:\/\/clasclas.com\/artistas-2025\/duo-flexible\/"},"modified":"2026-03-31T17:25:52","modified_gmt":"2026-03-31T15:25:52","slug":"duo-flexible","status":"publish","type":"page","link":"https:\/\/clasclas.com\/gl\/artistas-2025\/duo-flexible\/","title":{"rendered":"Matin\u00e9e | Alfonso Aguirre"},"content":{"rendered":"\t\t<div data-elementor-type=\"wp-page\" data-elementor-id=\"1635\" class=\"elementor elementor-1635 elementor-584\" data-elementor-post-type=\"page\">\n\t\t\t\t<div class=\"elementor-element elementor-element-3a644c8 e-flex e-con-boxed e-con e-parent\" data-id=\"3a644c8\" data-element_type=\"container\">\n\t\t\t\t\t<div class=\"e-con-inner\">\n\t\t\t\t<div class=\"elementor-element elementor-element-587291f elementor-widget elementor-widget-image\" data-id=\"587291f\" data-element_type=\"widget\" data-widget_type=\"image.default\">\n\t\t\t\t\t\t\t\t\t\t\t\t\t\t\t\t<a href=\"https:\/\/clasclas.com\/wp-content\/uploads\/2026\/03\/9_AlfonsoAguirre_matinee-scaled.jpg\" data-elementor-open-lightbox=\"yes\" data-e-action-hash=\"#elementor-action%3Aaction%3Dlightbox%26settings%3DeyJpZCI6MjQyNywidXJsIjoiaHR0cHM6XC9cL2NsYXNjbGFzLmNvbVwvd3AtY29udGVudFwvdXBsb2Fkc1wvMjAyNlwvMDNcLzlfQWxmb25zb0FndWlycmVfbWF0aW5lZS1zY2FsZWQuanBnIn0%3D\">\n\t\t\t\t\t\t\t<img fetchpriority=\"high\" decoding=\"async\" width=\"2560\" height=\"523\" src=\"https:\/\/clasclas.com\/wp-content\/uploads\/2026\/03\/9_AlfonsoAguirre_matinee-scaled.jpg\" class=\"attachment-full size-full wp-image-2427\" alt=\"\" srcset=\"https:\/\/clasclas.com\/wp-content\/uploads\/2026\/03\/9_AlfonsoAguirre_matinee-scaled.jpg 2560w, https:\/\/clasclas.com\/wp-content\/uploads\/2026\/03\/9_AlfonsoAguirre_matinee-300x61.jpg 300w, https:\/\/clasclas.com\/wp-content\/uploads\/2026\/03\/9_AlfonsoAguirre_matinee-1024x209.jpg 1024w, https:\/\/clasclas.com\/wp-content\/uploads\/2026\/03\/9_AlfonsoAguirre_matinee-768x157.jpg 768w, https:\/\/clasclas.com\/wp-content\/uploads\/2026\/03\/9_AlfonsoAguirre_matinee-1536x314.jpg 1536w, https:\/\/clasclas.com\/wp-content\/uploads\/2026\/03\/9_AlfonsoAguirre_matinee-2048x418.jpg 2048w\" sizes=\"(max-width: 2560px) 100vw, 2560px\" \/>\t\t\t\t\t\t\t\t<\/a>\n\t\t\t\t\t\t\t\t\t\t\t\t\t\t\t<\/div>\n\t\t\t\t\t<\/div>\n\t\t\t\t<\/div>\n\t\t<div class=\"elementor-element elementor-element-53fd57b container-padding e-flex e-con-boxed e-con e-parent\" data-id=\"53fd57b\" data-element_type=\"container\">\n\t\t\t\t\t<div class=\"e-con-inner\">\n\t\t\t\t<div class=\"elementor-element elementor-element-5b0f0a5 elementor-align-justify btn-big elementor-widget elementor-widget-button\" data-id=\"5b0f0a5\" data-element_type=\"widget\" data-widget_type=\"button.default\">\n\t\t\t\t\t\t\t\t\t\t<a class=\"elementor-button elementor-button-link elementor-size-sm\" href=\"https:\/\/clasclas.com\/gl\/entradas\/\">\n\t\t\t\t\t\t<span class=\"elementor-button-content-wrapper\">\n\t\t\t\t\t\t\t\t\t<span class=\"elementor-button-text\">Entradas<\/span>\n\t\t\t\t\t<\/span>\n\t\t\t\t\t<\/a>\n\t\t\t\t\t\t\t\t<\/div>\n\t\t\t\t\t<\/div>\n\t\t\t\t<\/div>\n\t\t<div class=\"elementor-element elementor-element-f3ddae3 container-padding artista-contenido e-flex e-con-boxed e-con e-parent\" data-id=\"f3ddae3\" data-element_type=\"container\">\n\t\t\t\t\t<div class=\"e-con-inner\">\n\t\t<div class=\"elementor-element elementor-element-cd55797 e-con-full cc-sidebar e-flex e-con e-child\" data-id=\"cd55797\" data-element_type=\"container\">\n\t\t<div class=\"elementor-element elementor-element-cea287f e-con-full cc-sidebar-inner e-flex e-con e-child\" data-id=\"cea287f\" data-element_type=\"container\" data-settings=\"{&quot;sticky&quot;:&quot;top&quot;,&quot;sticky_offset&quot;:48,&quot;sticky_parent&quot;:&quot;yes&quot;,&quot;sticky_on&quot;:[&quot;desktop&quot;,&quot;tablet&quot;,&quot;mobile&quot;],&quot;sticky_effects_offset&quot;:0,&quot;sticky_anchor_link_offset&quot;:0}\">\n\t\t\t\t<div class=\"elementor-element elementor-element-e8040c9 elementor-align-left elementor-widget elementor-widget-button\" data-id=\"e8040c9\" data-element_type=\"widget\" data-widget_type=\"button.default\">\n\t\t\t\t\t\t\t\t\t\t<a class=\"elementor-button elementor-button-link elementor-size-sm\" href=\"https:\/\/clasclas.com\/gl\/edicion-2025\/\" target=\"_blank\">\n\t\t\t\t\t\t<span class=\"elementor-button-content-wrapper\">\n\t\t\t\t\t\t\t\t\t<span class=\"elementor-button-text\">clascl\u00e1s 2026<\/span>\n\t\t\t\t\t<\/span>\n\t\t\t\t\t<\/a>\n\t\t\t\t\t\t\t\t<\/div>\n\t\t\t\t<\/div>\n\t\t\t\t<\/div>\n\t\t<div class=\"elementor-element elementor-element-602af06 e-con-full e-flex e-con e-child\" data-id=\"602af06\" data-element_type=\"container\">\n\t\t<div class=\"elementor-element elementor-element-c603eda e-con-full e-flex e-con e-child\" data-id=\"c603eda\" data-element_type=\"container\">\n\t\t\t\t<div class=\"elementor-element elementor-element-366abbd elementor-widget elementor-widget-heading\" data-id=\"366abbd\" data-element_type=\"widget\" data-widget_type=\"heading.default\">\n\t\t\t\t\t<h1 class=\"elementor-heading-title elementor-size-default\">Alfonso Aguirre [Guitarra] | clascl\u00e1s matin\u00e9e<\/h1>\t\t\t\t<\/div>\n\t\t\t\t<div class=\"elementor-element elementor-element-5457e58 elementor-icon-list--layout-inline evento-detalles elementor-list-item-link-full_width elementor-widget elementor-widget-icon-list\" data-id=\"5457e58\" data-element_type=\"widget\" data-widget_type=\"icon-list.default\">\n\t\t\t\t\t\t\t<ul class=\"elementor-icon-list-items elementor-inline-items\">\n\t\t\t\t\t\t\t<li class=\"elementor-icon-list-item elementor-inline-item\">\n\t\t\t\t\t\t\t\t\t\t\t<span class=\"elementor-icon-list-icon\">\n\t\t\t\t\t\t\t<svg aria-hidden=\"true\" class=\"e-font-icon-svg e-fas-calendar-alt\" viewBox=\"0 0 448 512\" xmlns=\"http:\/\/www.w3.org\/2000\/svg\"><path d=\"M0 464c0 26.5 21.5 48 48 48h352c26.5 0 48-21.5 48-48V192H0v272zm320-196c0-6.6 5.4-12 12-12h40c6.6 0 12 5.4 12 12v40c0 6.6-5.4 12-12 12h-40c-6.6 0-12-5.4-12-12v-40zm0 128c0-6.6 5.4-12 12-12h40c6.6 0 12 5.4 12 12v40c0 6.6-5.4 12-12 12h-40c-6.6 0-12-5.4-12-12v-40zM192 268c0-6.6 5.4-12 12-12h40c6.6 0 12 5.4 12 12v40c0 6.6-5.4 12-12 12h-40c-6.6 0-12-5.4-12-12v-40zm0 128c0-6.6 5.4-12 12-12h40c6.6 0 12 5.4 12 12v40c0 6.6-5.4 12-12 12h-40c-6.6 0-12-5.4-12-12v-40zM64 268c0-6.6 5.4-12 12-12h40c6.6 0 12 5.4 12 12v40c0 6.6-5.4 12-12 12H76c-6.6 0-12-5.4-12-12v-40zm0 128c0-6.6 5.4-12 12-12h40c6.6 0 12 5.4 12 12v40c0 6.6-5.4 12-12 12H76c-6.6 0-12-5.4-12-12v-40zM400 64h-48V16c0-8.8-7.2-16-16-16h-32c-8.8 0-16 7.2-16 16v48H160V16c0-8.8-7.2-16-16-16h-32c-8.8 0-16 7.2-16 16v48H48C21.5 64 0 85.5 0 112v48h448v-48c0-26.5-21.5-48-48-48z\"><\/path><\/svg>\t\t\t\t\t\t<\/span>\n\t\t\t\t\t\t\t\t\t\t<span class=\"elementor-icon-list-text\">Venres 25 Xu\u00f1o<\/span>\n\t\t\t\t\t\t\t\t\t<\/li>\n\t\t\t\t\t\t\t\t<li class=\"elementor-icon-list-item elementor-inline-item\">\n\t\t\t\t\t\t\t\t\t\t\t<span class=\"elementor-icon-list-icon\">\n\t\t\t\t\t\t\t<svg aria-hidden=\"true\" class=\"e-font-icon-svg e-fas-clock\" viewBox=\"0 0 512 512\" xmlns=\"http:\/\/www.w3.org\/2000\/svg\"><path d=\"M256,8C119,8,8,119,8,256S119,504,256,504,504,393,504,256,393,8,256,8Zm92.49,313h0l-20,25a16,16,0,0,1-22.49,2.5h0l-67-49.72a40,40,0,0,1-15-31.23V112a16,16,0,0,1,16-16h32a16,16,0,0,1,16,16V256l58,42.5A16,16,0,0,1,348.49,321Z\"><\/path><\/svg>\t\t\t\t\t\t<\/span>\n\t\t\t\t\t\t\t\t\t\t<span class=\"elementor-icon-list-text\">12:00<\/span>\n\t\t\t\t\t\t\t\t\t<\/li>\n\t\t\t\t\t\t\t\t<li class=\"elementor-icon-list-item elementor-inline-item\">\n\t\t\t\t\t\t\t\t\t\t\t<span class=\"elementor-icon-list-icon\">\n\t\t\t\t\t\t\t<svg aria-hidden=\"true\" class=\"e-font-icon-svg e-fas-map-marker-alt\" viewBox=\"0 0 384 512\" xmlns=\"http:\/\/www.w3.org\/2000\/svg\"><path d=\"M172.268 501.67C26.97 291.031 0 269.413 0 192 0 85.961 85.961 0 192 0s192 85.961 192 192c0 77.413-26.97 99.031-172.268 309.67-9.535 13.774-29.93 13.773-39.464 0zM192 272c44.183 0 80-35.817 80-80s-35.817-80-80-80-80 35.817-80 80 35.817 80 80 80z\"><\/path><\/svg>\t\t\t\t\t\t<\/span>\n\t\t\t\t\t\t\t\t\t\t<span class=\"elementor-icon-list-text\">Sal\u00f3n Garc\u00eda<\/span>\n\t\t\t\t\t\t\t\t\t<\/li>\n\t\t\t\t\t\t<\/ul>\n\t\t\t\t\t\t<\/div>\n\t\t\t\t<div class=\"elementor-element elementor-element-4cafc80 elementor-widget elementor-widget-text-editor\" data-id=\"4cafc80\" data-element_type=\"widget\" data-widget_type=\"text-editor.default\">\n\t\t\t\t\t\t\t\t\t<p><span style=\"font-weight: 400;\">\u00c9 doutor cum laude en m\u00fasica pola Universidade de Aveiro. Ten un \u00abMaster of Music\u00bb da Universidade de Yale e o grao superior en m\u00fasica pola Eastman School of Music da Universidade de Rochester, Nova York, onde tam\u00e9n obtivo un Performer\u2019s Certificate (\u00aboutorgado a estudantes que demostran habilidades performativas sobresalientes\u00bb).<\/span><\/p><p><span style=\"font-weight: 400;\">Foi premiado en numerosos concursos nacionais e internacionais de guitarra cl\u00e1sica, inclu\u00edndo o primeiro premio no Appalachian Guitar Competition (USA) e o primeiro premio na divisi\u00f3n superior do Concurso de Guitarra de Paracho (M\u00e9xico), entre outros. Ademais, recibiu bolsas e reco\u00f1ecementos, inclu\u00eddos o Premio Pedro Sarquis Merrewe, unha bolsa completa para estudos de mestrado na universidade de Yale e a bolsa de FONCA-CONACYT para estudos de doutoramento no estranxeiro.<\/span><\/p><p><span style=\"font-weight: 400;\">Actuou como solista e membro de D\u00fao Ditirambo en Alema\u00f1a, Italia, Su\u00edza, Holanda, Reino Unido, Portugal, Espa\u00f1a, Marrocos, Estados Unidos e M\u00e9xico, en escenarios como o IV \u00abBorguitar\u00bb Festival, o XXXII Festival Internacional de M\u00fasica \u00abManuel de Falla\u00bb, o XXX Festival Internacional de Guitarra Ponferrada, o II Festival Internacional de Guitarra Hospitalet de l\u2019Infant, o XXV Festival International des Cordes Pinc\u00e9es de Rabat, o V Festival Internacional de Guitarra \u00abCiudad de Caravaca\u00bb, as XXIII Xornadas de M\u00fasica Contempor\u00e1nea de Segovia, Yale Guitar Extravaganza 2016, UK International Guitar Series, o III Festival de Guitarra de Oliveira de Azem\u00e9is, o XVII Festival Internacional de Guitarra de Taxco, o XXXIX Festival de Guitarra de Paracho, o IX Festival Internacional de Guitarra \u00abRam\u00f3n Noble\u00bb, o XI Festival Internacional de Guitarra de Sonora, o II Festival Nuntempa de M\u00fasica Contempor\u00e1nea e o XXVIII Festival Cultural de Zacatecas, entre outros.<\/span><\/p><p><span style=\"font-weight: 400;\">Foi solista coa Orquestra Sinf\u00f3nica \u00abCristobal Halffter\u00bb, a Orquestra Ciudad de Segovia (Espa\u00f1a), a Orquestra Filharm\u00f3nica de Jalisco (M\u00e9xico), a C\u00edvica Filharm\u00f3nica di Mendrisio (Su\u00edza), Northwest Louisiana State University Wind Ensemble e coa American Wind Symphony Orchestra (EE.UU.); con quen tocou obras como o Concierto de Aranjuez e Fantas\u00eda para un gentilhombre de J. Rodrigo, Concierto del Sur de M. M. Ponce, Pieza de concierto para guitarra y orquesta de vientos de Enrique Santos, Concierto para guitarra y orquesta de vientos de Blas Galindo, Danz\u00f3n Gran V\u00eda de Flores Chaviano e Ethereal de Mario Gos\u00e1lvez Blanco.<\/span><\/p><p><span style=\"font-weight: 400;\">Gravou o concerto para guitarra de Enrique Santos no CD Music of the Americas, como solista da American Wind Symphony Orchestra. Tam\u00e9n gravou Perpetuum Mobile co seu D\u00fao Ditirambo, CD que foi descrito pola cr\u00edtica como \u00abun gran \u00e1lbum\u2026 cun resultado preciosista, elegante e brillante, cun certo aire evocador e melanc\u00f3lico que lle d\u00e1 unha beleza inmensa\u2026\u00bb (Hist\u00e9ricas Grabaciones, 2016).<\/span><\/p><p><span style=\"font-weight: 400;\">Como parte de D\u00fao Ditirambo estrou obras de compositores e compositoras como Marisa Manchado, Leticia Armijo, Claudia Herrer\u00edas, Leonardo Coral, Mario Gos\u00e1lvez Blanco, Carlos Alberto V\u00e1zquez, Fernando Buide del Real e Flores Chaviano, entre outros.<\/span><\/p><p><span style=\"font-weight: 400;\">Entre os seus principais mestres de guitarra at\u00f3panse Benjamin Verdery, Nicholas Goluses e David Mozqueda. Durante a s\u00faa estancia en Rochester estudou \u00abPr\u00e1cticas Interpretativas de M\u00fasica Barroca\u00bb con Paul O\u2019Dette. Recibiu clases maxistrais de Leo Brouwer, Manuel Barrueco, Pavel Steidl, Odair Assad, Eliot Fisk, David Tenenbaum, Eduardo Fern\u00e1ndez, Roberto Aussel, Iv\u00e1n Rijos, Raphaella Smits e Los Angeles Guitar Quartet, entre outros.<\/span><\/p><p><span style=\"font-weight: 400;\">\u00c9 profesor de guitarra de nivel superior e posgrao no Centro Superior Katarina Gurska (Madrid) e da Facultade de M\u00fasica da Universidade de Ciencias e Artes de Chiapas (M\u00e9xico). Os seus alumnos foron galardoados en varios certames nacionais de guitarra soa e m\u00fasica de c\u00e1mara.<\/span><\/p><p><span style=\"font-weight: 400;\">Actualmente vive en Segovia, Espa\u00f1a, coa s\u00faa muller e o seu fillo.<\/span><\/p>\t\t\t\t\t\t\t\t<\/div>\n\t\t\t\t<div class=\"elementor-element elementor-element-f41fa3d elementor-widget elementor-widget-heading\" data-id=\"f41fa3d\" data-element_type=\"widget\" data-widget_type=\"heading.default\">\n\t\t\t\t\t<h2 class=\"elementor-heading-title elementor-size-default\">Programa<\/h2>\t\t\t\t<\/div>\n\t\t\t\t<div class=\"elementor-element elementor-element-fee5fa4 elementor-widget elementor-widget-text-editor\" data-id=\"fee5fa4\" data-element_type=\"widget\" data-widget_type=\"text-editor.default\">\n\t\t\t\t\t\t\t\t\t<h5><strong><em>&#8220;Ex Corde Ligni&#8221;<\/em> <\/strong><strong><em>Dende o coraz\u00f3n da<\/em> <\/strong><strong><em>madeira<\/em><\/strong><\/h5><p><strong>\u00b7 Heitor Villa-Lobos<\/strong> (1887-1959) :: Cinco preludios para guitarra<br \/><strong>\u00b7 Giulio Regondi<\/strong> (1822-1872) :: Introduci\u00f3n e capricho Op. 23<br \/><strong>\u00b7 Agust\u00edn Barrios &#8220;Mangor\u00e9&#8221;<\/strong> (1885-1944) :: A catedral<br \/>I. Preludio<br \/>II. Andante relixioso<br \/>III. Allegro solemne<br \/><strong>\u00b7 Francisco T\u00e1rrega<\/strong> (1852-1909) :: Gran xota aragonesa<br \/><strong>\u00b7 Roland Dyens<\/strong> (1955-2016) :: Libra sonatine<br \/>I. India<br \/>II. Largo<br \/>III. Fuoco<\/p>\t\t\t\t\t\t\t\t<\/div>\n\t\t\t\t<div class=\"elementor-element elementor-element-5106219 elementor-skin-carousel elementor-arrows-yes elementor-pagination-type-bullets elementor-pagination-position-outside elementor-widget elementor-widget-media-carousel\" data-id=\"5106219\" data-element_type=\"widget\" data-settings=\"{&quot;skin&quot;:&quot;carousel&quot;,&quot;effect&quot;:&quot;slide&quot;,&quot;show_arrows&quot;:&quot;yes&quot;,&quot;pagination&quot;:&quot;bullets&quot;,&quot;speed&quot;:500,&quot;autoplay&quot;:&quot;yes&quot;,&quot;autoplay_speed&quot;:5000,&quot;loop&quot;:&quot;yes&quot;,&quot;pause_on_hover&quot;:&quot;yes&quot;,&quot;pause_on_interaction&quot;:&quot;yes&quot;,&quot;space_between&quot;:{&quot;unit&quot;:&quot;px&quot;,&quot;size&quot;:10,&quot;sizes&quot;:[]},&quot;space_between_tablet&quot;:{&quot;unit&quot;:&quot;px&quot;,&quot;size&quot;:10,&quot;sizes&quot;:[]},&quot;space_between_mobile&quot;:{&quot;unit&quot;:&quot;px&quot;,&quot;size&quot;:10,&quot;sizes&quot;:[]}}\" data-widget_type=\"media-carousel.default\">\n\t\t\t\t\t\t\t\t\t\t<div class=\"elementor-main-swiper swiper\" role=\"region\" aria-roledescription=\"carousel\" aria-label=\"Slides\">\n\t\t\t\t<div class=\"swiper-wrapper\">\n\t\t\t\t\t\t\t\t\t\t\t<div class=\"swiper-slide\" role=\"group\" aria-roledescription=\"slide\">\n\t\t\t\t\t\t\t\t\t<div class=\"elementor-carousel-image\" role=\"img\" aria-label=\"Diego de Miguel\" style=\"background-image: url(&#039;https:\/\/clasclas.com\/wp-content\/uploads\/2026\/03\/CH5A4725-scaled.jpg&#039;)\">\n\n\t\t\t\n\t\t\t\t\t<\/div>\n\t\t\t\t\t\t\t\t<\/div>\n\t\t\t\t\t\t\t\t\t\t\t<div class=\"swiper-slide\" role=\"group\" aria-roledescription=\"slide\">\n\t\t\t\t\t\t\t\t\t<div class=\"elementor-carousel-image\" role=\"img\" aria-label=\"Diego de Miguel\" style=\"background-image: url(&#039;https:\/\/clasclas.com\/wp-content\/uploads\/2026\/03\/CH5A4815-scaled.jpg&#039;)\">\n\n\t\t\t\n\t\t\t\t\t<\/div>\n\t\t\t\t\t\t\t\t<\/div>\n\t\t\t\t\t\t\t\t\t\t\t<div class=\"swiper-slide\" role=\"group\" aria-roledescription=\"slide\">\n\t\t\t\t\t\t\t\t\t<div class=\"elementor-carousel-image\" role=\"img\" aria-label=\"Diego de Miguel\" style=\"background-image: url(&#039;https:\/\/clasclas.com\/wp-content\/uploads\/2026\/03\/CH5A4915-scaled.jpg&#039;)\">\n\n\t\t\t\n\t\t\t\t\t<\/div>\n\t\t\t\t\t\t\t\t<\/div>\n\t\t\t\t\t\t\t\t\t\t\t<div class=\"swiper-slide\" role=\"group\" aria-roledescription=\"slide\">\n\t\t\t\t\t\t\t\t\t<div class=\"elementor-carousel-image\" role=\"img\" aria-label=\"Diego de Miguel\" style=\"background-image: url(&#039;https:\/\/clasclas.com\/wp-content\/uploads\/2026\/03\/CH5A4930-scaled.jpg&#039;)\">\n\n\t\t\t\n\t\t\t\t\t<\/div>\n\t\t\t\t\t\t\t\t<\/div>\n\t\t\t\t\t\t\t\t\t\t\t<div class=\"swiper-slide\" role=\"group\" aria-roledescription=\"slide\">\n\t\t\t\t\t\t\t\t\t<div class=\"elementor-carousel-image\" role=\"img\" aria-label=\"Diego de Miguel\" style=\"background-image: url(&#039;https:\/\/clasclas.com\/wp-content\/uploads\/2026\/03\/CH5A4936-scaled.jpg&#039;)\">\n\n\t\t\t\n\t\t\t\t\t<\/div>\n\t\t\t\t\t\t\t\t<\/div>\n\t\t\t\t\t\t\t\t\t<\/div>\n\t\t\t\t\t\t\t\t\t\t\t\t\t\t\t<div class=\"elementor-swiper-button elementor-swiper-button-prev\" role=\"button\" tabindex=\"0\" aria-label=\"Previous\">\n\t\t\t\t\t\t\t<svg aria-hidden=\"true\" class=\"e-font-icon-svg e-eicon-chevron-left\" viewBox=\"0 0 1000 1000\" xmlns=\"http:\/\/www.w3.org\/2000\/svg\"><path d=\"M646 125C629 125 613 133 604 142L308 442C296 454 292 471 292 487 292 504 296 521 308 533L604 854C617 867 629 875 646 875 663 875 679 871 692 858 704 846 713 829 713 812 713 796 708 779 692 767L438 487 692 225C700 217 708 204 708 187 708 171 704 154 692 142 675 129 663 125 646 125Z\"><\/path><\/svg>\t\t\t\t\t\t<\/div>\n\t\t\t\t\t\t<div class=\"elementor-swiper-button elementor-swiper-button-next\" role=\"button\" tabindex=\"0\" aria-label=\"Next\">\n\t\t\t\t\t\t\t<svg aria-hidden=\"true\" class=\"e-font-icon-svg e-eicon-chevron-right\" viewBox=\"0 0 1000 1000\" xmlns=\"http:\/\/www.w3.org\/2000\/svg\"><path d=\"M696 533C708 521 713 504 713 487 713 471 708 454 696 446L400 146C388 133 375 125 354 125 338 125 325 129 313 142 300 154 292 171 292 187 292 204 296 221 308 233L563 492 304 771C292 783 288 800 288 817 288 833 296 850 308 863 321 871 338 875 354 875 371 875 388 867 400 854L696 533Z\"><\/path><\/svg>\t\t\t\t\t\t<\/div>\n\t\t\t\t\t\t\t\t\t\t\t\t\t\t\t\t<div class=\"swiper-pagination\"><\/div>\n\t\t\t\t\t\t\t\t\t\t\t\t<\/div>\n\t\t\t\t\t\t\t\t<\/div>\n\t\t\t\t<\/div>\n\t\t\t\t<\/div>\n\t\t\t\t\t<\/div>\n\t\t\t\t<\/div>\n\t\t\t\t<\/div>\n\t\t","protected":false},"excerpt":{"rendered":"<p>Entradas clascl\u00e1s 2026 Alfonso Aguirre [Guitarra] | clascl\u00e1s matin\u00e9e Venres 25 Xu\u00f1o 12:00 Sal\u00f3n Garc\u00eda \u00c9 doutor cum laude en m\u00fasica pola Universidade de Aveiro. Ten un \u00abMaster of Music\u00bb da Universidade de Yale e o grao superior en m\u00fasica pola Eastman School of Music da Universidade de Rochester, Nova York, onde tam\u00e9n obtivo un [&hellip;]<\/p>\n","protected":false},"author":2,"featured_media":0,"parent":1616,"menu_order":0,"comment_status":"closed","ping_status":"closed","template":"","meta":{"inline_featured_image":false,"footnotes":""},"class_list":["post-1635","page","type-page","status-publish","hentry"],"_links":{"self":[{"href":"https:\/\/clasclas.com\/gl\/wp-json\/wp\/v2\/pages\/1635","targetHints":{"allow":["GET"]}}],"collection":[{"href":"https:\/\/clasclas.com\/gl\/wp-json\/wp\/v2\/pages"}],"about":[{"href":"https:\/\/clasclas.com\/gl\/wp-json\/wp\/v2\/types\/page"}],"author":[{"embeddable":true,"href":"https:\/\/clasclas.com\/gl\/wp-json\/wp\/v2\/users\/2"}],"replies":[{"embeddable":true,"href":"https:\/\/clasclas.com\/gl\/wp-json\/wp\/v2\/comments?post=1635"}],"version-history":[{"count":5,"href":"https:\/\/clasclas.com\/gl\/wp-json\/wp\/v2\/pages\/1635\/revisions"}],"predecessor-version":[{"id":2601,"href":"https:\/\/clasclas.com\/gl\/wp-json\/wp\/v2\/pages\/1635\/revisions\/2601"}],"up":[{"embeddable":true,"href":"https:\/\/clasclas.com\/gl\/wp-json\/wp\/v2\/pages\/1616"}],"wp:attachment":[{"href":"https:\/\/clasclas.com\/gl\/wp-json\/wp\/v2\/media?parent=1635"}],"curies":[{"name":"wp","href":"https:\/\/api.w.org\/{rel}","templated":true}]}}