{"id":1570,"date":"2025-11-11T17:17:51","date_gmt":"2025-11-11T16:17:51","guid":{"rendered":"https:\/\/clasclas.com\/inicio\/"},"modified":"2026-04-01T17:28:07","modified_gmt":"2026-04-01T15:28:07","slug":"inicio","status":"publish","type":"page","link":"https:\/\/clasclas.com\/gl\/","title":{"rendered":"Inicio"},"content":{"rendered":"\t\t<div data-elementor-type=\"wp-page\" data-elementor-id=\"1570\" class=\"elementor elementor-1570 elementor-70\" data-elementor-post-type=\"page\">\n\t\t\t\t<div class=\"elementor-element elementor-element-3b2982a e-flex e-con-boxed e-con e-parent\" data-id=\"3b2982a\" data-element_type=\"container\">\n\t\t\t\t\t<div class=\"e-con-inner\">\n\t\t\t\t<div class=\"elementor-element elementor-element-2930ad8 elementor-widget elementor-widget-image-carousel\" data-id=\"2930ad8\" data-element_type=\"widget\" data-settings=\"{&quot;slides_to_show&quot;:&quot;1&quot;,&quot;navigation&quot;:&quot;none&quot;,&quot;effect&quot;:&quot;fade&quot;,&quot;autoplay&quot;:&quot;yes&quot;,&quot;pause_on_hover&quot;:&quot;yes&quot;,&quot;pause_on_interaction&quot;:&quot;yes&quot;,&quot;autoplay_speed&quot;:5000,&quot;infinite&quot;:&quot;yes&quot;,&quot;speed&quot;:500}\" data-widget_type=\"image-carousel.default\">\n\t\t\t\t\t\t\t<div class=\"elementor-image-carousel-wrapper swiper\" role=\"region\" aria-roledescription=\"carousel\" aria-label=\"Carrusel de im\u00e1genes\" dir=\"ltr\">\n\t\t\t<div class=\"elementor-image-carousel swiper-wrapper\" aria-live=\"off\">\n\t\t\t\t\t\t\t\t<div class=\"swiper-slide\" role=\"group\" aria-roledescription=\"slide\" aria-label=\"1 de 12\"><a data-elementor-open-lightbox=\"yes\" data-elementor-lightbox-slideshow=\"2930ad8\" data-e-action-hash=\"#elementor-action%3Aaction%3Dlightbox%26settings%3DeyJpZCI6MjIxNCwidXJsIjoiaHR0cHM6XC9cL2NsYXNjbGFzLmNvbVwvd3AtY29udGVudFwvdXBsb2Fkc1wvMjAyNlwvMDNcLzBfcG9ydGFkYS13ZWItc2NhbGVkLnBuZyIsInNsaWRlc2hvdyI6IjI5MzBhZDgifQ%3D%3D\" href=\"https:\/\/clasclas.com\/wp-content\/uploads\/2026\/03\/0_portada-web-scaled.png\"><figure class=\"swiper-slide-inner\"><img decoding=\"async\" class=\"swiper-slide-image\" src=\"https:\/\/clasclas.com\/wp-content\/uploads\/2026\/03\/0_portada-web-scaled.png\" alt=\"0_portada web\" \/><\/figure><\/a><\/div><div class=\"swiper-slide\" role=\"group\" aria-roledescription=\"slide\" aria-label=\"2 de 12\"><a data-elementor-open-lightbox=\"yes\" data-elementor-lightbox-slideshow=\"2930ad8\" data-e-action-hash=\"#elementor-action%3Aaction%3Dlightbox%26settings%3DeyJpZCI6MjQyNCwidXJsIjoiaHR0cHM6XC9cL2NsYXNjbGFzLmNvbVwvd3AtY29udGVudFwvdXBsb2Fkc1wvMjAyNlwvMDNcLzFfT1NHX0NPUk8tMS1zY2FsZWQuanBnIiwic2xpZGVzaG93IjoiMjkzMGFkOCJ9\" href=\"https:\/\/clasclas.com\/wp-content\/uploads\/2026\/03\/1_OSG_CORO-1-scaled.jpg\"><figure class=\"swiper-slide-inner\"><img decoding=\"async\" class=\"swiper-slide-image\" src=\"https:\/\/clasclas.com\/wp-content\/uploads\/2026\/03\/1_OSG_CORO-1-scaled.jpg\" alt=\"1_OSG_CORO\" \/><\/figure><\/a><\/div><div class=\"swiper-slide\" role=\"group\" aria-roledescription=\"slide\" aria-label=\"3 de 12\"><a data-elementor-open-lightbox=\"yes\" data-elementor-lightbox-slideshow=\"2930ad8\" data-e-action-hash=\"#elementor-action%3Aaction%3Dlightbox%26settings%3DeyJpZCI6MjI2NywidXJsIjoiaHR0cHM6XC9cL2NsYXNjbGFzLmNvbVwvd3AtY29udGVudFwvdXBsb2Fkc1wvMjAyNlwvMDNcLzJfQmFtYnVFbnNlbWJsZS0xLXNjYWxlZC5qcGciLCJzbGlkZXNob3ciOiIyOTMwYWQ4In0%3D\" href=\"https:\/\/clasclas.com\/wp-content\/uploads\/2026\/03\/2_BambuEnsemble-1-scaled.jpg\"><figure class=\"swiper-slide-inner\"><img decoding=\"async\" class=\"swiper-slide-image\" src=\"https:\/\/clasclas.com\/wp-content\/uploads\/2026\/03\/2_BambuEnsemble-1-scaled.jpg\" alt=\"2_BambuEnsemble\" \/><\/figure><\/a><\/div><div class=\"swiper-slide\" role=\"group\" aria-roledescription=\"slide\" aria-label=\"4 de 12\"><a data-elementor-open-lightbox=\"yes\" data-elementor-lightbox-slideshow=\"2930ad8\" data-e-action-hash=\"#elementor-action%3Aaction%3Dlightbox%26settings%3DeyJpZCI6MjQyNSwidXJsIjoiaHR0cHM6XC9cL2NsYXNjbGFzLmNvbVwvd3AtY29udGVudFwvdXBsb2Fkc1wvMjAyNlwvMDNcLzNfVGhlTmV3QmFjaFRyaW8tMS1zY2FsZWQuanBnIiwic2xpZGVzaG93IjoiMjkzMGFkOCJ9\" href=\"https:\/\/clasclas.com\/wp-content\/uploads\/2026\/03\/3_TheNewBachTrio-1-scaled.jpg\"><figure class=\"swiper-slide-inner\"><img decoding=\"async\" class=\"swiper-slide-image\" src=\"https:\/\/clasclas.com\/wp-content\/uploads\/2026\/03\/3_TheNewBachTrio-1-scaled.jpg\" alt=\"3_TheNewBachTrio\" \/><\/figure><\/a><\/div><div class=\"swiper-slide\" role=\"group\" aria-roledescription=\"slide\" aria-label=\"5 de 12\"><a data-elementor-open-lightbox=\"yes\" data-elementor-lightbox-slideshow=\"2930ad8\" data-e-action-hash=\"#elementor-action%3Aaction%3Dlightbox%26settings%3DeyJpZCI6MjM3OSwidXJsIjoiaHR0cHM6XC9cL2NsYXNjbGFzLmNvbVwvd3AtY29udGVudFwvdXBsb2Fkc1wvMjAyNlwvMDNcLzhfVGhlVGVycmFTdHJpbmdRdWFydGV0X09za2FyLUVzcGluYV9tYXRpbmVlLXNjYWxlZC5qcGciLCJzbGlkZXNob3ciOiIyOTMwYWQ4In0%3D\" href=\"https:\/\/clasclas.com\/wp-content\/uploads\/2026\/03\/8_TheTerraStringQuartet_Oskar-Espina_matinee-scaled.jpg\"><figure class=\"swiper-slide-inner\"><img decoding=\"async\" class=\"swiper-slide-image\" src=\"https:\/\/clasclas.com\/wp-content\/uploads\/2026\/03\/8_TheTerraStringQuartet_Oskar-Espina_matinee-scaled.jpg\" alt=\"8_TheTerraStringQuartet_Oskar Espina_matinee\" \/><\/figure><\/a><\/div><div class=\"swiper-slide\" role=\"group\" aria-roledescription=\"slide\" aria-label=\"6 de 12\"><a data-elementor-open-lightbox=\"yes\" data-elementor-lightbox-slideshow=\"2930ad8\" data-e-action-hash=\"#elementor-action%3Aaction%3Dlightbox%26settings%3DeyJpZCI6MjMzMSwidXJsIjoiaHR0cHM6XC9cL2NsYXNjbGFzLmNvbVwvd3AtY29udGVudFwvdXBsb2Fkc1wvMjAyNlwvMDNcLzVfRGF2aXQtS2hyaWt1bGktMS1zY2FsZWQuanBnIiwic2xpZGVzaG93IjoiMjkzMGFkOCJ9\" href=\"https:\/\/clasclas.com\/wp-content\/uploads\/2026\/03\/5_Davit-Khrikuli-1-scaled.jpg\"><figure class=\"swiper-slide-inner\"><img decoding=\"async\" class=\"swiper-slide-image\" src=\"https:\/\/clasclas.com\/wp-content\/uploads\/2026\/03\/5_Davit-Khrikuli-1-scaled.jpg\" alt=\"5_Davit Khrikuli\" \/><\/figure><\/a><\/div><div class=\"swiper-slide\" role=\"group\" aria-roledescription=\"slide\" aria-label=\"7 de 12\"><a data-elementor-open-lightbox=\"yes\" data-elementor-lightbox-slideshow=\"2930ad8\" data-e-action-hash=\"#elementor-action%3Aaction%3Dlightbox%26settings%3DeyJpZCI6MjM1MCwidXJsIjoiaHR0cHM6XC9cL2NsYXNjbGFzLmNvbVwvd3AtY29udGVudFwvdXBsb2Fkc1wvMjAyNlwvMDNcLzZfQmVsbGEtQWRhbW92YV9NaWNoYWVsLUdlZXMtMS1zY2FsZWQuanBnIiwic2xpZGVzaG93IjoiMjkzMGFkOCJ9\" href=\"https:\/\/clasclas.com\/wp-content\/uploads\/2026\/03\/6_Bella-Adamova_Michael-Gees-1-scaled.jpg\"><figure class=\"swiper-slide-inner\"><img decoding=\"async\" class=\"swiper-slide-image\" src=\"https:\/\/clasclas.com\/wp-content\/uploads\/2026\/03\/6_Bella-Adamova_Michael-Gees-1-scaled.jpg\" alt=\"6_Bella Adamova_Michael Gees\" \/><\/figure><\/a><\/div><div class=\"swiper-slide\" role=\"group\" aria-roledescription=\"slide\" aria-label=\"8 de 12\"><a data-elementor-open-lightbox=\"yes\" data-elementor-lightbox-slideshow=\"2930ad8\" data-e-action-hash=\"#elementor-action%3Aaction%3Dlightbox%26settings%3DeyJpZCI6MjQyNiwidXJsIjoiaHR0cHM6XC9cL2NsYXNjbGFzLmNvbVwvd3AtY29udGVudFwvdXBsb2Fkc1wvMjAyNlwvMDNcLzdfb3NnLWNsYXVzdXJhLXNjYWxlZC5qcGciLCJzbGlkZXNob3ciOiIyOTMwYWQ4In0%3D\" href=\"https:\/\/clasclas.com\/wp-content\/uploads\/2026\/03\/7_osg-clausura-scaled.jpg\"><figure class=\"swiper-slide-inner\"><img decoding=\"async\" class=\"swiper-slide-image\" src=\"https:\/\/clasclas.com\/wp-content\/uploads\/2026\/03\/7_osg-clausura-scaled.jpg\" alt=\"7_osg clausura\" \/><\/figure><\/a><\/div><div class=\"swiper-slide\" role=\"group\" aria-roledescription=\"slide\" aria-label=\"9 de 12\"><a data-elementor-open-lightbox=\"yes\" data-elementor-lightbox-slideshow=\"2930ad8\" data-e-action-hash=\"#elementor-action%3Aaction%3Dlightbox%26settings%3DeyJpZCI6MjMxMCwidXJsIjoiaHR0cHM6XC9cL2NsYXNjbGFzLmNvbVwvd3AtY29udGVudFwvdXBsb2Fkc1wvMjAyNlwvMDNcLzRfVGhlVGVycmFTdHJpbmdRdWFydGV0X09za2FyLUVzcGluYS1zY2FsZWQuanBnIiwic2xpZGVzaG93IjoiMjkzMGFkOCJ9\" href=\"https:\/\/clasclas.com\/wp-content\/uploads\/2026\/03\/4_TheTerraStringQuartet_Oskar-Espina-scaled.jpg\"><figure class=\"swiper-slide-inner\"><img decoding=\"async\" class=\"swiper-slide-image\" src=\"https:\/\/clasclas.com\/wp-content\/uploads\/2026\/03\/4_TheTerraStringQuartet_Oskar-Espina-scaled.jpg\" alt=\"4_TheTerraStringQuartet_Oskar Espina\" \/><\/figure><\/a><\/div><div class=\"swiper-slide\" role=\"group\" aria-roledescription=\"slide\" aria-label=\"10 de 12\"><a data-elementor-open-lightbox=\"yes\" data-elementor-lightbox-slideshow=\"2930ad8\" data-e-action-hash=\"#elementor-action%3Aaction%3Dlightbox%26settings%3DeyJpZCI6MjQyNywidXJsIjoiaHR0cHM6XC9cL2NsYXNjbGFzLmNvbVwvd3AtY29udGVudFwvdXBsb2Fkc1wvMjAyNlwvMDNcLzlfQWxmb25zb0FndWlycmVfbWF0aW5lZS1zY2FsZWQuanBnIiwic2xpZGVzaG93IjoiMjkzMGFkOCJ9\" href=\"https:\/\/clasclas.com\/wp-content\/uploads\/2026\/03\/9_AlfonsoAguirre_matinee-scaled.jpg\"><figure class=\"swiper-slide-inner\"><img decoding=\"async\" class=\"swiper-slide-image\" src=\"https:\/\/clasclas.com\/wp-content\/uploads\/2026\/03\/9_AlfonsoAguirre_matinee-scaled.jpg\" alt=\"9_AlfonsoAguirre_matinee\" \/><\/figure><\/a><\/div><div class=\"swiper-slide\" role=\"group\" aria-roledescription=\"slide\" aria-label=\"11 de 12\"><a data-elementor-open-lightbox=\"yes\" data-elementor-lightbox-slideshow=\"2930ad8\" data-e-action-hash=\"#elementor-action%3Aaction%3Dlightbox%26settings%3DeyJpZCI6MjQyOCwidXJsIjoiaHR0cHM6XC9cL2NsYXNjbGFzLmNvbVwvd3AtY29udGVudFwvdXBsb2Fkc1wvMjAyNlwvMDNcLzEwX05vZWxpYS1Sb2RpbGVzX21hdGluZWUtc2NhbGVkLmpwZyIsInNsaWRlc2hvdyI6IjI5MzBhZDgifQ%3D%3D\" href=\"https:\/\/clasclas.com\/wp-content\/uploads\/2026\/03\/10_Noelia-Rodiles_matinee-scaled.jpg\"><figure class=\"swiper-slide-inner\"><img decoding=\"async\" class=\"swiper-slide-image\" src=\"https:\/\/clasclas.com\/wp-content\/uploads\/2026\/03\/10_Noelia-Rodiles_matinee-scaled.jpg\" alt=\"10_Noelia Rodiles_matinee\" \/><\/figure><\/a><\/div><div class=\"swiper-slide\" role=\"group\" aria-roledescription=\"slide\" aria-label=\"12 de 12\"><a data-elementor-open-lightbox=\"yes\" data-elementor-lightbox-slideshow=\"2930ad8\" data-e-action-hash=\"#elementor-action%3Aaction%3Dlightbox%26settings%3DeyJpZCI6MjQyOSwidXJsIjoiaHR0cHM6XC9cL2NsYXNjbGFzLmNvbVwvd3AtY29udGVudFwvdXBsb2Fkc1wvMjAyNlwvMDNcLzExX1pvYXJfbWF0aW5lZS1zY2FsZWQuanBnIiwic2xpZGVzaG93IjoiMjkzMGFkOCJ9\" href=\"https:\/\/clasclas.com\/wp-content\/uploads\/2026\/03\/11_Zoar_matinee-scaled.jpg\"><figure class=\"swiper-slide-inner\"><img decoding=\"async\" class=\"swiper-slide-image\" src=\"https:\/\/clasclas.com\/wp-content\/uploads\/2026\/03\/11_Zoar_matinee-scaled.jpg\" alt=\"11_Zoar_matinee\" \/><\/figure><\/a><\/div>\t\t\t<\/div>\n\t\t\t\t\t\t\t\n\t\t\t\t\t\t\t\t\t<\/div>\n\t\t\t\t\t\t<\/div>\n\t\t\t\t\t<\/div>\n\t\t\t\t<\/div>\n\t\t<div class=\"elementor-element elementor-element-154c6d02 container-padding e-flex e-con-boxed e-con e-parent\" data-id=\"154c6d02\" data-element_type=\"container\">\n\t\t\t\t\t<div class=\"e-con-inner\">\n\t\t\t\t<div class=\"elementor-element elementor-element-9afd53e elementor-align-justify btn-big elementor-widget elementor-widget-button\" data-id=\"9afd53e\" data-element_type=\"widget\" data-widget_type=\"button.default\">\n\t\t\t\t\t\t\t\t\t\t<a class=\"elementor-button elementor-button-link elementor-size-sm\" href=\"https:\/\/clasclas.com\/gl\/entradas\/\">\n\t\t\t\t\t\t<span class=\"elementor-button-content-wrapper\">\n\t\t\t\t\t\t\t\t\t<span class=\"elementor-button-text\">Entradas<\/span>\n\t\t\t\t\t<\/span>\n\t\t\t\t\t<\/a>\n\t\t\t\t\t\t\t\t<\/div>\n\t\t\t\t\t<\/div>\n\t\t\t\t<\/div>\n\t\t<div class=\"elementor-element elementor-element-29aa780 e-grid home_cards container-padding e-con-boxed e-con e-parent\" data-id=\"29aa780\" data-element_type=\"container\" data-settings=\"{&quot;background_background&quot;:&quot;classic&quot;}\">\n\t\t\t\t\t<div class=\"e-con-inner\">\n\t\t<div class=\"elementor-element elementor-element-1b67804 e-con-full e-flex e-con e-child\" data-id=\"1b67804\" data-element_type=\"container\">\n\t\t\t\t<div class=\"elementor-element elementor-element-83f7328 elementor-position-top elementor-widget elementor-widget-image-box\" data-id=\"83f7328\" data-element_type=\"widget\" data-widget_type=\"image-box.default\">\n\t\t\t\t\t<div class=\"elementor-image-box-wrapper\"><figure class=\"elementor-image-box-img\"><a href=\"https:\/\/clasclas.com\/gl\/edicion-2025\/\" tabindex=\"-1\"><img fetchpriority=\"high\" decoding=\"async\" width=\"683\" height=\"450\" src=\"https:\/\/clasclas.com\/wp-content\/uploads\/2026\/03\/MINIATURA-EDICION26.png\" class=\"attachment-full size-full wp-image-2218\" alt=\"\" srcset=\"https:\/\/clasclas.com\/wp-content\/uploads\/2026\/03\/MINIATURA-EDICION26.png 683w, https:\/\/clasclas.com\/wp-content\/uploads\/2026\/03\/MINIATURA-EDICION26-300x198.png 300w\" sizes=\"(max-width: 683px) 100vw, 683px\" \/><\/a><\/figure><div class=\"elementor-image-box-content\"><span class=\"elementor-image-box-title\"><a href=\"https:\/\/clasclas.com\/gl\/edicion-2025\/\">Edici\u00f3n 2026 <span style=\"color:var(--e-global-color-accent)\">&gt;<\/span><\/a><\/span><\/div><\/div>\t\t\t\t<\/div>\n\t\t\t\t<\/div>\n\t\t<div class=\"elementor-element elementor-element-71b8b17 e-con-full e-flex e-con e-child\" data-id=\"71b8b17\" data-element_type=\"container\">\n\t\t\t\t<div class=\"elementor-element elementor-element-51bd80b elementor-position-top elementor-widget elementor-widget-image-box\" data-id=\"51bd80b\" data-element_type=\"widget\" data-widget_type=\"image-box.default\">\n\t\t\t\t\t<div class=\"elementor-image-box-wrapper\"><figure class=\"elementor-image-box-img\"><a href=\"https:\/\/clasclas.com\/gl\/saludo-del-alcalde\/\" tabindex=\"-1\"><img decoding=\"async\" width=\"683\" height=\"450\" src=\"https:\/\/clasclas.com\/wp-content\/uploads\/2026\/03\/MINIATURA_ALCALDE.png\" class=\"attachment-full size-full wp-image-2219\" alt=\"\" srcset=\"https:\/\/clasclas.com\/wp-content\/uploads\/2026\/03\/MINIATURA_ALCALDE.png 683w, https:\/\/clasclas.com\/wp-content\/uploads\/2026\/03\/MINIATURA_ALCALDE-300x198.png 300w\" sizes=\"(max-width: 683px) 100vw, 683px\" \/><\/a><\/figure><div class=\"elementor-image-box-content\"><span class=\"elementor-image-box-title\"><a href=\"https:\/\/clasclas.com\/gl\/saludo-del-alcalde\/\">Sa\u00fado do alcalde <span style=\"color:var(--e-global-color-accent)\">&gt;<\/span><\/a><\/span><\/div><\/div>\t\t\t\t<\/div>\n\t\t\t\t<\/div>\n\t\t<div class=\"elementor-element elementor-element-0572820 e-con-full e-flex e-con e-child\" data-id=\"0572820\" data-element_type=\"container\">\n\t\t\t\t<div class=\"elementor-element elementor-element-c09bd71 elementor-position-top elementor-widget elementor-widget-image-box\" data-id=\"c09bd71\" data-element_type=\"widget\" data-widget_type=\"image-box.default\">\n\t\t\t\t\t<div class=\"elementor-image-box-wrapper\"><figure class=\"elementor-image-box-img\"><a href=\"https:\/\/clasclas.com\/gl\/artistas-2025\/\" tabindex=\"-1\"><img decoding=\"async\" width=\"683\" height=\"450\" src=\"https:\/\/clasclas.com\/wp-content\/uploads\/2026\/03\/MINIATURA_ARTISTAS.png\" class=\"attachment-full size-full wp-image-2220\" alt=\"\" srcset=\"https:\/\/clasclas.com\/wp-content\/uploads\/2026\/03\/MINIATURA_ARTISTAS.png 683w, https:\/\/clasclas.com\/wp-content\/uploads\/2026\/03\/MINIATURA_ARTISTAS-300x198.png 300w\" sizes=\"(max-width: 683px) 100vw, 683px\" \/><\/a><\/figure><div class=\"elementor-image-box-content\"><span class=\"elementor-image-box-title\"><a href=\"https:\/\/clasclas.com\/gl\/artistas-2025\/\">Artistas 2026 <span style=\"color:var(--e-global-color-accent)\">&gt;<\/span><\/a><\/span><\/div><\/div>\t\t\t\t<\/div>\n\t\t\t\t<\/div>\n\t\t<div class=\"elementor-element elementor-element-cf54508 e-con-full e-flex e-con e-child\" data-id=\"cf54508\" data-element_type=\"container\">\n\t\t\t\t<div class=\"elementor-element elementor-element-6b1886f elementor-position-top elementor-widget elementor-widget-image-box\" data-id=\"6b1886f\" data-element_type=\"widget\" data-widget_type=\"image-box.default\">\n\t\t\t\t\t<div class=\"elementor-image-box-wrapper\"><figure class=\"elementor-image-box-img\"><a href=\"https:\/\/clasclas.com\/gl\/ediciones-anteriores\/\" tabindex=\"-1\"><img loading=\"lazy\" decoding=\"async\" width=\"683\" height=\"450\" src=\"https:\/\/clasclas.com\/wp-content\/uploads\/2026\/03\/MINIATURA_EDICIONS_GAL.png\" class=\"attachment-full size-full wp-image-2221\" alt=\"\" srcset=\"https:\/\/clasclas.com\/wp-content\/uploads\/2026\/03\/MINIATURA_EDICIONS_GAL.png 683w, https:\/\/clasclas.com\/wp-content\/uploads\/2026\/03\/MINIATURA_EDICIONS_GAL-300x198.png 300w\" sizes=\"(max-width: 683px) 100vw, 683px\" \/><\/a><\/figure><div class=\"elementor-image-box-content\"><span class=\"elementor-image-box-title\"><a href=\"https:\/\/clasclas.com\/gl\/ediciones-anteriores\/\">Edici\u00f3ns anteriores <span style=\"color:var(--e-global-color-accent)\">&gt;<\/span><\/a><\/span><\/div><\/div>\t\t\t\t<\/div>\n\t\t\t\t<\/div>\n\t\t<div class=\"elementor-element elementor-element-b604f05 e-con-full e-flex e-con e-child\" data-id=\"b604f05\" data-element_type=\"container\">\n\t\t\t\t<div class=\"elementor-element elementor-element-1d1c5e3 elementor-position-top elementor-widget elementor-widget-image-box\" data-id=\"1d1c5e3\" data-element_type=\"widget\" data-widget_type=\"image-box.default\">\n\t\t\t\t\t<div class=\"elementor-image-box-wrapper\"><figure class=\"elementor-image-box-img\"><a href=\"https:\/\/clasclas.com\/gl\/prensa\/\" tabindex=\"-1\"><img loading=\"lazy\" decoding=\"async\" width=\"683\" height=\"450\" src=\"https:\/\/clasclas.com\/wp-content\/uploads\/2026\/03\/MINIATURA_PRENSA.png\" class=\"attachment-full size-full wp-image-2222\" alt=\"\" srcset=\"https:\/\/clasclas.com\/wp-content\/uploads\/2026\/03\/MINIATURA_PRENSA.png 683w, https:\/\/clasclas.com\/wp-content\/uploads\/2026\/03\/MINIATURA_PRENSA-300x198.png 300w\" sizes=\"(max-width: 683px) 100vw, 683px\" \/><\/a><\/figure><div class=\"elementor-image-box-content\"><span class=\"elementor-image-box-title\"><a href=\"https:\/\/clasclas.com\/gl\/prensa\/\">Prensa <span style=\"color:var(--e-global-color-accent)\">&gt;<\/span><\/a><\/span><\/div><\/div>\t\t\t\t<\/div>\n\t\t\t\t<\/div>\n\t\t<div class=\"elementor-element elementor-element-489ab32 e-con-full e-flex e-con e-child\" data-id=\"489ab32\" data-element_type=\"container\">\n\t\t\t\t<div class=\"elementor-element elementor-element-ee72e49 elementor-widget elementor-widget-html\" data-id=\"ee72e49\" data-element_type=\"widget\" data-widget_type=\"html.default\">\n\t\t\t\t\t<iframe width=\"568\" height=\"368\" src=\"https:\/\/www.youtube.com\/embed\/5TjHyaQ72Bo?si=D-AkEBBNR2s1Ork9\" title=\"Reprodutor de v\u00eddeo de YouTube\" frameborder=\"0\" allow=\"accelerometer; autoplay; clipboard-write; encrypted-media; gyroscope; picture-in-picture; web-share\" referrerpolicy=\"strict-origin-when-cross-origin\" allowfullscreen=\"\"><\/iframe>\t\t\t\t<\/div>\n\t\t\t\t<div class=\"elementor-element elementor-element-b16b734 elementor-widget elementor-widget-heading\" data-id=\"b16b734\" data-element_type=\"widget\" data-widget_type=\"heading.default\">\n\t\t\t\t\t<h3 class=\"elementor-heading-title elementor-size-default\"><a href=\"https:\/\/youtu.be\/5TjHyaQ72Bo?si=D-AkEBBNR2s1Ork9\" target=\"_blank\">Novos v\u00eddeos na nosa canle <span style=\"color:var(--e-global-color-accent)\">&gt;<\/span><\/a><\/h3>\t\t\t\t<\/div>\n\t\t\t\t<\/div>\n\t\t<div class=\"elementor-element elementor-element-9d0ad9c e-con-full e-flex e-con e-child\" data-id=\"9d0ad9c\" data-element_type=\"container\">\n\t\t\t\t<div class=\"elementor-element elementor-element-48c7ab6 elementor-position-top elementor-widget elementor-widget-image-box\" data-id=\"48c7ab6\" data-element_type=\"widget\" data-widget_type=\"image-box.default\">\n\t\t\t\t\t<div class=\"elementor-image-box-wrapper\"><figure class=\"elementor-image-box-img\"><a href=\"https:\/\/clasclas.com\/gl\/vilagarcia\/\" tabindex=\"-1\"><img loading=\"lazy\" decoding=\"async\" width=\"683\" height=\"450\" src=\"https:\/\/clasclas.com\/wp-content\/uploads\/2025\/12\/92c6b9_48254fc5ddcc4288b148cc606c9d9f9cmv2.jpg\" class=\"attachment-full size-full wp-image-1589\" alt=\"\" srcset=\"https:\/\/clasclas.com\/wp-content\/uploads\/2025\/12\/92c6b9_48254fc5ddcc4288b148cc606c9d9f9cmv2.jpg 683w, https:\/\/clasclas.com\/wp-content\/uploads\/2025\/12\/92c6b9_48254fc5ddcc4288b148cc606c9d9f9cmv2-300x198.jpg 300w\" sizes=\"(max-width: 683px) 100vw, 683px\" \/><\/a><\/figure><div class=\"elementor-image-box-content\"><span class=\"elementor-image-box-title\"><a href=\"https:\/\/clasclas.com\/gl\/vilagarcia\/\">Vilagarc\u00eda <span style=\"color:var(--e-global-color-accent)\">&gt;<\/span><\/a><\/span><\/div><\/div>\t\t\t\t<\/div>\n\t\t\t\t<\/div>\n\t\t\t\t\t<\/div>\n\t\t\t\t<\/div>\n\t\t\t\t<\/div>\n\t\t","protected":false},"excerpt":{"rendered":"<p>Entradas Edici\u00f3n 2026 &gt; Sa\u00fado do alcalde &gt; Artistas 2026 &gt; Edici\u00f3ns anteriores &gt; Prensa &gt; Novos v\u00eddeos na nosa canle &gt; Vilagarc\u00eda &gt;<\/p>\n","protected":false},"author":1,"featured_media":0,"parent":0,"menu_order":0,"comment_status":"closed","ping_status":"closed","template":"elementor_header_footer","meta":{"inline_featured_image":false,"footnotes":""},"class_list":["post-1570","page","type-page","status-publish","hentry"],"_links":{"self":[{"href":"https:\/\/clasclas.com\/gl\/wp-json\/wp\/v2\/pages\/1570","targetHints":{"allow":["GET"]}}],"collection":[{"href":"https:\/\/clasclas.com\/gl\/wp-json\/wp\/v2\/pages"}],"about":[{"href":"https:\/\/clasclas.com\/gl\/wp-json\/wp\/v2\/types\/page"}],"author":[{"embeddable":true,"href":"https:\/\/clasclas.com\/gl\/wp-json\/wp\/v2\/users\/1"}],"replies":[{"embeddable":true,"href":"https:\/\/clasclas.com\/gl\/wp-json\/wp\/v2\/comments?post=1570"}],"version-history":[{"count":8,"href":"https:\/\/clasclas.com\/gl\/wp-json\/wp\/v2\/pages\/1570\/revisions"}],"predecessor-version":[{"id":2672,"href":"https:\/\/clasclas.com\/gl\/wp-json\/wp\/v2\/pages\/1570\/revisions\/2672"}],"wp:attachment":[{"href":"https:\/\/clasclas.com\/gl\/wp-json\/wp\/v2\/media?parent=1570"}],"curies":[{"name":"wp","href":"https:\/\/api.w.org\/{rel}","templated":true}]}}